{"id":1462,"date":"2020-12-21T00:15:29","date_gmt":"2020-12-20T23:15:29","guid":{"rendered":"https:\/\/www.easylog.com\/pruebalo-2\/"},"modified":"2021-05-04T21:37:54","modified_gmt":"2021-05-04T20:37:54","slug":"pruebalo-2","status":"publish","type":"page","link":"https:\/\/www.easylog.com\/es\/pruebalo-2\/","title":{"rendered":"Pru\u00e9balo"},"content":{"rendered":"<div class=\"fl-builder-content fl-builder-content-1462 fl-builder-global-templates-locked\" data-post-id=\"1462\"><div class=\"fl-row fl-row-fixed-width fl-row-bg-none fl-node-5fdfcf54051bb\" data-node=\"5fdfcf54051bb\">\n\t<div class=\"fl-row-content-wrap\">\n\t\t\t\t\t\t<div class=\"fl-row-content fl-row-fixed-width fl-node-content\">\n\t\t\n<div class=\"fl-col-group fl-node-5fdfcf5407668\" data-node=\"5fdfcf5407668\">\n\t\t\t<div class=\"fl-col fl-node-5fdfcf5407882\" data-node=\"5fdfcf5407882\">\n\t<div class=\"fl-col-content fl-node-content\">\n\t<div class=\"fl-module fl-module-heading fl-node-5fdfcf5404f68\" data-node=\"5fdfcf5404f68\">\n\t<div class=\"fl-module-content fl-node-content\">\n\t\t<h2 class=\"fl-heading\">\n\t\t<span class=\"fl-heading-text\">Pru\u00e9belo gratis durante 15 d\u00edas...<\/span>\n\t<\/h2>\n\t<\/div>\n<\/div>\n<div class=\"fl-module fl-module-button fl-node-5fdfcf9110891\" data-node=\"5fdfcf9110891\">\n\t<div class=\"fl-module-content fl-node-content\">\n\t\t<div class=\"fl-button-wrap fl-button-width-auto fl-button-center fl-button-has-icon\">\n\t\t\t<a href=\"https:\/\/www.easylog.com\/trial\/tryit_spa.php\" target=\"_self\" class=\"fl-button\" role=\"button\">\n\t\t\t\t\t<i class=\"fl-button-icon fl-button-icon-before fas fa-download\" aria-hidden=\"true\"><\/i>\n\t\t\t\t\t\t<span class=\"fl-button-text\">Desc\u00e1rgalo ahora<\/span>\n\t\t\t\t\t<\/a>\n<\/div>\n\t<\/div>\n<\/div>\n\t<\/div>\n<\/div>\n\t<\/div>\n\t\t<\/div>\n\t<\/div>\n<\/div>\n<\/div>","protected":false},"excerpt":{"rendered":"<p>Pru\u00e9belo gratis durante 15 d\u00edas&#8230; Desc\u00e1rgalo ahora<\/p>\n","protected":false},"author":1,"featured_media":0,"parent":0,"menu_order":0,"comment_status":"closed","ping_status":"closed","template":"","meta":{"om_disable_all_campaigns":false,"_monsterinsights_skip_tracking":false,"_monsterinsights_sitenote_active":false,"_monsterinsights_sitenote_note":"","_monsterinsights_sitenote_category":0},"aioseo_notices":[],"_links":{"self":[{"href":"https:\/\/www.easylog.com\/es\/wp-json\/wp\/v2\/pages\/1462"}],"collection":[{"href":"https:\/\/www.easylog.com\/es\/wp-json\/wp\/v2\/pages"}],"about":[{"href":"https:\/\/www.easylog.com\/es\/wp-json\/wp\/v2\/types\/page"}],"author":[{"embeddable":true,"href":"https:\/\/www.easylog.com\/es\/wp-json\/wp\/v2\/users\/1"}],"replies":[{"embeddable":true,"href":"https:\/\/www.easylog.com\/es\/wp-json\/wp\/v2\/comments?post=1462"}],"version-history":[{"count":1,"href":"https:\/\/www.easylog.com\/es\/wp-json\/wp\/v2\/pages\/1462\/revisions"}],"predecessor-version":[{"id":1871,"href":"https:\/\/www.easylog.com\/es\/wp-json\/wp\/v2\/pages\/1462\/revisions\/1871"}],"wp:attachment":[{"href":"https:\/\/www.easylog.com\/es\/wp-json\/wp\/v2\/media?parent=1462"}],"curies":[{"name":"wp","href":"https:\/\/api.w.org\/{rel}","templated":true}]}}