{"id":1741,"date":"2025-12-20T06:10:09","date_gmt":"2025-12-20T05:10:09","guid":{"rendered":"https:\/\/www.easylog.com\/custom-award-update-page-spa\/"},"modified":"2025-12-20T16:51:23","modified_gmt":"2025-12-20T15:51:23","slug":"custom-award-update-page-spa","status":"publish","type":"page","link":"https:\/\/www.easylog.com\/es\/custom-award-update-page-spa\/","title":{"rendered":"Custom Award Update Page (Spa)"},"content":{"rendered":"<div class=\"fl-builder-content fl-builder-content-1741 fl-builder-global-templates-locked\" data-post-id=\"1741\"><div class=\"fl-row fl-row-fixed-width fl-row-bg-none fl-node-6050a8e872d51\" data-node=\"6050a8e872d51\">\n\t<div class=\"fl-row-content-wrap\">\n\t\t\t\t\t\t<div class=\"fl-row-content fl-row-fixed-width fl-node-content\">\n\t\t\n<div class=\"fl-col-group fl-node-6050a8e872d53\" data-node=\"6050a8e872d53\">\n\t\t\t<div class=\"fl-col fl-node-6050a8e872d55\" data-node=\"6050a8e872d55\">\n\t<div class=\"fl-col-content fl-node-content\">\n\t\t<\/div>\n<\/div>\n\t<\/div>\n\t\t<\/div>\n\t<\/div>\n<\/div>\n<div class=\"fl-row fl-row-fixed-width fl-row-bg-none fl-node-6050a8e872d56\" data-node=\"6050a8e872d56\">\n\t<div class=\"fl-row-content-wrap\">\n\t\t\t\t\t\t<div class=\"fl-row-content fl-row-fixed-width fl-node-content\">\n\t\t\n<div class=\"fl-col-group fl-node-6050a8e872d57\" data-node=\"6050a8e872d57\">\n\t\t\t<div class=\"fl-col fl-node-6050a8e872d58\" data-node=\"6050a8e872d58\">\n\t<div class=\"fl-col-content fl-node-content\">\n\t<div class=\"fl-module fl-module-heading fl-node-6050a8e872d59\" data-node=\"6050a8e872d59\">\n\t<div class=\"fl-module-content fl-node-content\">\n\t\t<h2 class=\"fl-heading\">\n\t\t<span class=\"fl-heading-text\">Actualizaci\u00f3n de los Award personalizados<\/span>\n\t<\/h2>\n\t<\/div>\n<\/div>\n\t<\/div>\n<\/div>\n\t<\/div>\n\t\t<\/div>\n\t<\/div>\n<\/div>\n<div class=\"fl-row fl-row-fixed-width fl-row-bg-none fl-node-6050a8e872d62\" data-node=\"6050a8e872d62\">\n\t<div class=\"fl-row-content-wrap\">\n\t\t\t\t\t\t<div class=\"fl-row-content fl-row-fixed-width fl-node-content\">\n\t\t\n<div class=\"fl-col-group fl-node-6050a8e872d63\" data-node=\"6050a8e872d63\">\n\t\t\t<div class=\"fl-col fl-node-6050a8e872d64\" data-node=\"6050a8e872d64\">\n\t<div class=\"fl-col-content fl-node-content\">\n\t<div class=\"fl-module fl-module-rich-text fl-node-6050a8e872d65\" data-node=\"6050a8e872d65\">\n\t<div class=\"fl-module-content fl-node-content\">\n\t\t<div class=\"fl-rich-text\">\n\t<p>Este servicio permite descargar e instalar las \u00faltimas actualizaciones de los premios personalizados.<\/p>\n<\/div>\n\t<\/div>\n<\/div>\n\t<\/div>\n<\/div>\n\t<\/div>\n\t\t<\/div>\n\t<\/div>\n<\/div>\n<div class=\"fl-row fl-row-fixed-width fl-row-bg-none fl-node-6050cf096164c\" data-node=\"6050cf096164c\">\n\t<div class=\"fl-row-content-wrap\">\n\t\t\t\t\t\t<div class=\"fl-row-content fl-row-fixed-width fl-node-content\">\n\t\t\n<div class=\"fl-col-group fl-node-6050cf09616e1\" data-node=\"6050cf09616e1\">\n\t\t\t<div class=\"fl-col fl-node-6050cf09616e3\" data-node=\"6050cf09616e3\">\n\t<div class=\"fl-col-content fl-node-content\">\n\t<div class=\"fl-module fl-module-heading fl-node-6050cf09616e4\" data-node=\"6050cf09616e4\">\n\t<div class=\"fl-module-content fl-node-content\">\n\t\t<h1 class=\"fl-heading\">\n\t\t<span class=\"fl-heading-text\">Actualizaciones<\/span>\n\t<\/h1>\n\t<\/div>\n<\/div>\n\t<\/div>\n<\/div>\n\t<\/div>\n\t\t<\/div>\n\t<\/div>\n<\/div>\n<div class=\"fl-row fl-row-fixed-width fl-row-bg-none fl-node-6050c7499745a\" data-node=\"6050c7499745a\">\n\t<div class=\"fl-row-content-wrap\">\n\t\t\t\t\t\t<div class=\"fl-row-content fl-row-fixed-width fl-node-content\">\n\t\t\n<div class=\"fl-col-group fl-node-6050c74997440\" data-node=\"6050c74997440\">\n\t\t\t<div class=\"fl-col fl-node-6050c74997454 fl-col-small\" data-node=\"6050c74997454\">\n\t<div class=\"fl-col-content fl-node-content\">\n\t<div class=\"fl-module fl-module-callout fl-node-6050c7499744b fl-animation fl-bounce-left\" data-node=\"6050c7499744b\" data-animation-delay=\"0\" data-animation-duration=\"1\">\n\t<div class=\"fl-module-content fl-node-content\">\n\t\t<div class=\"fl-callout fl-callout-center fl-callout-has-icon fl-callout-icon-above-title\">\n\t\t<div class=\"fl-callout-content\">\n\t\t\t<span class=\"fl-icon\">\n\t\t\t\t<i class=\"far fa-eye\" aria-hidden=\"true\"><\/i>\n\t\t\t\t\t<\/span>\n\t<h3 class=\"fl-callout-title\"><span class=\"fl-callout-title-text\">Actualizaciones gratuitas<\/span><\/h3>\t\t<div class=\"fl-callout-text-wrap\">\n\t\t\t<div class=\"fl-callout-text\"><p><span style=\"font-size: 18px;\">Este servicio proporciona una actualizaci\u00f3n GRATUITA de los premios personalizados una vez al a\u00f1o. <\/span><\/p>\n<p><span style=\"font-size: 18px;\">Todos los usuarios pueden acceder a este servicio aunque su acceso al \u00c1rea Reservada a los Usuarios haya caducado.<\/span><\/p>\n<\/div>\t\t<\/div>\n\t<\/div>\n\t<\/div>\n\t<\/div>\n<\/div>\n\t<\/div>\n<\/div>\n\t\t\t<div class=\"fl-col fl-node-6050c9127d71d fl-col-small\" data-node=\"6050c9127d71d\">\n\t<div class=\"fl-col-content fl-node-content\">\n\t<div class=\"fl-module fl-module-callout fl-node-6050c90b9066d fl-animation fl-bounce-right\" data-node=\"6050c90b9066d\" data-animation-delay=\"0\" data-animation-duration=\"1\">\n\t<div class=\"fl-module-content fl-node-content\">\n\t\t<div class=\"fl-callout fl-callout-center fl-callout-has-icon fl-callout-icon-above-title\">\n\t\t<div class=\"fl-callout-content\">\n\t\t\t<span class=\"fl-icon\">\n\t\t\t\t<i class=\"far fa-eye\" aria-hidden=\"true\"><\/i>\n\t\t\t\t\t<\/span>\n\t<h3 class=\"fl-callout-title\"><span class=\"fl-callout-title-text\">Actualizaci\u00f3n continua<\/span><\/h3>\t\t<div class=\"fl-callout-text-wrap\">\n\t\t\t<div class=\"fl-callout-text\"><p><span style=\"font-size: 18px;\">Las actualizaciones peri\u00f3dicas de los premios personalizados estar\u00e1n disponibles en el \u00c1rea Reservada al Usuario tan pronto como se realicen cambios importantes. <\/span><\/p>\n<p><span style=\"font-size: 18px;\">Este servicio es para aquellos cuyo soporte y acceso al \u00c1rea Reservada al Usuario sigue activo.<\/span><\/p>\n<\/div>\t\t<\/div>\n\t<\/div>\n\t<\/div>\n\t<\/div>\n<\/div>\n\t<\/div>\n<\/div>\n\t<\/div>\n\t\t<\/div>\n\t<\/div>\n<\/div>\n<div class=\"fl-row fl-row-fixed-width fl-row-bg-none fl-node-6050a8e872d75\" data-node=\"6050a8e872d75\">\n\t<div class=\"fl-row-content-wrap\">\n\t\t\t\t\t\t<div class=\"fl-row-content fl-row-fixed-width fl-node-content\">\n\t\t\n<div class=\"fl-col-group fl-node-6050a8e872d76\" data-node=\"6050a8e872d76\">\n\t\t\t<div class=\"fl-col fl-node-6050a8e872d77\" data-node=\"6050a8e872d77\">\n\t<div class=\"fl-col-content fl-node-content\">\n\t\t<\/div>\n<\/div>\n\t<\/div>\n\t\t<\/div>\n\t<\/div>\n<\/div>\n<div class=\"fl-row fl-row-fixed-width fl-row-bg-none fl-node-6050c74997457\" data-node=\"6050c74997457\">\n\t<div class=\"fl-row-content-wrap\">\n\t\t\t\t\t\t<div class=\"fl-row-content fl-row-fixed-width fl-node-content\">\n\t\t\n<div class=\"fl-col-group fl-node-6050c74997452\" data-node=\"6050c74997452\">\n\t\t\t<div class=\"fl-col fl-node-6050c74997455\" data-node=\"6050c74997455\">\n\t<div class=\"fl-col-content fl-node-content\">\n\t<div class=\"fl-module fl-module-heading fl-node-6050c74997456\" data-node=\"6050c74997456\">\n\t<div class=\"fl-module-content fl-node-content\">\n\t\t<h1 class=\"fl-heading\">\n\t\t<span class=\"fl-heading-text\">Descargar e instalar<\/span>\n\t<\/h1>\n\t<\/div>\n<\/div>\n\t<\/div>\n<\/div>\n\t<\/div>\n\t\t<\/div>\n\t<\/div>\n<\/div>\n<div class=\"fl-row fl-row-fixed-width fl-row-bg-none fl-node-6050cf4226c17\" data-node=\"6050cf4226c17\">\n\t<div class=\"fl-row-content-wrap\">\n\t\t\t\t\t\t<div class=\"fl-row-content fl-row-fixed-width fl-node-content\">\n\t\t\n<div class=\"fl-col-group fl-node-6050cf4226d4f\" data-node=\"6050cf4226d4f\">\n\t\t\t<div class=\"fl-col fl-node-6050cf4226d50 fl-col-small\" data-node=\"6050cf4226d50\">\n\t<div class=\"fl-col-content fl-node-content\">\n\t<div class=\"fl-module fl-module-callout fl-node-6050cf4226d51 fl-animation fl-bounce-left\" data-node=\"6050cf4226d51\" data-animation-delay=\"0\" data-animation-duration=\"1\">\n\t<div class=\"fl-module-content fl-node-content\">\n\t\t<div class=\"fl-callout fl-callout-center fl-callout-has-icon fl-callout-icon-above-title\">\n\t\t<div class=\"fl-callout-content\">\n\t\t\t<span class=\"fl-icon\">\n\t\t\t\t<i class=\"far fa-file-download\" aria-hidden=\"true\"><\/i>\n\t\t\t\t\t<\/span>\n\t<h3 class=\"fl-callout-title\"><span class=\"fl-callout-title-text\">Desde agosto de 2013 NUEVA VERSI\u00d3N - Instalador autom\u00e1tico<\/span><\/h3>\t\t<div class=\"fl-callout-text-wrap\">\n\t\t\t<div class=\"fl-callout-text\"><p style=\"text-align: left;\"><span style=\"font-size: 18px;\">Este programa actualizador debe ser utilizado si usted est\u00e1 usando Windows 7-8-10 en 64 Bit. Microsoft cambi\u00f3 su motor de comandos de MS-DOS y la versi\u00f3n anterior de los premios personalizados a\u00fan no funciona.<\/span><\/p>\n<p style=\"text-align: left;\"><span style=\"font-size: 18px;\">Sin embargo, le sugerimos que utilice este actualizador de cualquier manera, ya que maneja todo el proceso autom\u00e1ticamente.<\/span><\/p>\n<p style=\"text-align: left;\"><span style=\"font-size: 18px;\">El nuevo instalador actualizar\u00e1 autom\u00e1ticamente los 142 Custom Awards:<\/span><\/p>\n<p style=\"text-align: left;\"><span style=\"font-size: 18px;\">Vea la lista actualizada incluida en el archivo CUSTOM.ZIP<\/span><\/p>\n<p style=\"text-align: left;\"><span style=\"font-size: 18px;\">Haga clic abajo para descargar el archivo CustomAward_Installer.exe archivo de instalaci\u00f3n autom\u00e1tica.<\/span><\/p>\n<p><span style=\"font-size: 18px;\"><a class=\"external text\" href=\"https:\/\/www.easylog.com\/CHECK\/CustomAward_Installer.EXE\" rel=\"nofollow\">descargar la \u00faltima actualizaci\u00f3n de Custom Awards<\/a><\/span><\/p>\n<\/div>\t\t<\/div>\n\t<\/div>\n\t<\/div>\n\t<\/div>\n<\/div>\n\t<\/div>\n<\/div>\n\t\t\t<div class=\"fl-col fl-node-6050cf4226d52 fl-col-small\" data-node=\"6050cf4226d52\">\n\t<div class=\"fl-col-content fl-node-content\">\n\t<div class=\"fl-module fl-module-callout fl-node-6050cf4226d53 fl-animation fl-bounce-right\" data-node=\"6050cf4226d53\" data-animation-delay=\"0\" data-animation-duration=\"1\">\n\t<div class=\"fl-module-content fl-node-content\">\n\t\t<div class=\"fl-callout fl-callout-center fl-callout-has-icon fl-callout-icon-above-title\">\n\t\t<div class=\"fl-callout-content\">\n\t\t\t<span class=\"fl-icon\">\n\t\t\t\t<i class=\"fal fa-file-download\" aria-hidden=\"true\"><\/i>\n\t\t\t\t\t<\/span>\n\t<h3 class=\"fl-callout-title\"><span class=\"fl-callout-title-text\">Actualizaci\u00f3n personalizada 1 de enero de 2026 - Instalador autom\u00e1tico<\/span><\/h3>\t\t<div class=\"fl-callout-text-wrap\">\n\t\t\t<div class=\"fl-callout-text\"><dl>\n<dd>\n<dl>\n<dd>\n<ul>\n<li style=\"text-align: left;\"><span style=\"font-size: 18px;\">13 personalizados actualizados est\u00e1n disponibles (versi\u00f3n 6.10 - comprobar el archivo) <a href=\"https:\/\/www.easylog.com\/CHECK\/customEN.pdf\">customEN.pdf<\/a><\/span><\/li>\n<\/ul>\n<\/dd>\n<\/dl>\n<\/dd>\n<\/dl>\n<p style=\"text-align: left;\"><span style=\"font-size: 18px;\">Haga clic abajo para descargar el archivo CustomAward_Installer.exe auto installer file.<\/span><\/p>\n<p style=\"text-align: left;\"><span style=\"font-size: 18px;\"><a class=\"external text\" href=\"https:\/\/www.easylog.com\/CHECK\/CustomAward_Installer.EXE\" rel=\"nofollow\">auto installer file<\/a><\/span><\/p>\n<p><span style=\"font-size: 18px;\">--<\/span><\/p>\n<dl>\n<dd>\n<dl>\n<dd>\n<ul>\n<li style=\"text-align: left;\"><span style=\"font-size: 18px;\">Haga clic en el siguiente enlace para descargar el archivo CUSTOM.ZIP<\/span><\/li>\n<\/ul>\n<\/dd>\n<\/dl>\n<\/dd>\n<\/dl>\n<dl>\n<dd>\n<dl>\n<dd>\n<dl>\n<dd><span style=\"font-size: 18px;\"><a class=\"external text\" href=\"https:\/\/www.easylog.com\/CHECK\/CustomAward_Installer.EXE\" rel=\"nofollow\">download the latest CUSTOM awards update<\/a><\/span><\/dd>\n<\/dl>\n<\/dd>\n<\/dl>\n<\/dd>\n<\/dl>\n<dl>\n<dd>\n<dl>\n<dd>\n<ul>\n<li style=\"text-align: left;\"><span style=\"font-size: 18px;\">Gu\u00e1rdelo en un directorio temporal y descompr\u00edmalo.<\/span><\/li>\n<\/ul>\n<\/dd>\n<\/dl>\n<\/dd>\n<\/dl>\n<dl>\n<dd>\n<dl>\n<dd>\n<ul>\n<li style=\"text-align: left;\"><span style=\"font-size: 18px;\">Copie todos los archivos ampliados de CUSTOM.ZIP en el directorio EL5AWARDS. Este directorio contiene todos los prototipos de premios personalizados que est\u00e1n disponibles para ser instalados en un Log.<\/span><\/li>\n<\/ul>\n<\/dd>\n<\/dl>\n<\/dd>\n<\/dl>\n<dl>\n<dd>\n<dl>\n<dd>\n<ul>\n<li style=\"text-align: left;\"><span style=\"font-size: 18px;\">Los premios personalizados que ya est\u00e1n en EL5AWARDS se sobreescribir\u00e1n con las nuevas versiones actualizadas que provienen del archivo CUSTOM.ZIP.<\/span><\/li>\n<\/ul>\n<\/dd>\n<\/dl>\n<\/dd>\n<\/dl>\n<dl>\n<dd>\n<dl>\n<dd>\n<ul>\n<li style=\"text-align: left;\"><span style=\"font-size: 18px;\">Dentro de CUSTOM.ZIP tambi\u00e9n encontrar\u00e1 un archivo PDF que contiene toda la lista detallada de los premios personalizados disponibles.<\/span><\/li>\n<\/ul>\n<\/dd>\n<\/dl>\n<dl><\/dl>\n<dl>\n<dd>\n<dl>\n<dd><\/dd>\n<\/dl>\n<\/dd>\n<\/dl>\n<\/dd>\n<\/dl>\n<\/div>\t\t<\/div>\n\t<\/div>\n\t<\/div>\n\t<\/div>\n<\/div>\n\t<\/div>\n<\/div>\n\t<\/div>\n\t\t<\/div>\n\t<\/div>\n<\/div>\n<div class=\"fl-row fl-row-fixed-width fl-row-bg-none fl-node-6050d8b2b0f30\" data-node=\"6050d8b2b0f30\">\n\t<div class=\"fl-row-content-wrap\">\n\t\t\t\t\t\t<div class=\"fl-row-content fl-row-fixed-width fl-node-content\">\n\t\t\n<div class=\"fl-col-group fl-node-6050d8b2b0f8d\" data-node=\"6050d8b2b0f8d\">\n\t\t\t<div class=\"fl-col fl-node-6050d8b2b0f8e\" data-node=\"6050d8b2b0f8e\">\n\t<div class=\"fl-col-content fl-node-content\">\n\t\t<\/div>\n<\/div>\n\t<\/div>\n\t\t<\/div>\n\t<\/div>\n<\/div>\n<div class=\"fl-row fl-row-fixed-width fl-row-bg-none fl-node-6050d0fca55e3\" data-node=\"6050d0fca55e3\">\n\t<div class=\"fl-row-content-wrap\">\n\t\t\t\t\t\t<div class=\"fl-row-content fl-row-fixed-width fl-node-content\">\n\t\t\n<div class=\"fl-col-group fl-node-6050d0fca56aa\" data-node=\"6050d0fca56aa\">\n\t\t\t<div class=\"fl-col fl-node-6050d0fca56ac\" data-node=\"6050d0fca56ac\">\n\t<div class=\"fl-col-content fl-node-content\">\n\t<div class=\"fl-module fl-module-heading fl-node-6050d0fca56ad\" data-node=\"6050d0fca56ad\">\n\t<div class=\"fl-module-content fl-node-content\">\n\t\t<h1 class=\"fl-heading\">\n\t\t<span class=\"fl-heading-text\">Utilidad<\/span>\n\t<\/h1>\n\t<\/div>\n<\/div>\n<div class=\"fl-module fl-module-callout fl-node-6050d1479ad2f fl-animation fl-bounce-up\" data-node=\"6050d1479ad2f\" data-animation-delay=\"0\" data-animation-duration=\"1\">\n\t<div class=\"fl-module-content fl-node-content\">\n\t\t<div class=\"fl-callout fl-callout-center fl-callout-has-icon fl-callout-icon-above-title\">\n\t\t<div class=\"fl-callout-content\">\n\t\t\t<span class=\"fl-icon\">\n\t\t\t\t<i class=\"dashicons dashicons-before dashicons-admin-network\" aria-hidden=\"true\"><\/i>\n\t\t\t\t\t<\/span>\n\t<h3 class=\"fl-callout-title\"><span class=\"fl-callout-title-text\">Antigua utilidad UPDATE.EXE (para 32 bits v\u00e1lida hasta 2008)<\/span><\/h3>\t\t<div class=\"fl-callout-text-wrap\">\n\t\t\t<div class=\"fl-callout-text\"><dl>\n<dd>\n<dl>\n<dd>\n<ul>\n<li style=\"text-align: left;\"><span style=\"font-size: 18px;\">Ahora puede descargar la utilidad de actualizaci\u00f3n de la l\u00ednea de comandos para actualizar los premios personalizados ya instalados en sus Registros. Esta utilidad le permite a\u00f1adir autom\u00e1ticamente nuevas referencias a los premios personalizados existentes e instalados sin necesidad de sustituir o sobrescribir la tabla de premios personalizados. Esto evita la p\u00e9rdida de datos (cr\u00e9ditos, asignaciones manuales...)<\/span><\/li>\n<\/ul>\n<\/dd>\n<\/dl>\n<\/dd>\n<\/dl>\n<dl>\n<dd>\n<dl>\n<dd>\n<dl>\n<dd><span style=\"font-size: 18px;\"><a class=\"external text\" href=\"https:\/\/www.easylog.com\/CHECK\/custom_update.zip\" rel=\"nofollow\">Descargar el actualizador de premios personalizados<\/a><\/span><\/dd>\n<\/dl>\n<\/dd>\n<\/dl>\n<\/dd>\n<\/dl>\n<dl>\n<dd>\n<dl>\n<dd>\n<ul>\n<li style=\"text-align: left;\"><span style=\"font-size: 18px;\">El archivo CUSTOM_UPDATE.ZIP contiene el archivo ejecutable de la utilidad y algunos archivos de texto de instrucciones:<\/span><br \/>\n<span style=\"font-size: 18px;\">update.exe (El archivo ejecutable de la utilidad)<\/span><br \/>\n<span style=\"font-size: 18px;\">updateEN.txt (Instrucciones de instalaci\u00f3n y uso en ingl\u00e9s)<\/span><br \/>\n<span style=\"font-size: 18px;\">updiota.exe (El archivo ejecutable de la utilidad)<\/span><br \/>\n<span style=\"font-size: 18px;\">updiotaEN.txt (Instrucciones de instalaci\u00f3n y uso en ingl\u00e9s)<\/span><\/li>\n<\/ul>\n<p>&nbsp;<\/p>\n<p><span style=\"font-size: 18px;\"><strong>Le sugerimos que imprima y lea detenidamente los archivos updateEN.txt y updiotaEN.txt antes de utilizar esta utilidad..<\/strong><\/span><\/dd>\n<\/dl>\n<\/dd>\n<\/dl>\n<dl>\n<dd>\n<dl>\n<dd><\/dd>\n<\/dl>\n<\/dd>\n<\/dl>\n<\/div>\t\t<\/div>\n\t<\/div>\n\t<\/div>\n\t<\/div>\n<\/div>\n\t<\/div>\n<\/div>\n\t<\/div>\n\t\t<\/div>\n\t<\/div>\n<\/div>\n<div class=\"fl-row fl-row-fixed-width fl-row-bg-none fl-node-6050a8e872d5e\" data-node=\"6050a8e872d5e\">\n\t<div class=\"fl-row-content-wrap\">\n\t\t\t\t\t\t<div class=\"fl-row-content fl-row-fixed-width fl-node-content\">\n\t\t\n<div class=\"fl-col-group fl-node-6050a8e872d5f\" data-node=\"6050a8e872d5f\">\n\t\t\t<div class=\"fl-col fl-node-6050a8e872d60\" data-node=\"6050a8e872d60\">\n\t<div class=\"fl-col-content fl-node-content\">\n\t<div class=\"fl-module fl-module-rich-text fl-node-6050a8e872d61\" data-node=\"6050a8e872d61\">\n\t<div class=\"fl-module-content fl-node-content\">\n\t\t<div class=\"fl-rich-text\">\n\t<\/div>\n\t<\/div>\n<\/div>\n\t<\/div>\n<\/div>\n\t<\/div>\n\t\t<\/div>\n\t<\/div>\n<\/div>\n<div class=\"fl-row fl-row-fixed-width fl-row-bg-none fl-node-6050a8e872d84\" data-node=\"6050a8e872d84\">\n\t<div class=\"fl-row-content-wrap\">\n\t\t\t\t\t\t<div class=\"fl-row-content fl-row-fixed-width fl-node-content\">\n\t\t\n<div class=\"fl-col-group fl-node-6050a8e872d85\" data-node=\"6050a8e872d85\">\n\t\t\t<div class=\"fl-col fl-node-6050a8e872d86\" data-node=\"6050a8e872d86\">\n\t<div class=\"fl-col-content fl-node-content\">\n\t<div class=\"fl-module fl-module-rich-text fl-node-6050a8e872d87\" data-node=\"6050a8e872d87\">\n\t<div class=\"fl-module-content fl-node-content\">\n\t\t<div class=\"fl-rich-text\">\n\t<\/div>\n\t<\/div>\n<\/div>\n<div class=\"fl-module fl-module-rich-text fl-node-6050a9d5ec1bd\" data-node=\"6050a9d5ec1bd\">\n\t<div class=\"fl-module-content fl-node-content\">\n\t\t<div class=\"fl-rich-text\">\n\t<\/div>\n\t<\/div>\n<\/div>\n\t<\/div>\n<\/div>\n\t<\/div>\n\t\t<\/div>\n\t<\/div>\n<\/div>\n<div class=\"fl-row fl-row-fixed-width fl-row-bg-none fl-node-6050a8e872da5\" data-node=\"6050a8e872da5\">\n\t<div class=\"fl-row-content-wrap\">\n\t\t\t\t\t\t<div class=\"fl-row-content fl-row-fixed-width fl-node-content\">\n\t\t\n<div class=\"fl-col-group fl-node-6050a8e872da6\" data-node=\"6050a8e872da6\">\n\t\t\t<div class=\"fl-col fl-node-6050a8e872da7\" data-node=\"6050a8e872da7\">\n\t<div class=\"fl-col-content fl-node-content\">\n\t\t<\/div>\n<\/div>\n\t<\/div>\n\t\t<\/div>\n\t<\/div>\n<\/div>\n<\/div>","protected":false},"excerpt":{"rendered":"<p>Actualizaci\u00f3n de los Award personalizados Este servicio permite descargar e instalar las \u00faltimas actualizaciones de los premios personalizados. Actualizaciones Actualizaciones gratuitas Este servicio proporciona una actualizaci\u00f3n GRATUITA de los premios personalizados una vez al a\u00f1o. Todos los usuarios pueden acceder a este servicio aunque su acceso al \u00c1rea Reservada a los Usuarios haya caducado. Actualizaci\u00f3n&hellip;<\/p>\n","protected":false},"author":5,"featured_media":0,"parent":0,"menu_order":0,"comment_status":"closed","ping_status":"closed","template":"","meta":{"om_disable_all_campaigns":false,"_monsterinsights_skip_tracking":false,"_monsterinsights_sitenote_active":false,"_monsterinsights_sitenote_note":"","_monsterinsights_sitenote_category":0},"aioseo_notices":[],"_links":{"self":[{"href":"https:\/\/www.easylog.com\/es\/wp-json\/wp\/v2\/pages\/1741"}],"collection":[{"href":"https:\/\/www.easylog.com\/es\/wp-json\/wp\/v2\/pages"}],"about":[{"href":"https:\/\/www.easylog.com\/es\/wp-json\/wp\/v2\/types\/page"}],"author":[{"embeddable":true,"href":"https:\/\/www.easylog.com\/es\/wp-json\/wp\/v2\/users\/5"}],"replies":[{"embeddable":true,"href":"https:\/\/www.easylog.com\/es\/wp-json\/wp\/v2\/comments?post=1741"}],"version-history":[{"count":18,"href":"https:\/\/www.easylog.com\/es\/wp-json\/wp\/v2\/pages\/1741\/revisions"}],"predecessor-version":[{"id":11310,"href":"https:\/\/www.easylog.com\/es\/wp-json\/wp\/v2\/pages\/1741\/revisions\/11310"}],"wp:attachment":[{"href":"https:\/\/www.easylog.com\/es\/wp-json\/wp\/v2\/media?parent=1741"}],"curies":[{"name":"wp","href":"https:\/\/api.w.org\/{rel}","templated":true}]}}