{"id":3241,"date":"2024-04-05T16:51:33","date_gmt":"2024-04-05T15:51:33","guid":{"rendered":"https:\/\/www.easylog.com\/rinnovo\/"},"modified":"2026-03-08T21:53:20","modified_gmt":"2026-03-08T20:53:20","slug":"rinnovo","status":"publish","type":"page","link":"https:\/\/www.easylog.com\/es\/rinnovo\/","title":{"rendered":"Rinnovo"},"content":{"rendered":"<div class=\"fl-builder-content fl-builder-content-3241 fl-builder-global-templates-locked\" data-post-id=\"3241\"><div class=\"fl-row fl-row-fixed-width fl-row-bg-none fl-node-loesa7q86u91\" data-node=\"loesa7q86u91\">\n\t<div class=\"fl-row-content-wrap\">\n\t\t\t\t\t\t<div class=\"fl-row-content fl-row-fixed-width fl-node-content\">\n\t\t\n<div class=\"fl-col-group fl-node-v4erf7m1oqs6\" data-node=\"v4erf7m1oqs6\">\n\t\t\t<div class=\"fl-col fl-node-0sydcz18fjv3\" data-node=\"0sydcz18fjv3\">\n\t<div class=\"fl-col-content fl-node-content\">\n\t<div class=\"fl-module fl-module-html fl-node-ifjce3u67t1l\" data-node=\"ifjce3u67t1l\">\n\t<div class=\"fl-module-content fl-node-content\">\n\t\t<div class=\"fl-html\">\n\t<script>\n(function(){\n  var LANG = 'SPA';\n  function onReady(fn){ if(document.readyState==='complete'||document.readyState==='interactive'){setTimeout(fn,0);}else{document.addEventListener('DOMContentLoaded',fn,{once:true});} }\n  function whenFbqReady(cb){ var i=0,t=setInterval(function(){ i++; if(window.fbq&&fbq.callMethod){clearInterval(t);cb();} if(i>200){clearInterval(t);} },50); }\n  onReady(function(){\n    whenFbqReady(function(){\n      fbq('track','ViewContent',{\n        content_name:'EasyLog - Renew Landing ('+LANG+')',\n        content_category:'Software',\n        content_ids:['EL-RENEW-LANDING-'+LANG],\n        content_type:'product',\n        language:LANG\n      });\n    });\n  });\n})();\n<\/script><\/div>\n\t<\/div>\n<\/div>\n\t<\/div>\n<\/div>\n\t<\/div>\n\t\t<\/div>\n\t<\/div>\n<\/div>\n<div class=\"fl-row fl-row-fixed-width fl-row-bg-none fl-node-5f03b2123bae3\" data-node=\"5f03b2123bae3\">\n\t<div class=\"fl-row-content-wrap\">\n\t\t\t\t\t\t<div class=\"fl-row-content fl-row-fixed-width fl-node-content\">\n\t\t\n<div class=\"fl-col-group fl-node-5f03b2123d3e9\" data-node=\"5f03b2123d3e9\">\n\t\t\t<div class=\"fl-col fl-node-5f03b2123d60c\" data-node=\"5f03b2123d60c\">\n\t<div class=\"fl-col-content fl-node-content\">\n\t<div class=\"fl-module fl-module-heading fl-node-5f03b2123b8b5\" data-node=\"5f03b2123b8b5\">\n\t<div class=\"fl-module-content fl-node-content\">\n\t\t<h2 class=\"fl-heading\">\n\t\t<span class=\"fl-heading-text\">Renovar el acceso al \u00e1rea reservada<\/span>\n\t<\/h2>\n\t<\/div>\n<\/div>\n\t<\/div>\n<\/div>\n\t<\/div>\n\t\t<\/div>\n\t<\/div>\n<\/div>\n<div class=\"fl-row fl-row-fixed-width fl-row-bg-none fl-node-5f03bfa0adf1d\" data-node=\"5f03bfa0adf1d\">\n\t<div class=\"fl-row-content-wrap\">\n\t\t\t\t\t\t<div class=\"fl-row-content fl-row-fixed-width fl-node-content\">\n\t\t\n<div class=\"fl-col-group fl-node-5f03bfa0b37e3\" data-node=\"5f03bfa0b37e3\">\n\t\t\t<div class=\"fl-col fl-node-5f03bfa0b3a76\" data-node=\"5f03bfa0b3a76\">\n\t<div class=\"fl-col-content fl-node-content\">\n\t<div class=\"fl-module fl-module-rich-text fl-node-5f03bfa0ad74b\" data-node=\"5f03bfa0ad74b\">\n\t<div class=\"fl-module-content fl-node-content\">\n\t\t<div class=\"fl-rich-text\">\n\t<p><span style=\"color: #008000; font-size: 24px;\">por s\u00f3lo <\/span><span style=\"color: #008000; font-size: 24px;\"><strong><span style=\"font-size: 28px;\">24,95\u20ac<\/span><\/strong><\/span><\/p>\n<p style=\"text-align: left;\"><span style=\"font-size: 28px;\"><strong>\u00bfPor qu\u00e9?<\/strong><\/span><\/p>\n<ul>\n<li>per ara estar siempre al d\u00eda con la <strong><span style=\"color: #008000;\">\u00faltima versi\u00f3n<\/span><\/strong> de <span style=\"font-size: 18px;\"><strong><span style=\"color: #ff0000;\">EasyLog<\/span><\/strong><\/span>,<\/li>\n<li>per ofrecemos un servicio de <strong><span style=\"color: #008000;\">actualizaci\u00f3n durante 12 meses<\/span> <\/strong><\/li>\n<li>Para tener un <strong><span style=\"color: #008000;\">canal prioritario de soporte<\/span><\/strong> por email<\/li>\n<\/ul>\n<\/div>\n\t<\/div>\n<\/div>\n<div class=\"fl-module fl-module-separator fl-node-gir3fw61h2kv\" data-node=\"gir3fw61h2kv\">\n\t<div class=\"fl-module-content fl-node-content\">\n\t\t<div class=\"fl-separator\"><\/div>\n\t<\/div>\n<\/div>\n<div class=\"fl-module fl-module-html fl-node-5f04f272756d9\" data-node=\"5f04f272756d9\">\n\t<div class=\"fl-module-content fl-node-content\">\n\t\t<div class=\"fl-html\">\n\t<p><a class=\"maxbutton-10 maxbutton maxbutton-renew-spa\" title=\"\u00a1Renovar ahora!\" href=\"https:\/\/www.easylog.com\/payment\/renew_spa.php\"><span class='mb-text'>\u00a1Renovar ahora!<\/span><\/a><\/p><\/div>\n\t<\/div>\n<\/div>\n<div class=\"fl-module fl-module-rich-text fl-node-3lkr01hmvd54\" data-node=\"3lkr01hmvd54\">\n\t<div class=\"fl-module-content fl-node-content\">\n\t\t<div class=\"fl-rich-text\">\n\t<p>&nbsp;<\/p>\n<p><span style=\"font-size: 26px;\"><strong>Durante este per\u00edodo, podr\u00e1<\/strong> <\/span><\/p>\n<ul>\n<li><strong><span style=\"color: #008000;\">descargar<\/span><\/strong> todas las versiones publicadas<\/li>\n<li>tener <strong><span style=\"color: #008000;\">contacto<\/span><\/strong> directo con nosotros por email<\/li>\n<\/ul>\n<p>&nbsp;<\/p>\n<p><span style=\"text-decoration: underline;\"><span style=\"font-size: 20px;\"><strong>Este servicio no es obligatorio<\/strong><\/span>,<\/span> pero se recomienda encarecidamente.<\/p>\n<p>A lo largo de los a\u00f1os, hemos visto la publicaci\u00f3n de muchas versiones de Windows, con actualizaciones regulares.<\/p>\n<p>&nbsp;<\/p>\n<p><span style=\"font-size: 18px;\"><strong><span style=\"color: #ff0000;\">EasyLog<\/span><\/strong><\/span> siempre se ha mantenido al d\u00eda, aprovechando al m\u00e1ximo el sistema operativo, ya que se actualiza constantemente por Microsoft.<\/p>\n<p>&nbsp;<\/p>\n<p>Adem\u00e1s, durante los<strong><span style=\"color: #008000;\"> \u00faltimos 37 a\u00f1os<\/span> <\/strong>de desarrollo, hemos a\u00f1adido un gran n\u00famero de nuevas caracter\u00edsticas que han hecho de \u00e0 <strong><span style=\"color: #ff0000;\">EasyLog<\/span> <\/strong><span style=\"text-decoration: underline;\">el mejor programa de registro, para radioaficionados, de todos los tiempos.<\/span><\/p>\n<p>&nbsp;<\/p>\n<p><span style=\"color: #008000;\">Gracias por mantener actualizada su copia de EasyLog.<\/span><\/p>\n<\/div>\n\t<\/div>\n<\/div>\n\t<\/div>\n<\/div>\n\t<\/div>\n\t\t<\/div>\n\t<\/div>\n<\/div>\n<div class=\"fl-row fl-row-fixed-width fl-row-bg-none fl-node-5f04f27275f89\" data-node=\"5f04f27275f89\">\n\t<div class=\"fl-row-content-wrap\">\n\t\t\t\t\t\t<div class=\"fl-row-content fl-row-fixed-width fl-node-content\">\n\t\t\n<div class=\"fl-col-group fl-node-5f04f2727c9f8\" data-node=\"5f04f2727c9f8\">\n\t\t\t<div class=\"fl-col fl-node-5f04f2727cca2\" data-node=\"5f04f2727cca2\">\n\t<div class=\"fl-col-content fl-node-content\">\n\t\t<\/div>\n<\/div>\n\t<\/div>\n\t\t<\/div>\n\t<\/div>\n<\/div>\n<div class=\"fl-row fl-row-fixed-width fl-row-bg-none fl-node-psltojg5cdki fl-row-custom-height fl-row-align-center\" data-node=\"psltojg5cdki\">\n\t<div class=\"fl-row-content-wrap\">\n\t\t\t\t\t\t<div class=\"fl-row-content fl-row-fixed-width fl-node-content\">\n\t\t\t\t<\/div>\n\t<\/div>\n<\/div>\n<div class=\"fl-row fl-row-fixed-width fl-row-bg-none fl-node-5f04f46a96981\" data-node=\"5f04f46a96981\">\n\t<div class=\"fl-row-content-wrap\">\n\t\t\t\t\t\t<div class=\"fl-row-content fl-row-fixed-width fl-node-content\">\n\t\t\n<div class=\"fl-col-group fl-node-5f04f46a9d2a0\" data-node=\"5f04f46a9d2a0\">\n\t\t\t<div class=\"fl-col fl-node-5f04f46a9d506\" data-node=\"5f04f46a9d506\">\n\t<div class=\"fl-col-content fl-node-content\">\n\t<div class=\"fl-module fl-module-separator fl-node-5f04f46a960e2\" data-node=\"5f04f46a960e2\">\n\t<div class=\"fl-module-content fl-node-content\">\n\t\t<div class=\"fl-separator\"><\/div>\n\t<\/div>\n<\/div>\n\t<\/div>\n<\/div>\n\t<\/div>\n\t\t<\/div>\n\t<\/div>\n<\/div>\n<\/div>","protected":false},"excerpt":{"rendered":"<p>Renovar el acceso al \u00e1rea reservada por s\u00f3lo 24,95\u20ac \u00bfPor qu\u00e9? per ara estar siempre al d\u00eda con la \u00faltima versi\u00f3n de EasyLog, per ofrecemos un servicio de actualizaci\u00f3n durante 12 meses Para tener un canal prioritario de soporte por email \u00a1Renovar ahora! &nbsp; Durante este per\u00edodo, podr\u00e1 descargar todas las versiones publicadas tener contacto&hellip;<\/p>\n","protected":false},"author":1,"featured_media":0,"parent":0,"menu_order":6,"comment_status":"closed","ping_status":"closed","template":"","meta":{"om_disable_all_campaigns":false,"_monsterinsights_skip_tracking":false,"_monsterinsights_sitenote_active":false,"_monsterinsights_sitenote_note":"","_monsterinsights_sitenote_category":0},"aioseo_notices":[],"_links":{"self":[{"href":"https:\/\/www.easylog.com\/es\/wp-json\/wp\/v2\/pages\/3241"}],"collection":[{"href":"https:\/\/www.easylog.com\/es\/wp-json\/wp\/v2\/pages"}],"about":[{"href":"https:\/\/www.easylog.com\/es\/wp-json\/wp\/v2\/types\/page"}],"author":[{"embeddable":true,"href":"https:\/\/www.easylog.com\/es\/wp-json\/wp\/v2\/users\/1"}],"replies":[{"embeddable":true,"href":"https:\/\/www.easylog.com\/es\/wp-json\/wp\/v2\/comments?post=3241"}],"version-history":[{"count":32,"href":"https:\/\/www.easylog.com\/es\/wp-json\/wp\/v2\/pages\/3241\/revisions"}],"predecessor-version":[{"id":11597,"href":"https:\/\/www.easylog.com\/es\/wp-json\/wp\/v2\/pages\/3241\/revisions\/11597"}],"wp:attachment":[{"href":"https:\/\/www.easylog.com\/es\/wp-json\/wp\/v2\/media?parent=3241"}],"curies":[{"name":"wp","href":"https:\/\/api.w.org\/{rel}","templated":true}]}}