{"id":3274,"date":"2024-04-07T18:19:36","date_gmt":"2024-04-07T17:19:36","guid":{"rendered":"https:\/\/www.easylog.com\/user-reserved-area\/"},"modified":"2024-08-12T01:49:34","modified_gmt":"2024-08-12T00:49:34","slug":"user-reserved-area","status":"publish","type":"page","link":"https:\/\/www.easylog.com\/es\/user-reserved-area\/","title":{"rendered":"User Reserved Area"},"content":{"rendered":"<div class=\"fl-builder-content fl-builder-content-3274 fl-builder-global-templates-locked\" data-post-id=\"3274\"><div class=\"fl-row fl-row-fixed-width fl-row-bg-none fl-node-5f0379722d475 fl-row-custom-height fl-row-align-center\" data-node=\"5f0379722d475\">\n\t<div class=\"fl-row-content-wrap\">\n\t\t\t\t\t\t<div class=\"fl-row-content fl-row-fixed-width fl-node-content\">\n\t\t\n<div class=\"fl-col-group fl-node-5f03797230137\" data-node=\"5f03797230137\">\n\t\t\t<div class=\"fl-col fl-node-5f0379de35f43\" data-node=\"5f0379de35f43\">\n\t<div class=\"fl-col-content fl-node-content\">\n\t\t<\/div>\n<\/div>\n\t<\/div>\n\t\t<\/div>\n\t<\/div>\n<\/div>\n<div class=\"fl-row fl-row-fixed-width fl-row-bg-none fl-node-5f0379b4451bf\" data-node=\"5f0379b4451bf\">\n\t<div class=\"fl-row-content-wrap\">\n\t\t\t\t\t\t<div class=\"fl-row-content fl-row-fixed-width fl-node-content\">\n\t\t\n<div class=\"fl-col-group fl-node-5f0379b447dc0\" data-node=\"5f0379b447dc0\">\n\t\t\t<div class=\"fl-col fl-node-5f0379b447fbc\" data-node=\"5f0379b447fbc\">\n\t<div class=\"fl-col-content fl-node-content\">\n\t<div class=\"fl-module fl-module-heading fl-node-5f0379b444da2\" data-node=\"5f0379b444da2\">\n\t<div class=\"fl-module-content fl-node-content\">\n\t\t<h2 class=\"fl-heading\">\n\t\t<span class=\"fl-heading-text\">Bienvenudo ad \u00c1rea reservada para usuarios<\/span>\n\t<\/h2>\n\t<\/div>\n<\/div>\n<div class=\"fl-module fl-module-rich-text fl-node-bzf6e94jm7si\" data-node=\"bzf6e94jm7si\">\n\t<div class=\"fl-module-content fl-node-content\">\n\t\t<div class=\"fl-rich-text\">\n\t<p>&nbsp;<\/p>\n<p>Al pulsar el siguiente bot\u00f3n, entrar\u00e1s en el \u00c1rea Reservada para Usuarios (URA).<\/p>\n<p>&nbsp;<\/p>\n<p>Se le pedir\u00e1 su nombre de <strong><span style=\"color: #008000;\">usuario<\/span><\/strong> y <span style=\"color: #008000;\"><strong>contrase\u00f1a<\/strong><\/span>, que recibi\u00f3 <span style=\"text-decoration: underline;\">cuando compr\u00f3 <span style=\"color: #ff0000; font-size: 18px;\"><strong>EasyLog.<\/strong><\/span><\/span><\/p>\n<p>&nbsp;<\/p>\n<p>En caso de que los hayas perdido, escr\u00edbenos para conseguirlos a: <span style=\"text-decoration: underline;\"><span style=\"color: #3366ff;\"><strong>support@easylog.com<\/strong><\/span><\/span><\/p>\n<p>&nbsp;<\/p>\n<p><strong><span style=\"color: #008000; font-size: 18px;\">Desde el \u00c1rea Reservada al Usuario <\/span><\/strong>puede <span style=\"font-size: 18px;\"><strong><span style=\"color: #008000;\">descargar<\/span><\/strong><\/span><\/p>\n<ul>\n<li>la \u00faltima versi\u00f3n disponible,<\/li>\n<li>las actualizaciones del administrador<\/li>\n<li>las bases de datos de premios nuevas o actualizadas, DX, de diploma y CHECK<\/li>\n<\/ul>\n<\/div>\n\t<\/div>\n<\/div>\n\t<\/div>\n<\/div>\n\t<\/div>\n\t\t<\/div>\n\t<\/div>\n<\/div>\n<div class=\"fl-row fl-row-fixed-width fl-row-bg-none fl-node-5f037ca8d62bf\" data-node=\"5f037ca8d62bf\">\n\t<div class=\"fl-row-content-wrap\">\n\t\t\t\t\t\t<div class=\"fl-row-content fl-row-fixed-width fl-node-content\">\n\t\t\n<div class=\"fl-col-group fl-node-5f037ca8dc330\" data-node=\"5f037ca8dc330\">\n\t\t\t<div class=\"fl-col fl-node-5f037ca8dc5e5\" data-node=\"5f037ca8dc5e5\">\n\t<div class=\"fl-col-content fl-node-content\">\n\t<div class=\"fl-module fl-module-button fl-node-5f037ca8d589c\" data-node=\"5f037ca8d589c\">\n\t<div class=\"fl-module-content fl-node-content\">\n\t\t<div class=\"fl-button-wrap fl-button-width-auto fl-button-center fl-button-has-icon\">\n\t\t\t<a href=\"http:\/\/www.easylog.com\/ELUP\" target=\"_self\" class=\"fl-button\" role=\"button\">\n\t\t\t\t\t<i class=\"fl-button-icon fl-button-icon-before fas fa-badge-check\" aria-hidden=\"true\"><\/i>\n\t\t\t\t\t\t<span class=\"fl-button-text\">Haga clic para entrar<\/span>\n\t\t\t\t\t<\/a>\n<\/div>\n\t<\/div>\n<\/div>\n\t<\/div>\n<\/div>\n\t<\/div>\n\t\t<\/div>\n\t<\/div>\n<\/div>\n<div class=\"fl-row fl-row-fixed-width fl-row-bg-none fl-node-5f037a0b27aee fl-row-custom-height fl-row-align-center\" data-node=\"5f037a0b27aee\">\n\t<div class=\"fl-row-content-wrap\">\n\t\t\t\t\t\t<div class=\"fl-row-content fl-row-fixed-width fl-node-content\">\n\t\t\n<div class=\"fl-col-group fl-node-5f037a0b27c30\" data-node=\"5f037a0b27c30\">\n\t\t\t<div class=\"fl-col fl-node-5f037a0b27c68\" data-node=\"5f037a0b27c68\">\n\t<div class=\"fl-col-content fl-node-content\">\n\t\t<\/div>\n<\/div>\n\t<\/div>\n\t\t<\/div>\n\t<\/div>\n<\/div>\n<\/div>","protected":false},"excerpt":{"rendered":"<p>Bienvenudo ad \u00c1rea reservada para usuarios &nbsp; Al pulsar el siguiente bot\u00f3n, entrar\u00e1s en el \u00c1rea Reservada para Usuarios (URA). &nbsp; Se le pedir\u00e1 su nombre de usuario y contrase\u00f1a, que recibi\u00f3 cuando compr\u00f3 EasyLog. &nbsp; En caso de que los hayas perdido, escr\u00edbenos para conseguirlos a: support@easylog.com &nbsp; Desde el \u00c1rea Reservada al Usuario&hellip;<\/p>\n","protected":false},"author":1,"featured_media":0,"parent":0,"menu_order":19,"comment_status":"closed","ping_status":"closed","template":"","meta":{"om_disable_all_campaigns":false,"_monsterinsights_skip_tracking":false,"_monsterinsights_sitenote_active":false,"_monsterinsights_sitenote_note":"","_monsterinsights_sitenote_category":0},"aioseo_notices":[],"_links":{"self":[{"href":"https:\/\/www.easylog.com\/es\/wp-json\/wp\/v2\/pages\/3274"}],"collection":[{"href":"https:\/\/www.easylog.com\/es\/wp-json\/wp\/v2\/pages"}],"about":[{"href":"https:\/\/www.easylog.com\/es\/wp-json\/wp\/v2\/types\/page"}],"author":[{"embeddable":true,"href":"https:\/\/www.easylog.com\/es\/wp-json\/wp\/v2\/users\/1"}],"replies":[{"embeddable":true,"href":"https:\/\/www.easylog.com\/es\/wp-json\/wp\/v2\/comments?post=3274"}],"version-history":[{"count":5,"href":"https:\/\/www.easylog.com\/es\/wp-json\/wp\/v2\/pages\/3274\/revisions"}],"predecessor-version":[{"id":4565,"href":"https:\/\/www.easylog.com\/es\/wp-json\/wp\/v2\/pages\/3274\/revisions\/4565"}],"wp:attachment":[{"href":"https:\/\/www.easylog.com\/es\/wp-json\/wp\/v2\/media?parent=3274"}],"curies":[{"name":"wp","href":"https:\/\/api.w.org\/{rel}","templated":true}]}}