{"id":3286,"date":"2024-04-07T18:41:31","date_gmt":"2024-04-07T17:41:31","guid":{"rendered":"https:\/\/www.easylog.com\/tutorial\/"},"modified":"2026-01-08T03:46:32","modified_gmt":"2026-01-08T02:46:32","slug":"tutorial","status":"publish","type":"page","link":"https:\/\/www.easylog.com\/es\/tutorial\/","title":{"rendered":"Tutorial"},"content":{"rendered":"<div class=\"fl-builder-content fl-builder-content-3286 fl-builder-global-templates-locked\" data-post-id=\"3286\"><div class=\"fl-row fl-row-fixed-width fl-row-bg-none fl-node-9cj1pwta3gls\" data-node=\"9cj1pwta3gls\">\n\t<div class=\"fl-row-content-wrap\">\n\t\t\t\t\t\t<div class=\"fl-row-content fl-row-fixed-width fl-node-content\">\n\t\t\n<div class=\"fl-col-group fl-node-9gr0qwjlodxb\" data-node=\"9gr0qwjlodxb\">\n\t\t\t<div class=\"fl-col fl-node-drsuqybgfkvi\" data-node=\"drsuqybgfkvi\">\n\t<div class=\"fl-col-content fl-node-content\">\n\t<div class=\"fl-module fl-module-rich-text fl-node-l5fxg2s6imno\" data-node=\"l5fxg2s6imno\">\n\t<div class=\"fl-module-content fl-node-content\">\n\t\t<div class=\"fl-rich-text\">\n\t<p>Los siguientes est\u00e1n en italiano. Por favor, active los subt\u00edtulos en el idioma elegido en Youtube si se necesita traducci\u00f3n.<\/p>\n<\/div>\n\t<\/div>\n<\/div>\n\t<\/div>\n<\/div>\n\t<\/div>\n\t\t<\/div>\n\t<\/div>\n<\/div>\n<div class=\"fl-row fl-row-fixed-width fl-row-bg-none fl-node-l378n2zxemsp\" data-node=\"l378n2zxemsp\">\n\t<div class=\"fl-row-content-wrap\">\n\t\t\t\t\t\t<div class=\"fl-row-content fl-row-fixed-width fl-node-content\">\n\t\t\n<div class=\"fl-col-group fl-node-vtxk54eylcb0\" data-node=\"vtxk54eylcb0\">\n\t\t\t<div class=\"fl-col fl-node-dxrv1c375tuj fl-col-small\" data-node=\"dxrv1c375tuj\">\n\t<div class=\"fl-col-content fl-node-content\">\n\t<div class=\"fl-module fl-module-video fl-node-92gjfepdvrmw\" data-node=\"92gjfepdvrmw\">\n\t<div class=\"fl-module-content fl-node-content\">\n\t\t\n<div class=\"fl-video fl-embed-video\">\n\t<iframe loading=\"lazy\" width=\"500\" height=\"315\" src=\"https:\/\/www.youtube.com\/embed\/uX2JByl9QCQ?si=FH4V4CD9T_yW0iu2&amp;controls=0\" title=\"YouTube video player\" frameborder=\"0\" allow=\"accelerometer; autoplay; clipboard-write; encrypted-media; gyroscope; picture-in-picture; web-share\" referrerpolicy=\"strict-origin-when-cross-origin\" allowfullscreen><\/iframe>\n<\/div>\n\t<\/div>\n<\/div>\n<div class=\"fl-module fl-module-video fl-node-2j48iy1w7zck\" data-node=\"2j48iy1w7zck\">\n\t<div class=\"fl-module-content fl-node-content\">\n\t\t\n<div class=\"fl-video fl-embed-video\">\n\t<iframe loading=\"lazy\" width=\"500\" height=\"315\" src=\"https:\/\/www.youtube.com\/embed\/8c0pj4RjDfY?si=Q0IvbMuQoyJlTnBR\" title=\"YouTube video player\" frameborder=\"0\" allow=\"accelerometer; autoplay; clipboard-write; encrypted-media; gyroscope; picture-in-picture; web-share\" referrerpolicy=\"strict-origin-when-cross-origin\" allowfullscreen><\/iframe><\/div>\n\t<\/div>\n<\/div>\n\t<\/div>\n<\/div>\n\t\t\t<div class=\"fl-col fl-node-ylk4jnfcb8ia fl-col-small\" data-node=\"ylk4jnfcb8ia\">\n\t<div class=\"fl-col-content fl-node-content\">\n\t<div class=\"fl-module fl-module-video fl-node-fjd5926mkc1u\" data-node=\"fjd5926mkc1u\">\n\t<div class=\"fl-module-content fl-node-content\">\n\t\t\n<div class=\"fl-video fl-embed-video\">\n\t<iframe loading=\"lazy\" width=\"500\" height=\"315\" src=\"https:\/\/www.youtube.com\/embed\/RH8Im77uqhQ?si=VTVpB-ThEJ19BgO6\" title=\"YouTube video player\" frameborder=\"0\" allow=\"accelerometer; autoplay; clipboard-write; encrypted-media; gyroscope; picture-in-picture; web-share\" referrerpolicy=\"strict-origin-when-cross-origin\" allowfullscreen><\/iframe>\n<\/div>\n\t<\/div>\n<\/div>\n<div class=\"fl-module fl-module-video fl-node-9rnle4ciym0v\" data-node=\"9rnle4ciym0v\">\n\t<div class=\"fl-module-content fl-node-content\">\n\t\t\n<div class=\"fl-video fl-embed-video\">\n\t<iframe loading=\"lazy\" width=\"500\" height=\"315\" src=\"https:\/\/www.youtube.com\/embed\/PnStRTtzFZk?si=A-0JUZ6FYo6bapbj\" title=\"YouTube video player\" frameborder=\"0\" allow=\"accelerometer; autoplay; clipboard-write; encrypted-media; gyroscope; picture-in-picture; web-share\" referrerpolicy=\"strict-origin-when-cross-origin\" allowfullscreen><\/iframe>\n<\/div>\n\t<\/div>\n<\/div>\n\t<\/div>\n<\/div>\n\t<\/div>\n\t\t<\/div>\n\t<\/div>\n<\/div>\n<\/div>","protected":false},"excerpt":{"rendered":"<p>Los siguientes est\u00e1n en italiano. Por favor, active los subt\u00edtulos en el idioma elegido en Youtube si se necesita traducci\u00f3n.<\/p>\n","protected":false},"author":1,"featured_media":0,"parent":0,"menu_order":9,"comment_status":"closed","ping_status":"closed","template":"","meta":{"om_disable_all_campaigns":false,"_monsterinsights_skip_tracking":false,"_monsterinsights_sitenote_active":false,"_monsterinsights_sitenote_note":"","_monsterinsights_sitenote_category":0},"aioseo_notices":[],"_links":{"self":[{"href":"https:\/\/www.easylog.com\/es\/wp-json\/wp\/v2\/pages\/3286"}],"collection":[{"href":"https:\/\/www.easylog.com\/es\/wp-json\/wp\/v2\/pages"}],"about":[{"href":"https:\/\/www.easylog.com\/es\/wp-json\/wp\/v2\/types\/page"}],"author":[{"embeddable":true,"href":"https:\/\/www.easylog.com\/es\/wp-json\/wp\/v2\/users\/1"}],"replies":[{"embeddable":true,"href":"https:\/\/www.easylog.com\/es\/wp-json\/wp\/v2\/comments?post=3286"}],"version-history":[{"count":14,"href":"https:\/\/www.easylog.com\/es\/wp-json\/wp\/v2\/pages\/3286\/revisions"}],"predecessor-version":[{"id":11491,"href":"https:\/\/www.easylog.com\/es\/wp-json\/wp\/v2\/pages\/3286\/revisions\/11491"}],"wp:attachment":[{"href":"https:\/\/www.easylog.com\/es\/wp-json\/wp\/v2\/media?parent=3286"}],"curies":[{"name":"wp","href":"https:\/\/api.w.org\/{rel}","templated":true}]}}