{"id":4905,"date":"2024-11-14T11:40:18","date_gmt":"2024-11-14T10:40:18","guid":{"rendered":"https:\/\/www.easylog.com\/download-ebook-ft8-and-digital-modes\/"},"modified":"2026-01-09T22:35:13","modified_gmt":"2026-01-09T21:35:13","slug":"download-ebook-ft8-and-digital-modes","status":"publish","type":"page","link":"https:\/\/www.easylog.com\/es\/download-ebook-ft8-and-digital-modes\/","title":{"rendered":"Download Ebook: FT8 and digital modes"},"content":{"rendered":"<div class=\"fl-builder-content fl-builder-content-4905 fl-builder-global-templates-locked\" data-post-id=\"4905\"><div class=\"fl-row fl-row-fixed-width fl-row-bg-none fl-node-7uo5a1t6jxfz\" data-node=\"7uo5a1t6jxfz\">\n\t<div class=\"fl-row-content-wrap\">\n\t\t\t\t\t\t<div class=\"fl-row-content fl-row-fixed-width fl-node-content\">\n\t\t\n<div class=\"fl-col-group fl-node-ijt2q68yc714\" data-node=\"ijt2q68yc714\">\n\t\t\t<div class=\"fl-col fl-node-1mgvituxkyd6 fl-col-small\" data-node=\"1mgvituxkyd6\">\n\t<div class=\"fl-col-content fl-node-content\">\n\t<div class=\"fl-module fl-module-heading fl-node-rxgb5uohd2wa\" data-node=\"rxgb5uohd2wa\">\n\t<div class=\"fl-module-content fl-node-content\">\n\t\t<h2 class=\"fl-heading\">\n\t\t<span class=\"fl-heading-text\">Una gu\u00eda pr\u00e1ctica para maximizar el potencial del FT8 para los radioaficionados<\/span>\n\t<\/h2>\n\t<\/div>\n<\/div>\n<div class=\"fl-module fl-module-rich-text fl-node-os8hrpc9de5u\" data-node=\"os8hrpc9de5u\">\n\t<div class=\"fl-module-content fl-node-content\">\n\t\t<div class=\"fl-rich-text\">\n\t<p><span style=\"font-size: 30px; color: #ff0000;\"><strong>Descargar por s\u00f3<\/strong><\/span><span style=\"font-size: 30px; color: #ff0000;\"><strong>lo <\/strong><\/span><span style=\"font-size: 30px; color: #ff0000;\"><strong>9,95\u20ac<\/strong><\/span><\/p>\n<\/div>\n\t<\/div>\n<\/div>\n<div class=\"fl-module fl-module-photo fl-node-fib6zs83vl5g\" data-node=\"fib6zs83vl5g\">\n\t<div class=\"fl-module-content fl-node-content\">\n\t\t<div class=\"fl-photo fl-photo-align-center\" itemscope itemtype=\"https:\/\/schema.org\/ImageObject\">\n\t<div class=\"fl-photo-content fl-photo-img-png\">\n\t\t\t\t<img decoding=\"async\" loading=\"lazy\" class=\"fl-photo-img wp-image-5885 size-medium\" src=\"https:\/\/www.easylog.com\/wp-content\/uploads\/2025\/04\/ebook-mockup-spa-188x300.png\" alt=\"ebook-mockup-spa\" itemprop=\"image\" height=\"300\" width=\"188\" title=\"ebook-mockup-spa\" srcset=\"https:\/\/www.easylog.com\/wp-content\/uploads\/2025\/04\/ebook-mockup-spa-188x300.png 188w, https:\/\/www.easylog.com\/wp-content\/uploads\/2025\/04\/ebook-mockup-spa.png 500w\" sizes=\"(max-width: 188px) 100vw, 188px\" \/>\n\t\t\t\t\t<\/div>\n\t<\/div>\n\t<\/div>\n<\/div>\n<div class=\"fl-module fl-module-rich-text fl-node-c294bx0te8w6\" data-node=\"c294bx0te8w6\">\n\t<div class=\"fl-module-content fl-node-content\">\n\t\t<div class=\"fl-rich-text\">\n\t<div class=\"fl-module fl-module-rich-text fl-node-zlujaskixv68\" data-node=\"zlujaskixv68\">\n<div class=\"fl-module-content fl-node-content\">\n<div class=\"fl-rich-text\">\n<blockquote><p><span style=\"color: #000000;\"><strong>Esta tarde he le\u00eddo la gu\u00eda sobre el FT8<\/strong> y el FT4 que he comprado por 10 euros. Aunque llevo mucho tiempo utilizando esta tecnolog\u00eda, <span style=\"color: #008000;\"><strong>debo decir que el manual est\u00e1 realmente bien hecho y es absolutamente indispensable para los novatos: claro, exhaustivo y capaz de explicar todos los aspectos fundamentales.<\/strong><\/span><\/span><\/p>\n<p><strong><span style=\"color: #000000;\">Incluso para aquellos que, como yo, ya tienen experiencia, sigue ofreciendo algunas nociones t\u00e9cnicas interesantes, con algunos consejos \u00fatiles para comprobar y aprender m\u00e1s.<\/span><\/strong><\/p>\n<p><span style=\"color: #008000;\"><strong>Una gu\u00eda que recomiendo a todos los interesados en estos modos digitales.<\/strong><\/span><\/p>\n<p><strong><span style=\"color: #000000;\">73 de Stefano, IV3JAK<\/span><\/strong><\/p><\/blockquote>\n<\/div>\n<\/div>\n<\/div>\n<\/div>\n\t<\/div>\n<\/div>\n\t<\/div>\n<\/div>\n\t\t\t<div class=\"fl-col fl-node-s9t4y5hmvcbo fl-col-small\" data-node=\"s9t4y5hmvcbo\">\n\t<div class=\"fl-col-content fl-node-content\">\n\t<div class=\"fl-module fl-module-heading fl-node-lpvnqb23f9mu\" data-node=\"lpvnqb23f9mu\">\n\t<div class=\"fl-module-content fl-node-content\">\n\t\t<h2 class=\"fl-heading\">\n\t\t<span class=\"fl-heading-text\">Para recibir su eBook al instante, rellene el siguiente formulario<\/span>\n\t<\/h2>\n\t<\/div>\n<\/div>\n<div class=\"fl-module fl-module-html fl-node-ap1qk5fh0i3y\" data-node=\"ap1qk5fh0i3y\">\n\t<div class=\"fl-module-content fl-node-content\">\n\t\t<div class=\"fl-html\">\n\t<html>\n     \n<head>\n<style>\n\ninput[type=button], input[type=submit]\n{\n  background-color: #04AA6D; \/* Green *\/\n  border: 2px solid #04AA6D; \/* Green *\/\n  color: white;\n  padding: 10px 32px;\n  text-align: center;\n  text-decoration: none;\n  display: inline-block;\n  font-size: 16px;\n  margin: 4px 2px;\n  cursor: pointer;\n  border-radius: 6px;\n}\n\ninput[type=\"text\"]\n{\n  border: 1px solid #999999;\n  color: #333333;\n  outline: none;\n}\n\ninput[type=\"text\"]::placeholder\n{\n  color: #333333;\n}\n\ninput[type=\"text\"]:hover, input[type=\"text\"]:focus\n{\n  border-color: #008000;\n  outline: none;\n}\n\n.button \n{\n  transition-duration: 0.4s;\n}\n\ninput[type=submit]:hover \n{\n  background-color: #4C8C67; \/* Darker Green *\/\n  color: white;\n  border: 2px solid #4C8C67; \/* Darker Green *\/\n}\n\n.email-warning\n{\n  color: red;\n}\n\n<\/style>\n\n\n<script type=\"text\/javascript\">\n\n\n\/\/ Detect HTML v5 compatibility\nvar isHtml5Compatible = document.createElement('canvas').getContext != undefined;\n\n\/\/ Trim function\nfunction LTrim(value) {var re = \/s*((S+s*)*)\/; return value.replace(re, \"$1\");}\nfunction RTrim(value) {var re = \/((s*S+)*)s*\/; return value.replace(re, \"$1\");}\nfunction Trim(value) {return LTrim(RTrim(value));}\n\n\n\/\/ Form Validation\nfunction validateForm() \n{\n  var fcallsign,ffirst_name,flast_name,femail;      \n\n  \/\/ Retrieve email from form depending on the browser\n  if (isHtml5Compatible) \n  {  \n    fcallsign = document.forms[\"EmailForm\"][\"fcallsign\"].value;\n    ffirst_name = document.forms[\"EmailForm\"][\"ffirst_name\"].value;\n    flast_name = document.forms[\"EmailForm\"][\"flast_name\"].value;\n    femail = document.forms[\"EmailForm\"][\"femail\"].value;\n  } \n  \/\/ old browsers not HTML5 compatible\n  if (!isHtml5Compatible)\n  {\n   fcallsign=window.document.EmailForm.fcallsign.value;      \n   ffirst_name=window.document.EmailForm.ffirst_name.value;   \n   flast_name=window.document.EmailForm.flast_name.value;   \n   femail=window.document.EmailForm.femail.value;\n  }\n\n  \/\/ Empty callsign\n  if (Trim(fcallsign)==\"\") \n  { \n    alert(\"Introduzca su indicativo o elija un nombre de usuario\");\n    return false; \n  }\n  \/\/ Empty first_name\n  if (Trim(ffirst_name)==\"\") \n  { \n    alert(\"Introduzca su nombre\");\n    return false; \n  }\n  \/\/ Empty last_name\n  if (Trim(flast_name)==\"\") \n  { \n    alert(\"Introduzca su apellido\");\n    return false; \n  }\n  \/\/ Empty email\n  if (Trim(femail)==\"\") \n  { \n    alert(\"Por favor, introduzca un correo electr\u00f3nico v\u00e1lido\");\n    return false; \n  }\n  \/\/ invalid email\n  if (!checkEmailAddress(femail))\n  {\n    alert(\"Courriel inv\u00e1lido\");\n    return false;\n  }\n}\n<\/script>\n\n<\/head>  \n\n<body>\n\n\n<form id=\"EmailForm\" name=\"EmailForm\" action=\"\/templates\/scripts\/ebook_buynow_spa.php\" onsubmit=\"return validateForm()\" method=\"post\">\n  <input name=\"fcallsign\" type=\"text\" id=\"fcallsign\" size=\"60\" maxlength=\"60\" placeholder=\"Introduzca su indicativo (o elija un nombre de usuario)\" \/><br>  \n  <input name=\"ffirst_name\" type=\"text\" id=\"ffirst_name\" size=\"60\" maxlength=\"60\" placeholder=\"Introduzca su nombre\" \/><br>\n  <input name=\"flast_name\" type=\"text\" id=\"flast_name\" size=\"60\" maxlength=\"60\" placeholder=\"Introduzca su apellido\" \/><br>\n  <p class=\"email-warning\">Compruebe que su direcci\u00f3n de correo electr\u00f3nico es correcta, ya que la utilizaremos para enviarle las instrucciones para descargar el libro electr\u00f3nico. Si la direcci\u00f3n de correo electr\u00f3nico es incorrecta, no podremos enviarle la informaci\u00f3n.<\/p>\n  <input name=\"femail\" type=\"text\" id=\"femail\" size=\"60\" maxlength=\"60\" placeholder=\"Por favor, introduzca un correo electr\u00f3nico v\u00e1lido\" \/><br>  \n<br>\n  <input type=\"submit\" value=\"Comprar el ebook\">\n<\/form>\n\n<br>\n<div style=\"text-align: left;\">\n    <img decoding=\"async\" src=\"https:\/\/www.paypalobjects.com\/webstatic\/mktg\/logo\/pp_cc_mark_74x46.jpg\" alt=\"PayPal\" style=\"margin-right: 10px;\">\n    <img decoding=\"async\" src=\"https:\/\/www.paypalobjects.com\/webstatic\/mktg\/logo\/AM_mc_vs_dc_ae.jpg\" alt=\"Credit Cards\" style=\"margin-right: 10px;\">\n<\/div>\n\n <\/body>\n \n<\/html><\/div>\n\t<\/div>\n<\/div>\n<div class=\"fl-module fl-module-separator fl-node-qrk5dyxtmupg\" data-node=\"qrk5dyxtmupg\">\n\t<div class=\"fl-module-content fl-node-content\">\n\t\t<div class=\"fl-separator\"><\/div>\n\t<\/div>\n<\/div>\n\t<\/div>\n<\/div>\n\t<\/div>\n\n<div class=\"fl-col-group fl-node-ae0vf7xnjqkl\" data-node=\"ae0vf7xnjqkl\">\n\t\t\t<div class=\"fl-col fl-node-7tin9vkadxpq\" data-node=\"7tin9vkadxpq\">\n\t<div class=\"fl-col-content fl-node-content\">\n\t<div class=\"fl-module fl-module-separator fl-node-7oy532gxvbz8\" data-node=\"7oy532gxvbz8\">\n\t<div class=\"fl-module-content fl-node-content\">\n\t\t<div class=\"fl-separator\"><\/div>\n\t<\/div>\n<\/div>\n\t<\/div>\n<\/div>\n\t<\/div>\n\t\t<\/div>\n\t<\/div>\n<\/div>\n<div class=\"fl-row fl-row-fixed-width fl-row-bg-none fl-node-7j6tq0ldyxsg\" data-node=\"7j6tq0ldyxsg\">\n\t<div class=\"fl-row-content-wrap\">\n\t\t\t\t\t\t<div class=\"fl-row-content fl-row-fixed-width fl-node-content\">\n\t\t\n<div class=\"fl-col-group fl-node-91mtdjeb2aqr\" data-node=\"91mtdjeb2aqr\">\n\t\t\t<div class=\"fl-col fl-node-lwmz1kx4c82t\" data-node=\"lwmz1kx4c82t\">\n\t<div class=\"fl-col-content fl-node-content\">\n\t<div class=\"fl-module fl-module-html fl-node-h8qx9ad0vplf\" data-node=\"h8qx9ad0vplf\">\n\t<div class=\"fl-module-content fl-node-content\">\n\t\t<div class=\"fl-html\">\n\t<script>\n(function(){\n  var LANG = 'SPA'; \/\/ Cambia: ENG \/ FRA \/ SPA per le altre pagine\n\n  \/\/ \ud83d\udc49 Imposta il selettore del form dell'ebook FT8&FT4\n  var FORM_SELECTOR = 'form[name=\"EmailForm\"]'; \/\/ cambia col name\/id reale del form\n\n  var PRODUCT_NAME = 'Ebook FT8 & FT4';\n  var PRODUCT_CODE = 'EL-EBOOK-FT8FT4-' + LANG;\n\n  function whenFbqReady(cb){\n    var i=0,t=setInterval(function(){i++; if(window.fbq&&fbq.callMethod){clearInterval(t);cb();} if(i>200){clearInterval(t);} },50);\n  }\n\n  \/* === VIEWCONTENT all\u2019apertura === *\/\n  whenFbqReady(function(){\n    if (window.__EL_VC_FT8_FIRED) return;\n    window.__EL_VC_FT8_FIRED = true;\n    fbq('track','ViewContent',{\n      content_name: PRODUCT_NAME + ' ('+LANG+')',\n      content_ids:[PRODUCT_CODE],\n      content_type:'product',\n      language: LANG\n    });\n  });\n\n  \/* === INITIATECHECKOUT su invio form === *\/\n  function fireIC(){\n    whenFbqReady(function(){\n      if (window.__EL_IC_FT8_FIRED) return;\n      window.__EL_IC_FT8_FIRED = true;\n      fbq('track','InitiateCheckout',{\n        content_name: PRODUCT_NAME + ' ('+LANG+')',\n        content_ids:[PRODUCT_CODE],\n        content_type:'product',\n        language: LANG\n      });\n    });\n  }\n\n  document.addEventListener('submit', function(e){\n    var f = e.target;\n    if (!f || !f.matches || !f.matches(FORM_SELECTOR)) return;\n    if (e.defaultPrevented===true) return; \/\/ validazione blocca \u2192 non sparare\n    fireIC();\n  }, true);\n\n  \/\/ Se il form usa click JS\/AJAX invece del submit tradizionale\n  document.addEventListener('click', function(e){\n    var btn = e.target.closest(FORM_SELECTOR+' button, '+FORM_SELECTOR+' input[type=\"submit\"], '+FORM_SELECTOR+' a');\n    if (!btn) return;\n    fireIC();\n  }, true);\n})();\n<\/script>\n<\/div>\n\t<\/div>\n<\/div>\n\t<\/div>\n<\/div>\n\t<\/div>\n\t\t<\/div>\n\t<\/div>\n<\/div>\n<\/div>","protected":false},"excerpt":{"rendered":"<p>Una gu\u00eda pr\u00e1ctica para maximizar el potencial del FT8 para los radioaficionados Descargar por s\u00f3lo 9,95\u20ac Esta tarde he le\u00eddo la gu\u00eda sobre el FT8 y el FT4 que he comprado por 10 euros. Aunque llevo mucho tiempo utilizando esta tecnolog\u00eda, debo decir que el manual est\u00e1 realmente bien hecho y es absolutamente indispensable para&hellip;<\/p>\n","protected":false},"author":1,"featured_media":0,"parent":0,"menu_order":0,"comment_status":"closed","ping_status":"closed","template":"","meta":{"om_disable_all_campaigns":false,"_monsterinsights_skip_tracking":false,"_monsterinsights_sitenote_active":false,"_monsterinsights_sitenote_note":"","_monsterinsights_sitenote_category":0},"aioseo_notices":[],"_links":{"self":[{"href":"https:\/\/www.easylog.com\/es\/wp-json\/wp\/v2\/pages\/4905"}],"collection":[{"href":"https:\/\/www.easylog.com\/es\/wp-json\/wp\/v2\/pages"}],"about":[{"href":"https:\/\/www.easylog.com\/es\/wp-json\/wp\/v2\/types\/page"}],"author":[{"embeddable":true,"href":"https:\/\/www.easylog.com\/es\/wp-json\/wp\/v2\/users\/1"}],"replies":[{"embeddable":true,"href":"https:\/\/www.easylog.com\/es\/wp-json\/wp\/v2\/comments?post=4905"}],"version-history":[{"count":19,"href":"https:\/\/www.easylog.com\/es\/wp-json\/wp\/v2\/pages\/4905\/revisions"}],"predecessor-version":[{"id":11548,"href":"https:\/\/www.easylog.com\/es\/wp-json\/wp\/v2\/pages\/4905\/revisions\/11548"}],"wp:attachment":[{"href":"https:\/\/www.easylog.com\/es\/wp-json\/wp\/v2\/media?parent=4905"}],"curies":[{"name":"wp","href":"https:\/\/api.w.org\/{rel}","templated":true}]}}