{"id":1249,"date":"2020-11-24T10:56:09","date_gmt":"2020-11-24T09:56:09","guid":{"rendered":"http:\/\/www.easylog.com\/easylog\/contactez-nous\/"},"modified":"2026-03-11T03:09:44","modified_gmt":"2026-03-11T02:09:44","slug":"contactez-nous","status":"publish","type":"page","link":"https:\/\/www.easylog.com\/fr\/contactez-nous\/","title":{"rendered":"Contactez-nous"},"content":{"rendered":"<div class=\"fl-builder-content fl-builder-content-1249 fl-builder-global-templates-locked\" data-post-id=\"1249\"><div class=\"fl-row fl-row-fixed-width fl-row-bg-none fl-node-5f03ae287d009\" data-node=\"5f03ae287d009\">\n\t<div class=\"fl-row-content-wrap\">\n\t\t\t\t\t\t<div class=\"fl-row-content fl-row-fixed-width fl-node-content\">\n\t\t\n<div class=\"fl-col-group fl-node-5f03ae287fd73\" data-node=\"5f03ae287fd73\">\n\t\t\t<div class=\"fl-col fl-node-5f03ae287ffb4\" data-node=\"5f03ae287ffb4\">\n\t<div class=\"fl-col-content fl-node-content\">\n\t<div class=\"fl-module fl-module-heading fl-node-5f03ae287c9d5\" data-node=\"5f03ae287c9d5\">\n\t<div class=\"fl-module-content fl-node-content\">\n\t\t<h2 class=\"fl-heading\">\n\t\t<span class=\"fl-heading-text\">Contactez-nous<\/span>\n\t<\/h2>\n\t<\/div>\n<\/div>\n\t<\/div>\n<\/div>\n\t<\/div>\n\n<div class=\"fl-col-group fl-node-mt5jhbr1xyuk\" data-node=\"mt5jhbr1xyuk\">\n\t\t\t<div class=\"fl-col fl-node-5f6ce16c86e17\" data-node=\"5f6ce16c86e17\">\n\t<div class=\"fl-col-content fl-node-content\">\n\t<div class=\"fl-module fl-module-rich-text fl-node-q28dn40plegx\" data-node=\"q28dn40plegx\">\n\t<div class=\"fl-module-content fl-node-content\">\n\t\t<div class=\"fl-rich-text\">\n\t<p><span style=\"font-size: large;\">Nous aimons avoir de vos nouvelles. N'h\u00e9sitez pas \u00e0 nous contacter si vous avez une question, ou besoin d'aide ou pour nous envoyer vos commentaires. Vous pouvez nous contacter peut importe la raison. Laissez-nous un message ici, et nous vous r\u00e9pondrons d\u00e8s que possible.<\/span><\/p>\n<\/div>\n\t<\/div>\n<\/div>\n\t<\/div>\n<\/div>\n\t<\/div>\n\t\t<\/div>\n\t<\/div>\n<\/div>\n<div class=\"fl-row fl-row-fixed-width fl-row-bg-none fl-node-4fgkntluqz7v\" data-node=\"4fgkntluqz7v\">\n\t<div class=\"fl-row-content-wrap\">\n\t\t\t\t\t\t<div class=\"fl-row-content fl-row-fixed-width fl-node-content\">\n\t\t\n<div class=\"fl-col-group fl-node-9luz5ed0xkqp fl-col-group-custom-width\" data-node=\"9luz5ed0xkqp\">\n\t\t\t<div class=\"fl-col fl-node-y76mpgif23sr fl-col-small\" data-node=\"y76mpgif23sr\">\n\t<div class=\"fl-col-content fl-node-content\">\n\t\t<\/div>\n<\/div>\n\t\t\t<div class=\"fl-col fl-node-5k1mw4sjzx3a fl-col-small\" data-node=\"5k1mw4sjzx3a\">\n\t<div class=\"fl-col-content fl-node-content\">\n\t<div class=\"fl-module fl-module-contact-form fl-node-5f03ac4897bd2\" data-node=\"5f03ac4897bd2\">\n\t<div class=\"fl-module-content fl-node-content\">\n\t\t<form class=\"fl-contact-form\" >\t<input type=\"hidden\" name=\"fl-layout-id\" value=\"1249\" \/>\n\t\t<div class=\"fl-input-group fl-name\">\n\t\t<label for=\"fl-name \" >Votre nom<\/label>\n\t\t<span class=\"fl-contact-error\" id=\"name-error\">Veuillez entrer votre nom.<\/span>\n\t\t<input type=\"text\" id=\"fl-name\" name=\"fl-name\" aria-describedby=\"name-error\" value=\"\" placeholder=\"\" \/>\n\t<\/div>\n\t\t\t\t<div class=\"fl-input-group fl-email\">\n\t\t<label for=\"fl-email\" >Votre adresse e-mail<\/label>\n\t\t<span class=\"fl-contact-error\" id=\"email-error\">Veuillez entrer une adresse email valide.<\/span>\n\t\t<input type=\"email\" id=\"fl-email\" aria-describedby=\"email-error\" name=\"fl-email\" value=\"\" placeholder=\"\" \/>\n\t<\/div>\n\t\t\t<div class=\"fl-input-group fl-message\">\n\t\t<label for=\"fl-message\" >Votre message<\/label>\n\t\t<span class=\"fl-contact-error\" id=\"message-error\">Veuillez entrer un message.<\/span>\n\t\t<textarea id=\"fl-message\" name=\"fl-message\" aria-describedby=\"message-error\" placeholder=\"\"><\/textarea>\n\t<\/div>\n\t\n\t\t<div class=\"fl-button-wrap fl-button-width-auto fl-button-center fl-button-has-icon\">\n\t\t\t<a href=\"#\" target=\"_self\" class=\"fl-button\" role=\"button\">\n\t\t\t\t\t<i class=\"fl-button-icon fl-button-icon-before fi-mail\" aria-hidden=\"true\"><\/i>\n\t\t\t\t\t\t<span class=\"fl-button-text\">Envoyer<\/span>\n\t\t\t\t\t<\/a>\n<\/div>\n\t\n\t<span class=\"fl-send-error\" style=\"display:none;\">L'envoi du message a \u00e9chou\u00e9e. Merci de r\u00e9essayer.<\/span>\n<\/form>\n\t<span class=\"fl-success-msg\" style=\"display:none;\"><p>Message envoy\u00e9<\/p><\/span>\n\t<\/div>\n<\/div>\n\t<\/div>\n<\/div>\n\t\t\t<div class=\"fl-col fl-node-3b7qzk4tefmv fl-col-small\" data-node=\"3b7qzk4tefmv\">\n\t<div class=\"fl-col-content fl-node-content\">\n\t\t<\/div>\n<\/div>\n\t\t\t<div class=\"fl-col fl-node-ukfbvw5x7ci4 fl-col-small\" data-node=\"ukfbvw5x7ci4\">\n\t<div class=\"fl-col-content fl-node-content\">\n\t<div class=\"fl-module fl-module-photo fl-node-1octgixwrjdn\" data-node=\"1octgixwrjdn\">\n\t<div class=\"fl-module-content fl-node-content\">\n\t\t<div class=\"fl-photo fl-photo-align-center\" itemscope itemtype=\"https:\/\/schema.org\/ImageObject\">\n\t<div class=\"fl-photo-content fl-photo-img-webp\">\n\t\t\t\t<img decoding=\"async\" loading=\"lazy\" class=\"fl-photo-img wp-image-6184 size-full\" src=\"https:\/\/www.easylog.com\/wp-content\/uploads\/2025\/05\/DALL\u00b7E-2025-02-17-19.51.02-Two-male-technicians-sitting-in-a-normal-office-room-working-in-front-of-a-computer.-They-are-both-focused-on-the-screen-collaborating-on-a-project.webp\" alt=\"DALL\u00b7E 2025-02-17 19.51.02 - Two male technicians sitting in a normal office room, working in front of a computer. They are both focused on the screen, collaborating on a project\" itemprop=\"image\" height=\"1024\" width=\"1024\" title=\"DALL\u00b7E 2025-02-17 19.51.02 - Two male technicians sitting in a normal office room, working in front of a computer. They are both focused on the screen, collaborating on a project\" srcset=\"https:\/\/www.easylog.com\/wp-content\/uploads\/2025\/05\/DALL\u00b7E-2025-02-17-19.51.02-Two-male-technicians-sitting-in-a-normal-office-room-working-in-front-of-a-computer.-They-are-both-focused-on-the-screen-collaborating-on-a-project.webp 1024w, https:\/\/www.easylog.com\/wp-content\/uploads\/2025\/05\/DALL\u00b7E-2025-02-17-19.51.02-Two-male-technicians-sitting-in-a-normal-office-room-working-in-front-of-a-computer.-They-are-both-focused-on-the-screen-collaborating-on-a-project-300x300.webp 300w, https:\/\/www.easylog.com\/wp-content\/uploads\/2025\/05\/DALL\u00b7E-2025-02-17-19.51.02-Two-male-technicians-sitting-in-a-normal-office-room-working-in-front-of-a-computer.-They-are-both-focused-on-the-screen-collaborating-on-a-project-150x150.webp 150w, https:\/\/www.easylog.com\/wp-content\/uploads\/2025\/05\/DALL\u00b7E-2025-02-17-19.51.02-Two-male-technicians-sitting-in-a-normal-office-room-working-in-front-of-a-computer.-They-are-both-focused-on-the-screen-collaborating-on-a-project-768x768.webp 768w\" sizes=\"(max-width: 1024px) 100vw, 1024px\" \/>\n\t\t\t\t\t<\/div>\n\t<\/div>\n\t<\/div>\n<\/div>\n\t<\/div>\n<\/div>\n\t<\/div>\n\t\t<\/div>\n\t<\/div>\n<\/div>\n<div class=\"fl-row fl-row-fixed-width fl-row-bg-none fl-node-5f03ae5b19d9d\" data-node=\"5f03ae5b19d9d\">\n\t<div class=\"fl-row-content-wrap\">\n\t\t\t\t\t\t<div class=\"fl-row-content fl-row-fixed-width fl-node-content\">\n\t\t\t\t<\/div>\n\t<\/div>\n<\/div>\n<div class=\"fl-row fl-row-fixed-width fl-row-bg-none fl-node-5f03ac4897deb\" data-node=\"5f03ac4897deb\">\n\t<div class=\"fl-row-content-wrap\">\n\t\t\t\t\t\t<div class=\"fl-row-content fl-row-fixed-width fl-node-content\">\n\t\t\n<div class=\"fl-col-group fl-node-5f03ac4899763\" data-node=\"5f03ac4899763\">\n\t\t\t<div class=\"fl-col fl-node-5f03ac4899988\" data-node=\"5f03ac4899988\">\n\t<div class=\"fl-col-content fl-node-content\">\n\t\t<\/div>\n<\/div>\n\t<\/div>\n\t\t<\/div>\n\t<\/div>\n<\/div>\n<\/div>","protected":false},"excerpt":{"rendered":"<p>Contactez-nous Nous aimons avoir de vos nouvelles. N&rsquo;h\u00e9sitez pas \u00e0 nous contacter si vous avez une question, ou besoin d&rsquo;aide ou pour nous envoyer vos commentaires. Vous pouvez nous contacter peut importe la raison. Laissez-nous un message ici, et nous vous r\u00e9pondrons d\u00e8s que possible. Votre nom Veuillez entrer votre nom. Votre adresse e-mail Veuillez&hellip;<\/p>\n","protected":false},"author":1,"featured_media":0,"parent":0,"menu_order":7,"comment_status":"closed","ping_status":"closed","template":"","meta":{"om_disable_all_campaigns":false,"_monsterinsights_skip_tracking":false,"_monsterinsights_sitenote_active":false,"_monsterinsights_sitenote_note":"","_monsterinsights_sitenote_category":0},"aioseo_notices":[],"_links":{"self":[{"href":"https:\/\/www.easylog.com\/fr\/wp-json\/wp\/v2\/pages\/1249"}],"collection":[{"href":"https:\/\/www.easylog.com\/fr\/wp-json\/wp\/v2\/pages"}],"about":[{"href":"https:\/\/www.easylog.com\/fr\/wp-json\/wp\/v2\/types\/page"}],"author":[{"embeddable":true,"href":"https:\/\/www.easylog.com\/fr\/wp-json\/wp\/v2\/users\/1"}],"replies":[{"embeddable":true,"href":"https:\/\/www.easylog.com\/fr\/wp-json\/wp\/v2\/comments?post=1249"}],"version-history":[{"count":2,"href":"https:\/\/www.easylog.com\/fr\/wp-json\/wp\/v2\/pages\/1249\/revisions"}],"predecessor-version":[{"id":11643,"href":"https:\/\/www.easylog.com\/fr\/wp-json\/wp\/v2\/pages\/1249\/revisions\/11643"}],"wp:attachment":[{"href":"https:\/\/www.easylog.com\/fr\/wp-json\/wp\/v2\/media?parent=1249"}],"curies":[{"name":"wp","href":"https:\/\/api.w.org\/{rel}","templated":true}]}}