{"id":1752,"date":"2021-03-16T22:22:41","date_gmt":"2021-03-16T21:22:41","guid":{"rendered":"https:\/\/www.easylog.com\/page-de-mise-a-jour-des-custom-award\/"},"modified":"2025-12-20T16:34:24","modified_gmt":"2025-12-20T15:34:24","slug":"page-de-mise-a-jour-des-custom-award","status":"publish","type":"page","link":"https:\/\/www.easylog.com\/fr\/page-de-mise-a-jour-des-custom-award\/","title":{"rendered":"Page de mise \u00e0 jour des Custom Award"},"content":{"rendered":"<div class=\"fl-builder-content fl-builder-content-1752 fl-builder-global-templates-locked\" data-post-id=\"1752\"><div class=\"fl-row fl-row-fixed-width fl-row-bg-none fl-node-6050a8e872d51\" data-node=\"6050a8e872d51\">\n\t<div class=\"fl-row-content-wrap\">\n\t\t\t\t\t\t<div class=\"fl-row-content fl-row-fixed-width fl-node-content\">\n\t\t\n<div class=\"fl-col-group fl-node-6050a8e872d53\" data-node=\"6050a8e872d53\">\n\t\t\t<div class=\"fl-col fl-node-6050a8e872d55\" data-node=\"6050a8e872d55\">\n\t<div class=\"fl-col-content fl-node-content\">\n\t\t<\/div>\n<\/div>\n\t<\/div>\n\t\t<\/div>\n\t<\/div>\n<\/div>\n<div class=\"fl-row fl-row-fixed-width fl-row-bg-none fl-node-6050a8e872d56\" data-node=\"6050a8e872d56\">\n\t<div class=\"fl-row-content-wrap\">\n\t\t\t\t\t\t<div class=\"fl-row-content fl-row-fixed-width fl-node-content\">\n\t\t\n<div class=\"fl-col-group fl-node-6050a8e872d57\" data-node=\"6050a8e872d57\">\n\t\t\t<div class=\"fl-col fl-node-6050a8e872d58\" data-node=\"6050a8e872d58\">\n\t<div class=\"fl-col-content fl-node-content\">\n\t<div class=\"fl-module fl-module-heading fl-node-6050a8e872d59\" data-node=\"6050a8e872d59\">\n\t<div class=\"fl-module-content fl-node-content\">\n\t\t<h2 class=\"fl-heading\">\n\t\t<span class=\"fl-heading-text\">Mise \u00e0 jour des Custom Award<\/span>\n\t<\/h2>\n\t<\/div>\n<\/div>\n\t<\/div>\n<\/div>\n\t<\/div>\n\t\t<\/div>\n\t<\/div>\n<\/div>\n<div class=\"fl-row fl-row-fixed-width fl-row-bg-none fl-node-6050a8e872d62\" data-node=\"6050a8e872d62\">\n\t<div class=\"fl-row-content-wrap\">\n\t\t\t\t\t\t<div class=\"fl-row-content fl-row-fixed-width fl-node-content\">\n\t\t\n<div class=\"fl-col-group fl-node-6050a8e872d63\" data-node=\"6050a8e872d63\">\n\t\t\t<div class=\"fl-col fl-node-6050a8e872d64\" data-node=\"6050a8e872d64\">\n\t<div class=\"fl-col-content fl-node-content\">\n\t<div class=\"fl-module fl-module-rich-text fl-node-6050a8e872d65\" data-node=\"6050a8e872d65\">\n\t<div class=\"fl-module-content fl-node-content\">\n\t\t<div class=\"fl-rich-text\">\n\t<p>Ce service permet de t\u00e9l\u00e9charger et d'installer les derni\u00e8res mises \u00e0 jour des Custom Awards.<\/p>\n<\/div>\n\t<\/div>\n<\/div>\n\t<\/div>\n<\/div>\n\t<\/div>\n\t\t<\/div>\n\t<\/div>\n<\/div>\n<div class=\"fl-row fl-row-fixed-width fl-row-bg-none fl-node-6050cf096164c\" data-node=\"6050cf096164c\">\n\t<div class=\"fl-row-content-wrap\">\n\t\t\t\t\t\t<div class=\"fl-row-content fl-row-fixed-width fl-node-content\">\n\t\t\n<div class=\"fl-col-group fl-node-6050cf09616e1\" data-node=\"6050cf09616e1\">\n\t\t\t<div class=\"fl-col fl-node-6050cf09616e3\" data-node=\"6050cf09616e3\">\n\t<div class=\"fl-col-content fl-node-content\">\n\t<div class=\"fl-module fl-module-heading fl-node-6050cf09616e4\" data-node=\"6050cf09616e4\">\n\t<div class=\"fl-module-content fl-node-content\">\n\t\t<h1 class=\"fl-heading\">\n\t\t<span class=\"fl-heading-text\">Mises \u00e0 jour<\/span>\n\t<\/h1>\n\t<\/div>\n<\/div>\n\t<\/div>\n<\/div>\n\t<\/div>\n\t\t<\/div>\n\t<\/div>\n<\/div>\n<div class=\"fl-row fl-row-fixed-width fl-row-bg-none fl-node-6050c7499745a\" data-node=\"6050c7499745a\">\n\t<div class=\"fl-row-content-wrap\">\n\t\t\t\t\t\t<div class=\"fl-row-content fl-row-fixed-width fl-node-content\">\n\t\t\n<div class=\"fl-col-group fl-node-6050c74997440\" data-node=\"6050c74997440\">\n\t\t\t<div class=\"fl-col fl-node-6050c74997454 fl-col-small\" data-node=\"6050c74997454\">\n\t<div class=\"fl-col-content fl-node-content\">\n\t<div class=\"fl-module fl-module-callout fl-node-6050c7499744b fl-animation fl-flip-vertical\" data-node=\"6050c7499744b\" data-animation-delay=\"0\" data-animation-duration=\"1\">\n\t<div class=\"fl-module-content fl-node-content\">\n\t\t<div class=\"fl-callout fl-callout-center fl-callout-has-icon fl-callout-icon-above-title\">\n\t\t<div class=\"fl-callout-content\">\n\t\t\t<span class=\"fl-icon\">\n\t\t\t\t<i class=\"far fa-eye\" aria-hidden=\"true\"><\/i>\n\t\t\t\t\t<\/span>\n\t<h3 class=\"fl-callout-title\"><span class=\"fl-callout-title-text\">Mises \u00e0 jour gratuites<\/span><\/h3>\t\t<div class=\"fl-callout-text-wrap\">\n\t\t\t<div class=\"fl-callout-text\"><p style=\"text-align: left;\"><span style=\"font-size: 18px;\">Ce service fournit une mise \u00e0 jour GRATUITE des r\u00e9compenses personnalis\u00e9es une fois par an.<\/span><\/p>\n<p style=\"text-align: left;\"><span style=\"font-size: 18px;\">Tous les utilisateurs peuvent acc\u00e9der \u00e0 ce service m\u00eame si leur acc\u00e8s \u00e0 la zone r\u00e9serv\u00e9e aux utilisateurs a expir\u00e9.<\/span><\/p>\n<\/div>\t\t<\/div>\n\t<\/div>\n\t<\/div>\n\t<\/div>\n<\/div>\n\t<\/div>\n<\/div>\n\t\t\t<div class=\"fl-col fl-node-6050c9127d71d fl-col-small\" data-node=\"6050c9127d71d\">\n\t<div class=\"fl-col-content fl-node-content\">\n\t<div class=\"fl-module fl-module-callout fl-node-6050c90b9066d fl-animation fl-flip-vertical\" data-node=\"6050c90b9066d\" data-animation-delay=\"0\" data-animation-duration=\"1\">\n\t<div class=\"fl-module-content fl-node-content\">\n\t\t<div class=\"fl-callout fl-callout-center fl-callout-has-icon fl-callout-icon-above-title\">\n\t\t<div class=\"fl-callout-content\">\n\t\t\t<span class=\"fl-icon\">\n\t\t\t\t<i class=\"far fa-eye\" aria-hidden=\"true\"><\/i>\n\t\t\t\t\t<\/span>\n\t<h3 class=\"fl-callout-title\"><span class=\"fl-callout-title-text\">Mises \u00e0 jour r\u00e9guli\u00e8res<\/span><\/h3>\t\t<div class=\"fl-callout-text-wrap\">\n\t\t\t<div class=\"fl-callout-text\"><p style=\"text-align: left;\"><span style=\"font-size: 18px;\">Des mises \u00e0 jour r\u00e9guli\u00e8res des prix personnalis\u00e9s seront disponibles dans la zone r\u00e9serv\u00e9e aux utilisateurs d\u00e8s que des modifications importantes seront apport\u00e9es.<\/span><\/p>\n<p style=\"text-align: left;\"><span style=\"font-size: 18px;\">Ce service est destin\u00e9 \u00e0 ceux dont le soutien et l'acc\u00e8s \u00e0 la zone r\u00e9serv\u00e9e aux utilisateurs sont toujours actifs.<\/span><\/p>\n<\/div>\t\t<\/div>\n\t<\/div>\n\t<\/div>\n\t<\/div>\n<\/div>\n\t<\/div>\n<\/div>\n\t<\/div>\n\t\t<\/div>\n\t<\/div>\n<\/div>\n<div class=\"fl-row fl-row-fixed-width fl-row-bg-none fl-node-6050a8e872d75\" data-node=\"6050a8e872d75\">\n\t<div class=\"fl-row-content-wrap\">\n\t\t\t\t\t\t<div class=\"fl-row-content fl-row-fixed-width fl-node-content\">\n\t\t\n<div class=\"fl-col-group fl-node-6050a8e872d76\" data-node=\"6050a8e872d76\">\n\t\t\t<div class=\"fl-col fl-node-6050a8e872d77\" data-node=\"6050a8e872d77\">\n\t<div class=\"fl-col-content fl-node-content\">\n\t\t<\/div>\n<\/div>\n\t<\/div>\n\t\t<\/div>\n\t<\/div>\n<\/div>\n<div class=\"fl-row fl-row-fixed-width fl-row-bg-none fl-node-6050c74997457\" data-node=\"6050c74997457\">\n\t<div class=\"fl-row-content-wrap\">\n\t\t\t\t\t\t<div class=\"fl-row-content fl-row-fixed-width fl-node-content\">\n\t\t\n<div class=\"fl-col-group fl-node-6050c74997452\" data-node=\"6050c74997452\">\n\t\t\t<div class=\"fl-col fl-node-6050c74997455\" data-node=\"6050c74997455\">\n\t<div class=\"fl-col-content fl-node-content\">\n\t<div class=\"fl-module fl-module-heading fl-node-6050c74997456\" data-node=\"6050c74997456\">\n\t<div class=\"fl-module-content fl-node-content\">\n\t\t<h1 class=\"fl-heading\">\n\t\t<span class=\"fl-heading-text\">T\u00e9l\u00e9chargement et installation<\/span>\n\t<\/h1>\n\t<\/div>\n<\/div>\n\t<\/div>\n<\/div>\n\t<\/div>\n\t\t<\/div>\n\t<\/div>\n<\/div>\n<div class=\"fl-row fl-row-fixed-width fl-row-bg-none fl-node-6050cf4226c17\" data-node=\"6050cf4226c17\">\n\t<div class=\"fl-row-content-wrap\">\n\t\t\t\t\t\t<div class=\"fl-row-content fl-row-fixed-width fl-node-content\">\n\t\t\n<div class=\"fl-col-group fl-node-6050cf4226d4f\" data-node=\"6050cf4226d4f\">\n\t\t\t<div class=\"fl-col fl-node-6050cf4226d50 fl-col-small\" data-node=\"6050cf4226d50\">\n\t<div class=\"fl-col-content fl-node-content\">\n\t<div class=\"fl-module fl-module-callout fl-node-6050cf4226d51 fl-animation fl-flip-horizontal\" data-node=\"6050cf4226d51\" data-animation-delay=\"0\" data-animation-duration=\"1\">\n\t<div class=\"fl-module-content fl-node-content\">\n\t\t<div class=\"fl-callout fl-callout-center fl-callout-has-icon fl-callout-icon-above-title\">\n\t\t<div class=\"fl-callout-content\">\n\t\t\t<span class=\"fl-icon\">\n\t\t\t\t<i class=\"far fa-file-download\" aria-hidden=\"true\"><\/i>\n\t\t\t\t\t<\/span>\n\t<h3 class=\"fl-callout-title\"><span class=\"fl-callout-title-text\">Depuis ao\u00fbt 2013 NOUVELLE VERSION - Auto Installer<\/span><\/h3>\t\t<div class=\"fl-callout-text-wrap\">\n\t\t\t<div class=\"fl-callout-text\"><p style=\"text-align: left;\"><span style=\"font-size: 18px;\">Ce programme de mise \u00e0 jour doit \u00eatre utilis\u00e9 si vous utilisez Windows 7-8-10 \u00e0 64 Bit. En effet, Microsoft a modifi\u00e9 son moteur de commande MS-DOS et la version pr\u00e9c\u00e9dente des prix personnalis\u00e9s ne fonctionne pas encore.<\/span><\/p>\n<p style=\"text-align: left;\"><span style=\"font-size: 18px;\">Nous vous sugg\u00e9rons cependant d'utiliser ce programme de mise \u00e0 jour de quelque mani\u00e8re que ce soit, il g\u00e8re tout le processus automatiquement.<\/span><\/p>\n<p style=\"text-align: left;\"><span style=\"font-size: 18px;\">Le nouvel installateur mettra automatiquement \u00e0 jour les 142 prix personnalis\u00e9s :<\/span><\/p>\n<p style=\"text-align: left;\"><span style=\"font-size: 18px;\">Voir liste mise \u00e0 jour incluse dans le fichier CUSTOM.ZIP<\/span><\/p>\n<p style=\"text-align: left;\"><span style=\"font-size: 18px;\">Cliquez ci-dessous pour t\u00e9l\u00e9charger le fichier d'installation automatique CustomAward_Installer.exe.<\/span><\/p>\n<p><span style=\"font-size: 18px;\"><a class=\"external text\" href=\"https:\/\/www.easylog.com\/CHECK\/CustomAward_Installer.EXE\" rel=\"nofollow\">t\u00e9l\u00e9chargez la derni\u00e8re mise \u00e0 jour des prix personnalis\u00e9s<\/a><\/span><\/p>\n<\/div>\t\t<\/div>\n\t<\/div>\n\t<\/div>\n\t<\/div>\n<\/div>\n\t<\/div>\n<\/div>\n\t\t\t<div class=\"fl-col fl-node-6050cf4226d52 fl-col-small\" data-node=\"6050cf4226d52\">\n\t<div class=\"fl-col-content fl-node-content\">\n\t<div class=\"fl-module fl-module-callout fl-node-6050cf4226d53 fl-animation fl-flip-horizontal\" data-node=\"6050cf4226d53\" data-animation-delay=\"0\" data-animation-duration=\"1\">\n\t<div class=\"fl-module-content fl-node-content\">\n\t\t<div class=\"fl-callout fl-callout-center fl-callout-has-icon fl-callout-icon-above-title\">\n\t\t<div class=\"fl-callout-content\">\n\t\t\t<span class=\"fl-icon\">\n\t\t\t\t<i class=\"fal fa-file-download\" aria-hidden=\"true\"><\/i>\n\t\t\t\t\t<\/span>\n\t<h3 class=\"fl-callout-title\"><span class=\"fl-callout-title-text\">Mise \u00e0 jour Custom 1 janvier 2026 - Auto Installer<\/span><\/h3>\t\t<div class=\"fl-callout-text-wrap\">\n\t\t\t<div class=\"fl-callout-text\"><dl>\n<dd>\n<dl>\n<dd>\n<ul>\n<li style=\"text-align: left;\"><span style=\"font-size: 18px;\">13 mises \u00e0 jour personnalis\u00e9es sont disponibles (version 6.10 - v\u00e9rifier le fichier)<\/span><\/li>\n<\/ul>\n<p style=\"text-align: center;\"><span style=\"font-size: 18px;\"> <a href=\"https:\/\/www.easylog.com\/CHECK\/customEN.pdf\">customEN.pdf<\/a><\/span><\/p>\n<\/dd>\n<\/dl>\n<\/dd>\n<\/dl>\n<ul style=\"text-align: left;\">\n<li style=\"text-align: left;\"><span style=\"font-size: 18px;\">Cliquez ci-dessous pour t\u00e9l\u00e9charger le fichier d'installation automatique CustomAward_Installer.exe.<\/span><\/li>\n<\/ul>\n<p style=\"text-align: center;\"><span style=\"font-size: 18px;\"><a class=\"external text\" href=\"https:\/\/www.easylog.com\/CHECK\/CustomAward_Installer.EXE\" rel=\"nofollow\">auto installer file<\/a><\/span><\/p>\n<p style=\"text-align: center;\"><span style=\"font-size: 18px;\">--<\/span><\/p>\n<dl>\n<dd>\n<dl>\n<dd>\n<ul>\n<li style=\"text-align: left;\"><span style=\"font-size: 18px;\">Cliquez sur le lien suivant pour t\u00e9l\u00e9charger le fichier CUSTOM.ZIP.<\/span><\/li>\n<\/ul>\n<\/dd>\n<\/dl>\n<\/dd>\n<\/dl>\n<dl>\n<dd>\n<dl>\n<dd>\n<dl>\n<dd><span style=\"font-size: 18px;\"><a class=\"external text\" href=\"https:\/\/www.easylog.com\/CHECK\/CustomAward_Installer.EXE\" rel=\"nofollow\">t\u00e9l\u00e9chargez la derni\u00e8re mise \u00e0 jour des prix CUSTOM<\/a><\/span><\/dd>\n<\/dl>\n<\/dd>\n<\/dl>\n<\/dd>\n<\/dl>\n<dl>\n<dd>\n<dl>\n<dd>\n<ul>\n<li style=\"text-align: left;\"><span style=\"font-size: 18px;\">Enregistrez-le dans un r\u00e9pertoire temporaire et d\u00e9compressez-le.<\/span><\/li>\n<\/ul>\n<\/dd>\n<\/dl>\n<\/dd>\n<\/dl>\n<dl>\n<dd>\n<dl>\n<dd>\n<ul>\n<li style=\"text-align: left;\"><span style=\"font-size: 18px;\">Copiez tous les fichiers d\u00e9velopp\u00e9s \u00e0 partir de CUSTOM.ZIP dans le r\u00e9pertoire EL5AWARDS. Ce r\u00e9pertoire contient tous les prototypes de r\u00e9compenses personnalis\u00e9es qui sont disponibles pour \u00eatre install\u00e9s dans un journal.<\/span><\/li>\n<\/ul>\n<\/dd>\n<\/dl>\n<\/dd>\n<\/dl>\n<dl>\n<dd>\n<dl>\n<dd>\n<ul>\n<li style=\"text-align: left;\"><span style=\"font-size: 18px;\">Les r\u00e9compenses personnalis\u00e9es d\u00e9j\u00e0 pr\u00e9sentes dans EL5AWARDS seront \u00e9cras\u00e9es par les nouvelles versions mises \u00e0 jour qui proviennent du fichier CUSTOM.ZIP.<\/span><\/li>\n<\/ul>\n<\/dd>\n<\/dl>\n<\/dd>\n<\/dl>\n<dl>\n<dd>\n<dl>\n<dd>\n<ul>\n<li style=\"text-align: left;\"><span style=\"font-size: 18px;\">\u00c0 l'int\u00e9rieur de CUSTOM.ZIP, vous trouverez \u00e9galement un fichier PDF contenant toute la liste d\u00e9taill\u00e9e des prix personnalis\u00e9s disponibles.<\/span><\/li>\n<\/ul>\n<\/dd>\n<\/dl>\n<\/dd>\n<\/dl>\n<\/div>\t\t<\/div>\n\t<\/div>\n\t<\/div>\n\t<\/div>\n<\/div>\n\t<\/div>\n<\/div>\n\t<\/div>\n\t\t<\/div>\n\t<\/div>\n<\/div>\n<div class=\"fl-row fl-row-fixed-width fl-row-bg-none fl-node-6050d8b2b0f30\" data-node=\"6050d8b2b0f30\">\n\t<div class=\"fl-row-content-wrap\">\n\t\t\t\t\t\t<div class=\"fl-row-content fl-row-fixed-width fl-node-content\">\n\t\t\n<div class=\"fl-col-group fl-node-6050d8b2b0f8d\" data-node=\"6050d8b2b0f8d\">\n\t\t\t<div class=\"fl-col fl-node-6050d8b2b0f8e\" data-node=\"6050d8b2b0f8e\">\n\t<div class=\"fl-col-content fl-node-content\">\n\t\t<\/div>\n<\/div>\n\t<\/div>\n\t\t<\/div>\n\t<\/div>\n<\/div>\n<div class=\"fl-row fl-row-fixed-width fl-row-bg-none fl-node-6050d0fca55e3\" data-node=\"6050d0fca55e3\">\n\t<div class=\"fl-row-content-wrap\">\n\t\t\t\t\t\t<div class=\"fl-row-content fl-row-fixed-width fl-node-content\">\n\t\t\n<div class=\"fl-col-group fl-node-6050d0fca56aa\" data-node=\"6050d0fca56aa\">\n\t\t\t<div class=\"fl-col fl-node-6050d0fca56ac\" data-node=\"6050d0fca56ac\">\n\t<div class=\"fl-col-content fl-node-content\">\n\t<div class=\"fl-module fl-module-heading fl-node-6050d0fca56ad\" data-node=\"6050d0fca56ad\">\n\t<div class=\"fl-module-content fl-node-content\">\n\t\t<h1 class=\"fl-heading\">\n\t\t<span class=\"fl-heading-text\">Utilit\u00e9<\/span>\n\t<\/h1>\n\t<\/div>\n<\/div>\n<div class=\"fl-module fl-module-callout fl-node-6050d1479ad2f fl-animation fl-flip-vertical\" data-node=\"6050d1479ad2f\" data-animation-delay=\"0\" data-animation-duration=\"1\">\n\t<div class=\"fl-module-content fl-node-content\">\n\t\t<div class=\"fl-callout fl-callout-center fl-callout-has-icon fl-callout-icon-above-title\">\n\t\t<div class=\"fl-callout-content\">\n\t\t\t<span class=\"fl-icon\">\n\t\t\t\t<i class=\"dashicons dashicons-before dashicons-admin-network\" aria-hidden=\"true\"><\/i>\n\t\t\t\t\t<\/span>\n\t<h3 class=\"fl-callout-title\"><span class=\"fl-callout-title-text\">Ancien utilitaire UPDATE.EXE (pour 32bit valable jusqu'en 2008)<\/span><\/h3>\t\t<div class=\"fl-callout-text-wrap\">\n\t\t\t<div class=\"fl-callout-text\"><dl>\n<dd>\n<dl>\n<dd>\n<ul>\n<li style=\"text-align: left;\"><span style=\"font-size: 18px;\">ous pouvez d\u00e9sormais t\u00e9l\u00e9charger l'utilitaire de mise \u00e0 jour en ligne de commande pour mettre \u00e0 jour les r\u00e9compenses personnalis\u00e9es d\u00e9j\u00e0 install\u00e9es dans vos journaux. Cet utilitaire vous permet d'ajouter automatiquement de nouvelles r\u00e9f\u00e9rences aux r\u00e9compenses personnalis\u00e9es existantes et install\u00e9es sans avoir \u00e0 remplacer ou \u00e9craser le tableau des r\u00e9compenses personnalis\u00e9es. Cela \u00e9vite la perte de donn\u00e9es (cr\u00e9dits, attributions manuelles...).<\/span><\/li>\n<\/ul>\n<\/dd>\n<\/dl>\n<\/dd>\n<\/dl>\n<dl>\n<dd>\n<dl>\n<dd>\n<dl>\n<dd><span style=\"font-size: 18px;\"><a class=\"external text\" href=\"https:\/\/www.easylog.com\/CHECK\/custom_update.zip\" rel=\"nofollow\">T\u00e9l\u00e9chargez le programme de mise \u00e0 jour des prix personnalis\u00e9s<\/a><\/span><\/dd>\n<\/dl>\n<\/dd>\n<\/dl>\n<\/dd>\n<\/dl>\n<dl>\n<dd>\n<dl>\n<dd>\n<ul>\n<li style=\"text-align: left;\"><span style=\"font-size: 18px;\">Le fichier CUSTOM_UPDATE.ZIP contient le fichier ex\u00e9cutable de l'utilitaire et quelques fichiers texte d'instructions :<\/span><br \/>\n<span style=\"font-size: 18px;\">update.exe (Le fichier ex\u00e9cutable de l'utilitaire)<\/span><br \/>\n<span style=\"font-size: 18px;\">updateEN.txt (Instructions d'installation et d'utilisation en anglais)<\/span><br \/>\n<span style=\"font-size: 18px;\">updiota.exe (Le fichier ex\u00e9cutable de l'utilitaire)<\/span><br \/>\n<span style=\"font-size: 18px;\">updiotaEN.txt (Instructions d'installation et d'utilisation en anglais)<\/span><\/p>\n<p style=\"text-align: center;\">\n<\/li>\n<\/ul>\n<p style=\"text-align: center;\"><strong><span style=\"font-size: 18px;\">Nous vous sugg\u00e9rons d'imprimer et de lire attentivement les fichiers updateEN.txt et updiotaEN.txt avant d'utiliser cet utilitaire !<\/span><\/strong><\/p>\n<\/dd>\n<\/dl>\n<\/dd>\n<\/dl>\n<\/div>\t\t<\/div>\n\t<\/div>\n\t<\/div>\n\t<\/div>\n<\/div>\n\t<\/div>\n<\/div>\n\t<\/div>\n\t\t<\/div>\n\t<\/div>\n<\/div>\n<div class=\"fl-row fl-row-fixed-width fl-row-bg-none fl-node-6050a8e872d5e\" data-node=\"6050a8e872d5e\">\n\t<div class=\"fl-row-content-wrap\">\n\t\t\t\t\t\t<div class=\"fl-row-content fl-row-fixed-width fl-node-content\">\n\t\t\n<div class=\"fl-col-group fl-node-6050a8e872d5f\" data-node=\"6050a8e872d5f\">\n\t\t\t<div class=\"fl-col fl-node-6050a8e872d60\" data-node=\"6050a8e872d60\">\n\t<div class=\"fl-col-content fl-node-content\">\n\t<div class=\"fl-module fl-module-rich-text fl-node-6050a8e872d61\" data-node=\"6050a8e872d61\">\n\t<div class=\"fl-module-content fl-node-content\">\n\t\t<div class=\"fl-rich-text\">\n\t<\/div>\n\t<\/div>\n<\/div>\n\t<\/div>\n<\/div>\n\t<\/div>\n\t\t<\/div>\n\t<\/div>\n<\/div>\n<div class=\"fl-row fl-row-fixed-width fl-row-bg-none fl-node-6050a8e872d84\" data-node=\"6050a8e872d84\">\n\t<div class=\"fl-row-content-wrap\">\n\t\t\t\t\t\t<div class=\"fl-row-content fl-row-fixed-width fl-node-content\">\n\t\t\n<div class=\"fl-col-group fl-node-6050a8e872d85\" data-node=\"6050a8e872d85\">\n\t\t\t<div class=\"fl-col fl-node-6050a8e872d86\" data-node=\"6050a8e872d86\">\n\t<div class=\"fl-col-content fl-node-content\">\n\t<div class=\"fl-module fl-module-rich-text fl-node-6050a8e872d87\" data-node=\"6050a8e872d87\">\n\t<div class=\"fl-module-content fl-node-content\">\n\t\t<div class=\"fl-rich-text\">\n\t<\/div>\n\t<\/div>\n<\/div>\n<div class=\"fl-module fl-module-rich-text fl-node-6050a9d5ec1bd\" data-node=\"6050a9d5ec1bd\">\n\t<div class=\"fl-module-content fl-node-content\">\n\t\t<div class=\"fl-rich-text\">\n\t<\/div>\n\t<\/div>\n<\/div>\n\t<\/div>\n<\/div>\n\t<\/div>\n\t\t<\/div>\n\t<\/div>\n<\/div>\n<div class=\"fl-row fl-row-fixed-width fl-row-bg-none fl-node-6050a8e872da5\" data-node=\"6050a8e872da5\">\n\t<div class=\"fl-row-content-wrap\">\n\t\t\t\t\t\t<div class=\"fl-row-content fl-row-fixed-width fl-node-content\">\n\t\t\n<div class=\"fl-col-group fl-node-6050a8e872da6\" data-node=\"6050a8e872da6\">\n\t\t\t<div class=\"fl-col fl-node-6050a8e872da7\" data-node=\"6050a8e872da7\">\n\t<div class=\"fl-col-content fl-node-content\">\n\t\t<\/div>\n<\/div>\n\t<\/div>\n\t\t<\/div>\n\t<\/div>\n<\/div>\n<\/div>","protected":false},"excerpt":{"rendered":"<p>Mise \u00e0 jour des Custom Award Ce service permet de t\u00e9l\u00e9charger et d&rsquo;installer les derni\u00e8res mises \u00e0 jour des Custom Awards. Mises \u00e0 jour Mises \u00e0 jour gratuites Ce service fournit une mise \u00e0 jour GRATUITE des r\u00e9compenses personnalis\u00e9es une fois par an. Tous les utilisateurs peuvent acc\u00e9der \u00e0 ce service m\u00eame si leur acc\u00e8s&hellip;<\/p>\n","protected":false},"author":5,"featured_media":0,"parent":0,"menu_order":0,"comment_status":"closed","ping_status":"closed","template":"","meta":{"om_disable_all_campaigns":false,"_monsterinsights_skip_tracking":false,"_monsterinsights_sitenote_active":false,"_monsterinsights_sitenote_note":"","_monsterinsights_sitenote_category":0},"aioseo_notices":[],"_links":{"self":[{"href":"https:\/\/www.easylog.com\/fr\/wp-json\/wp\/v2\/pages\/1752"}],"collection":[{"href":"https:\/\/www.easylog.com\/fr\/wp-json\/wp\/v2\/pages"}],"about":[{"href":"https:\/\/www.easylog.com\/fr\/wp-json\/wp\/v2\/types\/page"}],"author":[{"embeddable":true,"href":"https:\/\/www.easylog.com\/fr\/wp-json\/wp\/v2\/users\/5"}],"replies":[{"embeddable":true,"href":"https:\/\/www.easylog.com\/fr\/wp-json\/wp\/v2\/comments?post=1752"}],"version-history":[{"count":18,"href":"https:\/\/www.easylog.com\/fr\/wp-json\/wp\/v2\/pages\/1752\/revisions"}],"predecessor-version":[{"id":11298,"href":"https:\/\/www.easylog.com\/fr\/wp-json\/wp\/v2\/pages\/1752\/revisions\/11298"}],"wp:attachment":[{"href":"https:\/\/www.easylog.com\/fr\/wp-json\/wp\/v2\/media?parent=1752"}],"curies":[{"name":"wp","href":"https:\/\/api.w.org\/{rel}","templated":true}]}}