{"id":1767,"date":"2025-10-20T08:13:29","date_gmt":"2025-10-20T07:13:29","guid":{"rendered":"https:\/\/www.easylog.com\/page-de-mise-a-jour-du-manager\/"},"modified":"2026-03-20T10:51:03","modified_gmt":"2026-03-20T09:51:03","slug":"page-de-mise-a-jour-du-manager","status":"publish","type":"page","link":"https:\/\/www.easylog.com\/fr\/page-de-mise-a-jour-du-manager\/","title":{"rendered":"Page de mise \u00e0 jour du manager"},"content":{"rendered":"<div class=\"fl-builder-content fl-builder-content-1767 fl-builder-global-templates-locked\" data-post-id=\"1767\"><div class=\"fl-row fl-row-fixed-width fl-row-bg-none fl-node-604ba305ca6dd\" data-node=\"604ba305ca6dd\">\n\t<div class=\"fl-row-content-wrap\">\n\t\t\t\t\t\t<div class=\"fl-row-content fl-row-fixed-width fl-node-content\">\n\t\t\n<div class=\"fl-col-group fl-node-604ba305ca6df\" data-node=\"604ba305ca6df\">\n\t\t\t<div class=\"fl-col fl-node-604ba305ca6e0\" data-node=\"604ba305ca6e0\">\n\t<div class=\"fl-col-content fl-node-content\">\n\t\t<\/div>\n<\/div>\n\t<\/div>\n\t\t<\/div>\n\t<\/div>\n<\/div>\n<div class=\"fl-row fl-row-fixed-width fl-row-bg-none fl-node-604ba305ca6e1\" data-node=\"604ba305ca6e1\">\n\t<div class=\"fl-row-content-wrap\">\n\t\t\t\t\t\t<div class=\"fl-row-content fl-row-fixed-width fl-node-content\">\n\t\t\n<div class=\"fl-col-group fl-node-604ba305ca6e2\" data-node=\"604ba305ca6e2\">\n\t\t\t<div class=\"fl-col fl-node-604ba305ca6e3\" data-node=\"604ba305ca6e3\">\n\t<div class=\"fl-col-content fl-node-content\">\n\t<div class=\"fl-module fl-module-heading fl-node-604ba305ca6e4\" data-node=\"604ba305ca6e4\">\n\t<div class=\"fl-module-content fl-node-content\">\n\t\t<h2 class=\"fl-heading\">\n\t\t<span class=\"fl-heading-text\">Page de mise \u00e0 jour du manager - 20 mars 2026 - \u00ab 86.276 appels \u00bb.<\/span>\n\t<\/h2>\n\t<\/div>\n<\/div>\n\t<\/div>\n<\/div>\n\t<\/div>\n\t\t<\/div>\n\t<\/div>\n<\/div>\n<div class=\"fl-row fl-row-fixed-width fl-row-bg-none fl-node-604ba305ca6ed\" data-node=\"604ba305ca6ed\">\n\t<div class=\"fl-row-content-wrap\">\n\t\t\t\t\t\t<div class=\"fl-row-content fl-row-fixed-width fl-node-content\">\n\t\t\n<div class=\"fl-col-group fl-node-604ba305ca6ee\" data-node=\"604ba305ca6ee\">\n\t\t\t<div class=\"fl-col fl-node-604ba305ca6ef\" data-node=\"604ba305ca6ef\">\n\t<div class=\"fl-col-content fl-node-content\">\n\t<div class=\"fl-module fl-module-rich-text fl-node-604ba305ca6f0\" data-node=\"604ba305ca6f0\">\n\t<div class=\"fl-module-content fl-node-content\">\n\t\t<div class=\"fl-rich-text\">\n\t<p>EasyLog offre un service de mise \u00e0 jour de la base de donn\u00e9es de votre gestionnaire, afin que vos informations QSL soient toujours \u00e0 jour. Ce document explique comment t\u00e9l\u00e9charger et installer les mises \u00e0 jour du gestionnaire dans EasyLog.<\/p>\n<\/div>\n\t<\/div>\n<\/div>\n\t<\/div>\n<\/div>\n\t<\/div>\n\t\t<\/div>\n\t<\/div>\n<\/div>\n<div class=\"fl-row fl-row-fixed-width fl-row-bg-none fl-node-604bd47361e9c\" data-node=\"604bd47361e9c\">\n\t<div class=\"fl-row-content-wrap\">\n\t\t\t\t\t\t<div class=\"fl-row-content fl-row-fixed-width fl-node-content\">\n\t\t\n<div class=\"fl-col-group fl-node-604bd47361efb\" data-node=\"604bd47361efb\">\n\t\t\t<div class=\"fl-col fl-node-604bd47361efc\" data-node=\"604bd47361efc\">\n\t<div class=\"fl-col-content fl-node-content\">\n\t\t<\/div>\n<\/div>\n\t<\/div>\n\t\t<\/div>\n\t<\/div>\n<\/div>\n<div class=\"fl-row fl-row-fixed-width fl-row-bg-none fl-node-60508897c40de\" data-node=\"60508897c40de\">\n\t<div class=\"fl-row-content-wrap\">\n\t\t\t\t\t\t<div class=\"fl-row-content fl-row-fixed-width fl-node-content\">\n\t\t\n<div class=\"fl-col-group fl-node-60508897c40d9\" data-node=\"60508897c40d9\">\n\t\t\t<div class=\"fl-col fl-node-60508897c40dc\" data-node=\"60508897c40dc\">\n\t<div class=\"fl-col-content fl-node-content\">\n\t<div class=\"fl-module fl-module-heading fl-node-60508897c40dd\" data-node=\"60508897c40dd\">\n\t<div class=\"fl-module-content fl-node-content\">\n\t\t<h1 class=\"fl-heading\">\n\t\t<span class=\"fl-heading-text\">Mises \u00e0 jour<\/span>\n\t<\/h1>\n\t<\/div>\n<\/div>\n\t<\/div>\n<\/div>\n\t<\/div>\n\t\t<\/div>\n\t<\/div>\n<\/div>\n<div class=\"fl-row fl-row-fixed-width fl-row-bg-none fl-node-60508897c40e1\" data-node=\"60508897c40e1\">\n\t<div class=\"fl-row-content-wrap\">\n\t\t\t\t\t\t<div class=\"fl-row-content fl-row-fixed-width fl-node-content\">\n\t\t\n<div class=\"fl-col-group fl-node-60508897c40c7\" data-node=\"60508897c40c7\">\n\t\t\t<div class=\"fl-col fl-node-60508897c40cf fl-col-small\" data-node=\"60508897c40cf\">\n\t<div class=\"fl-col-content fl-node-content\">\n\t<div class=\"fl-module fl-module-callout fl-node-60508897c40e0 fl-animation fl-fancy-roll-in\" data-node=\"60508897c40e0\" data-animation-delay=\"0\" data-animation-duration=\"1\">\n\t<div class=\"fl-module-content fl-node-content\">\n\t\t<div class=\"fl-callout fl-callout-center fl-callout-has-icon fl-callout-icon-above-title\">\n\t\t<div class=\"fl-callout-content\">\n\t\t\t<span class=\"fl-icon\">\n\t\t\t\t<i class=\"dashicons dashicons-before dashicons-update\" aria-hidden=\"true\"><\/i>\n\t\t\t\t\t<\/span>\n\t<h3 class=\"fl-callout-title\"><span class=\"fl-callout-title-text\">Mises \u00e0 jour mensuelles gratuites<\/span><\/h3>\t\t<div class=\"fl-callout-text-wrap\">\n\t\t\t<div class=\"fl-callout-text\"><p><span style=\"font-size: 18px;\">Ce service fournit une mise \u00e0 jour mensuelle GRATUITE du gestionnaire. Tous les utilisateurs peuvent acc\u00e9der \u00e0 ce service m\u00eame si leur acc\u00e8s \u00e0 la zone r\u00e9serv\u00e9e aux utilisateurs a expir\u00e9.<\/span><\/p>\n<\/div>\t\t<\/div>\n\t<\/div>\n\t<\/div>\n\t<\/div>\n<\/div>\n\t<\/div>\n<\/div>\n\t\t\t<div class=\"fl-col fl-node-60508a69bddb8 fl-col-small\" data-node=\"60508a69bddb8\">\n\t<div class=\"fl-col-content fl-node-content\">\n\t<div class=\"fl-module fl-module-callout fl-node-60508a63d9dea fl-animation fl-fancy-roll-in\" data-node=\"60508a63d9dea\" data-animation-delay=\"0\" data-animation-duration=\"1\">\n\t<div class=\"fl-module-content fl-node-content\">\n\t\t<div class=\"fl-callout fl-callout-center fl-callout-has-icon fl-callout-icon-above-title\">\n\t\t<div class=\"fl-callout-content\">\n\t\t\t<span class=\"fl-icon\">\n\t\t\t\t<i class=\"dashicons dashicons-before dashicons-update\" aria-hidden=\"true\"><\/i>\n\t\t\t\t\t<\/span>\n\t<h3 class=\"fl-callout-title\"><span class=\"fl-callout-title-text\">Actualit\u00e9s hebdomadaires<\/span><\/h3>\t\t<div class=\"fl-callout-text-wrap\">\n\t\t\t<div class=\"fl-callout-text\"><p><span style=\"font-size: 18px;\">Une mise \u00e0 jour hebdomadaire de la base de donn\u00e9es MANAGER est disponible dans la zone r\u00e9serv\u00e9e aux utilisateurs pour ceux dont le soutien et l'acc\u00e8s \u00e0 la zone r\u00e9serv\u00e9e aux utilisateurs sont toujours en cours.<\/span><\/p>\n<\/div>\t\t<\/div>\n\t<\/div>\n\t<\/div>\n\t<\/div>\n<\/div>\n\t<\/div>\n<\/div>\n\t<\/div>\n\t\t<\/div>\n\t<\/div>\n<\/div>\n<div class=\"fl-row fl-row-fixed-width fl-row-bg-none fl-node-604ba305ca6e9\" data-node=\"604ba305ca6e9\">\n\t<div class=\"fl-row-content-wrap\">\n\t\t\t\t\t\t<div class=\"fl-row-content fl-row-fixed-width fl-node-content\">\n\t\t\n<div class=\"fl-col-group fl-node-604ba305ca6ea\" data-node=\"604ba305ca6ea\">\n\t\t\t<div class=\"fl-col fl-node-604ba305ca6eb\" data-node=\"604ba305ca6eb\">\n\t<div class=\"fl-col-content fl-node-content\">\n\t<div class=\"fl-module fl-module-rich-text fl-node-604ba305ca6ec\" data-node=\"604ba305ca6ec\">\n\t<div class=\"fl-module-content fl-node-content\">\n\t\t<div class=\"fl-rich-text\">\n\t<\/div>\n\t<\/div>\n<\/div>\n\t<\/div>\n<\/div>\n\t<\/div>\n\t\t<\/div>\n\t<\/div>\n<\/div>\n<div class=\"fl-row fl-row-fixed-width fl-row-bg-none fl-node-604ba305ca71a\" data-node=\"604ba305ca71a\">\n\t<div class=\"fl-row-content-wrap\">\n\t\t\t\t\t\t<div class=\"fl-row-content fl-row-fixed-width fl-node-content\">\n\t\t\n<div class=\"fl-col-group fl-node-604ba305ca71b\" data-node=\"604ba305ca71b\">\n\t\t\t<div class=\"fl-col fl-node-604ba305ca71c\" data-node=\"604ba305ca71c\">\n\t<div class=\"fl-col-content fl-node-content\">\n\t<div class=\"fl-module fl-module-heading fl-node-604ba305ca71d\" data-node=\"604ba305ca71d\">\n\t<div class=\"fl-module-content fl-node-content\">\n\t\t<h3 class=\"fl-heading\">\n\t\t<span class=\"fl-heading-text\">Installation des mises \u00e0 jour<\/span>\n\t<\/h3>\n\t<\/div>\n<\/div>\n\t<\/div>\n<\/div>\n\t<\/div>\n\t\t<\/div>\n\t<\/div>\n<\/div>\n<div class=\"fl-row fl-row-fixed-width fl-row-bg-none fl-node-604c81a163ba5\" data-node=\"604c81a163ba5\">\n\t<div class=\"fl-row-content-wrap\">\n\t\t\t\t\t\t<div class=\"fl-row-content fl-row-fixed-width fl-node-content\">\n\t\t\n<div class=\"fl-col-group fl-node-604c81a163c2a\" data-node=\"604c81a163c2a\">\n\t\t\t<div class=\"fl-col fl-node-604c81a163c2b\" data-node=\"604c81a163c2b\">\n\t<div class=\"fl-col-content fl-node-content\">\n\t<div class=\"fl-module fl-module-rich-text fl-node-604c81a163c2c\" data-node=\"604c81a163c2c\">\n\t<div class=\"fl-module-content fl-node-content\">\n\t\t<div class=\"fl-rich-text\">\n\t<p>Nous avons d\u00e9velopp\u00e9 trois modes diff\u00e9rents d'installation des mises \u00e0 jour, deux avec remplacement de l'archive et un qui ajoute seulement les nouveaux gestionnaires \u00e0 l'archive existante. Choisissez le mode qui vous convient le mieux en fonction de vos habitudes et de votre confiance dans l'utilisation de l'ordinateur.<\/p>\n<\/div>\n\t<\/div>\n<\/div>\n\t<\/div>\n<\/div>\n\t<\/div>\n\t\t<\/div>\n\t<\/div>\n<\/div>\n<div class=\"fl-row fl-row-fixed-width fl-row-bg-none fl-node-604c818f28e02\" data-node=\"604c818f28e02\">\n\t<div class=\"fl-row-content-wrap\">\n\t\t\t\t\t\t<div class=\"fl-row-content fl-row-fixed-width fl-node-content\">\n\t\t\n<div class=\"fl-col-group fl-node-604c818f28e70\" data-node=\"604c818f28e70\">\n\t\t\t<div class=\"fl-col fl-node-604c818f28e71\" data-node=\"604c818f28e71\">\n\t<div class=\"fl-col-content fl-node-content\">\n\t\t<\/div>\n<\/div>\n\t<\/div>\n\t\t<\/div>\n\t<\/div>\n<\/div>\n<div class=\"fl-row fl-row-fixed-width fl-row-bg-none fl-node-604c818a1c50e\" data-node=\"604c818a1c50e\">\n\t<div class=\"fl-row-content-wrap\">\n\t\t\t\t\t\t<div class=\"fl-row-content fl-row-fixed-width fl-node-content\">\n\t\t\n<div class=\"fl-col-group fl-node-604c818a1c581\" data-node=\"604c818a1c581\">\n\t\t\t<div class=\"fl-col fl-node-604c818a1c582\" data-node=\"604c818a1c582\">\n\t<div class=\"fl-col-content fl-node-content\">\n\t<div class=\"fl-module fl-module-heading fl-node-604c818a1c583\" data-node=\"604c818a1c583\">\n\t<div class=\"fl-module-content fl-node-content\">\n\t\t<h3 class=\"fl-heading\">\n\t\t<span class=\"fl-heading-text\">Option 1 : Installation manuelle (uniquement pour les utilisateurs experts)<\/span>\n\t<\/h3>\n\t<\/div>\n<\/div>\n\t<\/div>\n<\/div>\n\t<\/div>\n\t\t<\/div>\n\t<\/div>\n<\/div>\n<div class=\"fl-row fl-row-fixed-width fl-row-bg-none fl-node-604ba305ca716\" data-node=\"604ba305ca716\">\n\t<div class=\"fl-row-content-wrap\">\n\t\t\t\t\t\t<div class=\"fl-row-content fl-row-fixed-width fl-node-content\">\n\t\t\n<div class=\"fl-col-group fl-node-604ba305ca717\" data-node=\"604ba305ca717\">\n\t\t\t<div class=\"fl-col fl-node-604ba305ca718\" data-node=\"604ba305ca718\">\n\t<div class=\"fl-col-content fl-node-content\">\n\t<div class=\"fl-module fl-module-rich-text fl-node-604ba305ca719\" data-node=\"604ba305ca719\">\n\t<div class=\"fl-module-content fl-node-content\">\n\t\t<div class=\"fl-rich-text\">\n\t<p>L'installation manuelle consiste \u00e0 \u00e9craser manuellement la base de donn\u00e9es des managers avec la derni\u00e8re version t\u00e9l\u00e9charg\u00e9e depuis notre site web. Veuillez consid\u00e9rer que de cette fa\u00e7on vous perdrez tous les gestionnaires que vous avez ajout\u00e9s \u00e0 la base de donn\u00e9es. Si vous n'avez pas ajout\u00e9 de gestionnaires ou si cela ne vous d\u00e9range pas de les perdre, vous pouvez proc\u00e9der sans probl\u00e8me. La derni\u00e8re mise \u00e0 jour contient pratiquement tous les nouveaux managers publi\u00e9s jusqu'au moment o\u00f9 la mise \u00e0 jour a \u00e9t\u00e9 publi\u00e9e.<\/p>\n<\/div>\n\t<\/div>\n<\/div>\n\t<\/div>\n<\/div>\n\t<\/div>\n\t\t<\/div>\n\t<\/div>\n<\/div>\n<div class=\"fl-row fl-row-fixed-width fl-row-bg-none fl-node-604ba305ca70f\" data-node=\"604ba305ca70f\">\n\t<div class=\"fl-row-content-wrap\">\n\t\t\t\t\t\t<div class=\"fl-row-content fl-row-fixed-width fl-node-content\">\n\t\t\n<div class=\"fl-col-group fl-node-604ba305ca710\" data-node=\"604ba305ca710\">\n\t\t\t<div class=\"fl-col fl-node-604ba305ca711\" data-node=\"604ba305ca711\">\n\t<div class=\"fl-col-content fl-node-content\">\n\t<div class=\"fl-module fl-module-rich-text fl-node-604ba305ca712\" data-node=\"604ba305ca712\">\n\t<div class=\"fl-module-content fl-node-content\">\n\t\t<div class=\"fl-rich-text\">\n\t<ol>\n<li>Fermez EasyLog avant de commencer la proc\u00e9dure de mise \u00e0 jour<\/li>\n<li>T\u00e9l\u00e9chargez la derni\u00e8re base de donn\u00e9es du manager en cliquant sur le lien suivant:\u00a0<a class=\"external text\" href=\"http:\/\/www.easylog.com\/CHECK\/manager.zip\" rel=\"nofollow\">t\u00e9l\u00e9charger la derni\u00e8re mise \u00e0 jour de MANAGER<\/a><\/li>\n<li>D\u00e9zippez le fichier MANAGER.ZIP en MANAGER.DBF et copiez-le dans le dossier EL5MANAGER en \u00e9crasant l'ancien fichier<\/li>\n<li>Supprimez le fichier EL5MANAGERMANAGER.MDX (le fichier d'index, qui sera reconstruit au prochain lancement d'EasyLog)<\/li>\n<li>TLa base de donn\u00e9es du gestionnaire est maintenant \u00e0 jour et vous pouvez relancer EasyLog.<\/li>\n<\/ol>\n<\/div>\n\t<\/div>\n<\/div>\n\t<\/div>\n<\/div>\n\t<\/div>\n\t\t<\/div>\n\t<\/div>\n<\/div>\n<div class=\"fl-row fl-row-fixed-width fl-row-bg-none fl-node-604ba305ca71e\" data-node=\"604ba305ca71e\">\n\t<div class=\"fl-row-content-wrap\">\n\t\t\t\t\t\t<div class=\"fl-row-content fl-row-fixed-width fl-node-content\">\n\t\t\n<div class=\"fl-col-group fl-node-604ba305ca71f\" data-node=\"604ba305ca71f\">\n\t\t\t<div class=\"fl-col fl-node-604ba305ca720\" data-node=\"604ba305ca720\">\n\t<div class=\"fl-col-content fl-node-content\">\n\t\t<\/div>\n<\/div>\n\t<\/div>\n\t\t<\/div>\n\t<\/div>\n<\/div>\n<div class=\"fl-row fl-row-fixed-width fl-row-bg-none fl-node-604ba305ca721\" data-node=\"604ba305ca721\">\n\t<div class=\"fl-row-content-wrap\">\n\t\t\t\t\t\t<div class=\"fl-row-content fl-row-fixed-width fl-node-content\">\n\t\t\n<div class=\"fl-col-group fl-node-604ba305ca722\" data-node=\"604ba305ca722\">\n\t\t\t<div class=\"fl-col fl-node-604ba305ca723\" data-node=\"604ba305ca723\">\n\t<div class=\"fl-col-content fl-node-content\">\n\t<div class=\"fl-module fl-module-heading fl-node-604ba305ca724\" data-node=\"604ba305ca724\">\n\t<div class=\"fl-module-content fl-node-content\">\n\t\t<h3 class=\"fl-heading\">\n\t\t<span class=\"fl-heading-text\">Option 2 : Utiliser l'auto-installateur<\/span>\n\t<\/h3>\n\t<\/div>\n<\/div>\n\t<\/div>\n<\/div>\n\t<\/div>\n\t\t<\/div>\n\t<\/div>\n<\/div>\n<div class=\"fl-row fl-row-fixed-width fl-row-bg-none fl-node-604ba305ca725\" data-node=\"604ba305ca725\">\n\t<div class=\"fl-row-content-wrap\">\n\t\t\t\t\t\t<div class=\"fl-row-content fl-row-fixed-width fl-node-content\">\n\t\t\n<div class=\"fl-col-group fl-node-604ba305ca726\" data-node=\"604ba305ca726\">\n\t\t\t<div class=\"fl-col fl-node-604ba305ca727\" data-node=\"604ba305ca727\">\n\t<div class=\"fl-col-content fl-node-content\">\n\t<div class=\"fl-module fl-module-rich-text fl-node-604ba305ca728\" data-node=\"604ba305ca728\">\n\t<div class=\"fl-module-content fl-node-content\">\n\t\t<div class=\"fl-rich-text\">\n\t<p>Au lieu d'installer manuellement la base de donn\u00e9es du gestionnaire, vous pouvez t\u00e9l\u00e9charger le programme d'installation automatique qui placera le fichier MANAGER.DBF dans le bon dossier et supprimera aussi automatiquement le fichier d'index MANAGER.MDX. Le fichier d'index sera recr\u00e9\u00e9 d\u00e8s que vous ouvrirez EasyLog.<\/p>\n<\/div>\n\t<\/div>\n<\/div>\n\t<\/div>\n<\/div>\n\t<\/div>\n\t\t<\/div>\n\t<\/div>\n<\/div>\n<div class=\"fl-row fl-row-fixed-width fl-row-bg-none fl-node-604c84421da34\" data-node=\"604c84421da34\">\n\t<div class=\"fl-row-content-wrap\">\n\t\t\t\t\t\t<div class=\"fl-row-content fl-row-fixed-width fl-node-content\">\n\t\t\n<div class=\"fl-col-group fl-node-604c84421dac6\" data-node=\"604c84421dac6\">\n\t\t\t<div class=\"fl-col fl-node-604c84421dac7\" data-node=\"604c84421dac7\">\n\t<div class=\"fl-col-content fl-node-content\">\n\t<div class=\"fl-module fl-module-rich-text fl-node-604c84421dac8\" data-node=\"604c84421dac8\">\n\t<div class=\"fl-module-content fl-node-content\">\n\t\t<div class=\"fl-rich-text\">\n\t<p>Veuillez noter que l'installation de la base de donn\u00e9es des gestionnaires avec l'installateur automatique est \u00e9quivalente au remplacement manuel tel qu'expliqu\u00e9 dans la section Installation manuelle ci-dessus et vous perdrez tous les gestionnaires que vous avez ajout\u00e9s.<\/p>\n<\/div>\n\t<\/div>\n<\/div>\n\t<\/div>\n<\/div>\n\t<\/div>\n\t\t<\/div>\n\t<\/div>\n<\/div>\n<div class=\"fl-row fl-row-fixed-width fl-row-bg-none fl-node-604c8439c4850\" data-node=\"604c8439c4850\">\n\t<div class=\"fl-row-content-wrap\">\n\t\t\t\t\t\t<div class=\"fl-row-content fl-row-fixed-width fl-node-content\">\n\t\t\n<div class=\"fl-col-group fl-node-604c8439c4940\" data-node=\"604c8439c4940\">\n\t\t\t<div class=\"fl-col fl-node-604c8439c4942\" data-node=\"604c8439c4942\">\n\t<div class=\"fl-col-content fl-node-content\">\n\t<div class=\"fl-module fl-module-rich-text fl-node-604c8439c4943\" data-node=\"604c8439c4943\">\n\t<div class=\"fl-module-content fl-node-content\">\n\t\t<div class=\"fl-rich-text\">\n\t<p><a class=\"external text\" href=\"https:\/\/www.easylog.com\/CHECK\/upd_manager.exe\" rel=\"nofollow\">Cliquez ici pour t\u00e9l\u00e9charger la derni\u00e8re mise \u00e0 jour de MANAGER (Autoinstaller)<\/a><\/p>\n<\/div>\n\t<\/div>\n<\/div>\n\t<\/div>\n<\/div>\n\t<\/div>\n\t\t<\/div>\n\t<\/div>\n<\/div>\n<div class=\"fl-row fl-row-fixed-width fl-row-bg-none fl-node-604ba305ca729\" data-node=\"604ba305ca729\">\n\t<div class=\"fl-row-content-wrap\">\n\t\t\t\t\t\t<div class=\"fl-row-content fl-row-fixed-width fl-node-content\">\n\t\t\n<div class=\"fl-col-group fl-node-604ba305ca72a\" data-node=\"604ba305ca72a\">\n\t\t\t<div class=\"fl-col fl-node-604ba305ca72b\" data-node=\"604ba305ca72b\">\n\t<div class=\"fl-col-content fl-node-content\">\n\t\t<\/div>\n<\/div>\n\t<\/div>\n\t\t<\/div>\n\t<\/div>\n<\/div>\n<div class=\"fl-row fl-row-fixed-width fl-row-bg-none fl-node-604ba305ca72c\" data-node=\"604ba305ca72c\">\n\t<div class=\"fl-row-content-wrap\">\n\t\t\t\t\t\t<div class=\"fl-row-content fl-row-fixed-width fl-node-content\">\n\t\t\n<div class=\"fl-col-group fl-node-604ba305ca72d\" data-node=\"604ba305ca72d\">\n\t\t\t<div class=\"fl-col fl-node-604ba305ca72e\" data-node=\"604ba305ca72e\">\n\t<div class=\"fl-col-content fl-node-content\">\n\t<div class=\"fl-module fl-module-heading fl-node-604ba305ca72f\" data-node=\"604ba305ca72f\">\n\t<div class=\"fl-module-content fl-node-content\">\n\t\t<h3 class=\"fl-heading\">\n\t\t<span class=\"fl-heading-text\">Option 3 : Importation de la derni\u00e8re mise \u00e0 jour du gestionnaire<\/span>\n\t<\/h3>\n\t<\/div>\n<\/div>\n\t<\/div>\n<\/div>\n\t<\/div>\n\t\t<\/div>\n\t<\/div>\n<\/div>\n<div class=\"fl-row fl-row-fixed-width fl-row-bg-none fl-node-604ba305ca6e5\" data-node=\"604ba305ca6e5\">\n\t<div class=\"fl-row-content-wrap\">\n\t\t\t\t\t\t<div class=\"fl-row-content fl-row-fixed-width fl-node-content\">\n\t\t\n<div class=\"fl-col-group fl-node-604ba305ca6e6\" data-node=\"604ba305ca6e6\">\n\t\t\t<div class=\"fl-col fl-node-604ba305ca6e7\" data-node=\"604ba305ca6e7\">\n\t<div class=\"fl-col-content fl-node-content\">\n\t<div class=\"fl-module fl-module-rich-text fl-node-604ba305ca6e8\" data-node=\"604ba305ca6e8\">\n\t<div class=\"fl-module-content fl-node-content\">\n\t\t<div class=\"fl-rich-text\">\n\t<p>Cette derni\u00e8re option permet l'importation de nouveaux gestionnaires sans remplacement, seuls les nouveaux gestionnaires seront ajout\u00e9s \u00e0 l'archive sans perdre ceux que vous avez pu ins\u00e9rer vous-m\u00eame pr\u00e9c\u00e9demment.<\/p>\n<ol>\n<li>Fermez EasyLog avant de commencer la proc\u00e9dure de mise \u00e0 jour<\/li>\n<li>T\u00e9l\u00e9chargez la derni\u00e8re base de donn\u00e9es des managers en cliquant sur le lien suivant:\u00a0 <a class=\"external text\" href=\"https:\/\/www.easylog.com\/CHECK\/manager.zip\" rel=\"nofollow\">t\u00e9l\u00e9charger la derni\u00e8re mise \u00e0 jour de MANAGER<\/a><\/li>\n<li>D\u00e9zippez le fichier MANAGER.ZIP en MANAGER.DBF et copiez-le dans un dossier temporaire de votre PC.<\/li>\n<li>Entrez dans la section Manager (en cliquant sur le bouton Manager dans la partie inf\u00e9rieure de la fen\u00eatre principale d'EasyLog) et s\u00e9lectionnez Import Manager dans le menu Import. S\u00e9lectionnez le dossier dans lequel vous avez t\u00e9l\u00e9charg\u00e9 et d\u00e9compress\u00e9 le nouveau manager.dbf (voir l'\u00e9tape 3 ci-dessus) et commencez \u00e0 importer la base de donn\u00e9es du gestionnaire.<\/li>\n<li>\u00c0 la fin du processus, la base de donn\u00e9es du gestionnaire sera \u00e0 jour et vous pourrez relancer EasyLog.<\/li>\n<\/ol>\n<\/div>\n\t<\/div>\n<\/div>\n\t<\/div>\n<\/div>\n\t<\/div>\n\t\t<\/div>\n\t<\/div>\n<\/div>\n<div class=\"fl-row fl-row-fixed-width fl-row-bg-none fl-node-604ba305ca730\" data-node=\"604ba305ca730\">\n\t<div class=\"fl-row-content-wrap\">\n\t\t\t\t\t\t<div class=\"fl-row-content fl-row-fixed-width fl-node-content\">\n\t\t\n<div class=\"fl-col-group fl-node-604ba305ca731\" data-node=\"604ba305ca731\">\n\t\t\t<div class=\"fl-col fl-node-604ba305ca732\" data-node=\"604ba305ca732\">\n\t<div class=\"fl-col-content fl-node-content\">\n\t\t<\/div>\n<\/div>\n\t<\/div>\n\t\t<\/div>\n\t<\/div>\n<\/div>\n<\/div>","protected":false},"excerpt":{"rendered":"<p>Page de mise \u00e0 jour du manager &#8211; 20 mars 2026 &#8211; \u00ab 86.276 appels \u00bb. EasyLog offre un service de mise \u00e0 jour de la base de donn\u00e9es de votre gestionnaire, afin que vos informations QSL soient toujours \u00e0 jour. Ce document explique comment t\u00e9l\u00e9charger et installer les mises \u00e0 jour du gestionnaire dans&hellip;<\/p>\n","protected":false},"author":5,"featured_media":0,"parent":0,"menu_order":0,"comment_status":"closed","ping_status":"closed","template":"","meta":{"om_disable_all_campaigns":false,"_monsterinsights_skip_tracking":false,"_monsterinsights_sitenote_active":false,"_monsterinsights_sitenote_note":"","_monsterinsights_sitenote_category":0},"aioseo_notices":[],"_links":{"self":[{"href":"https:\/\/www.easylog.com\/fr\/wp-json\/wp\/v2\/pages\/1767"}],"collection":[{"href":"https:\/\/www.easylog.com\/fr\/wp-json\/wp\/v2\/pages"}],"about":[{"href":"https:\/\/www.easylog.com\/fr\/wp-json\/wp\/v2\/types\/page"}],"author":[{"embeddable":true,"href":"https:\/\/www.easylog.com\/fr\/wp-json\/wp\/v2\/users\/5"}],"replies":[{"embeddable":true,"href":"https:\/\/www.easylog.com\/fr\/wp-json\/wp\/v2\/comments?post=1767"}],"version-history":[{"count":75,"href":"https:\/\/www.easylog.com\/fr\/wp-json\/wp\/v2\/pages\/1767\/revisions"}],"predecessor-version":[{"id":11665,"href":"https:\/\/www.easylog.com\/fr\/wp-json\/wp\/v2\/pages\/1767\/revisions\/11665"}],"wp:attachment":[{"href":"https:\/\/www.easylog.com\/fr\/wp-json\/wp\/v2\/media?parent=1767"}],"curies":[{"name":"wp","href":"https:\/\/api.w.org\/{rel}","templated":true}]}}