{"id":3249,"date":"2024-04-06T16:33:36","date_gmt":"2024-04-06T15:33:36","guid":{"rendered":"https:\/\/www.easylog.com\/rinnovo\/"},"modified":"2026-03-08T21:52:25","modified_gmt":"2026-03-08T20:52:25","slug":"rinnovo","status":"publish","type":"page","link":"https:\/\/www.easylog.com\/fr\/rinnovo\/","title":{"rendered":"Rinnovo"},"content":{"rendered":"<div class=\"fl-builder-content fl-builder-content-3249 fl-builder-global-templates-locked\" data-post-id=\"3249\"><div class=\"fl-row fl-row-fixed-width fl-row-bg-none fl-node-w5ldbr42kgxt\" data-node=\"w5ldbr42kgxt\">\n\t<div class=\"fl-row-content-wrap\">\n\t\t\t\t\t\t<div class=\"fl-row-content fl-row-fixed-width fl-node-content\">\n\t\t\n<div class=\"fl-col-group fl-node-pikm6jyuneq5\" data-node=\"pikm6jyuneq5\">\n\t\t\t<div class=\"fl-col fl-node-6wqmcryzhfk1\" data-node=\"6wqmcryzhfk1\">\n\t<div class=\"fl-col-content fl-node-content\">\n\t<div class=\"fl-module fl-module-html fl-node-ajrpol2xu4hb\" data-node=\"ajrpol2xu4hb\">\n\t<div class=\"fl-module-content fl-node-content\">\n\t\t<div class=\"fl-html\">\n\t<script>\n(function(){\n  var LANG = 'FRA';\n  function onReady(fn){ if(document.readyState==='complete'||document.readyState==='interactive'){setTimeout(fn,0);}else{document.addEventListener('DOMContentLoaded',fn,{once:true});} }\n  function whenFbqReady(cb){ var i=0,t=setInterval(function(){ i++; if(window.fbq&&fbq.callMethod){clearInterval(t);cb();} if(i>200){clearInterval(t);} },50); }\n  onReady(function(){\n    whenFbqReady(function(){\n      fbq('track','ViewContent',{\n        content_name:'EasyLog - Renew Landing ('+LANG+')',\n        content_category:'Software',\n        content_ids:['EL-RENEW-LANDING-'+LANG],\n        content_type:'product',\n        language:LANG\n      });\n    });\n  });\n})();\n<\/script><\/div>\n\t<\/div>\n<\/div>\n\t<\/div>\n<\/div>\n\t<\/div>\n\t\t<\/div>\n\t<\/div>\n<\/div>\n<div class=\"fl-row fl-row-fixed-width fl-row-bg-none fl-node-5f03b2123bae3\" data-node=\"5f03b2123bae3\">\n\t<div class=\"fl-row-content-wrap\">\n\t\t\t\t\t\t<div class=\"fl-row-content fl-row-fixed-width fl-node-content\">\n\t\t\n<div class=\"fl-col-group fl-node-5f03b2123d3e9\" data-node=\"5f03b2123d3e9\">\n\t\t\t<div class=\"fl-col fl-node-5f03b2123d60c\" data-node=\"5f03b2123d60c\">\n\t<div class=\"fl-col-content fl-node-content\">\n\t<div class=\"fl-module fl-module-heading fl-node-5f03b2123b8b5\" data-node=\"5f03b2123b8b5\">\n\t<div class=\"fl-module-content fl-node-content\">\n\t\t<h2 class=\"fl-heading\">\n\t\t<span class=\"fl-heading-text\">Renouvellement de l'acc\u00e8s \u00e0 la zone r\u00e9serv\u00e9e<\/span>\n\t<\/h2>\n\t<\/div>\n<\/div>\n\t<\/div>\n<\/div>\n\t<\/div>\n\t\t<\/div>\n\t<\/div>\n<\/div>\n<div class=\"fl-row fl-row-fixed-width fl-row-bg-none fl-node-5f03bfa0adf1d\" data-node=\"5f03bfa0adf1d\">\n\t<div class=\"fl-row-content-wrap\">\n\t\t\t\t\t\t<div class=\"fl-row-content fl-row-fixed-width fl-node-content\">\n\t\t\n<div class=\"fl-col-group fl-node-5f03bfa0b37e3\" data-node=\"5f03bfa0b37e3\">\n\t\t\t<div class=\"fl-col fl-node-5f03bfa0b3a76\" data-node=\"5f03bfa0b3a76\">\n\t<div class=\"fl-col-content fl-node-content\">\n\t<div class=\"fl-module fl-module-rich-text fl-node-5f03bfa0ad74b\" data-node=\"5f03bfa0ad74b\">\n\t<div class=\"fl-module-content fl-node-content\">\n\t\t<div class=\"fl-rich-text\">\n\t<p><span style=\"font-size: 26px; color: #008000;\">au prix unique de <strong>24,95\u20ac<\/strong><\/span><\/p>\n<\/div>\n\t<\/div>\n<\/div>\n<div class=\"fl-module fl-module-rich-text fl-node-ej17cvr4ln5h\" data-node=\"ej17cvr4ln5h\">\n\t<div class=\"fl-module-content fl-node-content\">\n\t\t<div class=\"fl-rich-text\">\n\t<p><span style=\"font-size: 24px;\"><strong>Pourquoi renouveler?<\/strong><\/span><\/p>\n<ul>\n<li>pour \u00eatre constament <strong><span style=\"color: #008000;\">\u00e0 jour<\/span><\/strong> avec la derni\u00e8re version d'<span style=\"color: #ff0000; font-size: 18px;\"><strong>EasyLog<\/strong><\/span><\/li>\n<li>pour recevoir un service de <strong><span style=\"color: #008000;\">mise \u00e0 niveau pendant 12 mois<\/span><\/strong><\/li>\n<li>pour b\u00e9nificier de notre <span style=\"color: #008000;\"><strong>assistance prioritaire<\/strong><\/span> par e-mail<\/li>\n<\/ul>\n<\/div>\n\t<\/div>\n<\/div>\n<div class=\"fl-module fl-module-separator fl-node-241xaom5d8hy\" data-node=\"241xaom5d8hy\">\n\t<div class=\"fl-module-content fl-node-content\">\n\t\t<div class=\"fl-separator\"><\/div>\n\t<\/div>\n<\/div>\n<div class=\"fl-module fl-module-html fl-node-5f04f272756d9\" data-node=\"5f04f272756d9\">\n\t<div class=\"fl-module-content fl-node-content\">\n\t\t<div class=\"fl-html\">\n\t<p><span class='mb-center maxbutton-9-center'><span class='maxbutton-9-container mb-container'><a class=\"maxbutton-9 maxbutton maxbutton-renew-fr\" title=\"Renouveler maintenant!\" href=\"https:\/\/www.easylog.com\/payment\/renew_fra.php\"><span class='mb-text'>Renouveler maintenant!<\/span><\/a><\/span><\/span><\/p><\/div>\n\t<\/div>\n<\/div>\n<div class=\"fl-module fl-module-rich-text fl-node-610d3qm8enot\" data-node=\"610d3qm8enot\">\n\t<div class=\"fl-module-content fl-node-content\">\n\t\t<div class=\"fl-rich-text\">\n\t<p>&nbsp;<\/p>\n<p><strong><span style=\"font-size: 24px;\">Durant cette p\u00e9riode, vous pourrez:<\/span><\/strong><\/p>\n<ul>\n<li>t\u00e9l\u00e9charger toutes les <strong><span style=\"color: #008000;\">versions publi\u00e9es <\/span><\/strong><\/li>\n<li>nous <strong><span style=\"color: #008000;\">contacter<\/span><\/strong> directement par e-mail.<\/li>\n<\/ul>\n<p>&nbsp;<\/p>\n<p><span style=\"font-size: 20px;\"><strong><span style=\"text-decoration: underline;\">Ce service n'est pas obligatoire<\/span><\/strong><\/span>, mais fortement sugg\u00e9r\u00e9.<\/p>\n<p>Au fil des ans, nous avons assist\u00e9 \u00e0 la publication de nombreuses versions de Windows, avec des mises \u00e0 jour p\u00e9riodiques.<\/p>\n<p>&nbsp;<\/p>\n<p><span style=\"font-size: 18px;\"><strong><span style=\"color: #ff0000;\">EasyLog<\/span> <\/strong><\/span>est toujours rest\u00e9 \u00e0 la pointe de l'actualit\u00e9 en tirant le meilleur parti du syst\u00e8me d'exploitation lors de sa mise \u00e0 jour constante par Microsoft.<\/p>\n<p>&nbsp;<\/p>\n<p>De plus, au cours des <strong><span style=\"color: #008000;\">37 derni\u00e8res ann\u00e9es<\/span><\/strong> de d\u00e9veloppement, nous avons ajout\u00e9 un tr\u00e8s grand nombre de nouveaut\u00e9s qui ont fait d'<span style=\"font-size: 18px;\"><strong><span style=\"color: #ff0000;\">EasyLog<\/span><\/strong><\/span> <span style=\"text-decoration: underline;\">le meilleur programme Log, pour les radioamateurs, de tous les temps.<\/span><\/p>\n<p>&nbsp;<\/p>\n<p><strong><span style=\"color: #008000;\">Merci de gardez votre copie d'EasyLog \u00e0 jour<\/span><\/strong>.<\/p>\n<\/div>\n\t<\/div>\n<\/div>\n\t<\/div>\n<\/div>\n\t<\/div>\n\t\t<\/div>\n\t<\/div>\n<\/div>\n<div class=\"fl-row fl-row-fixed-width fl-row-bg-none fl-node-5f6d12c499fcc\" data-node=\"5f6d12c499fcc\">\n\t<div class=\"fl-row-content-wrap\">\n\t\t\t\t\t\t<div class=\"fl-row-content fl-row-fixed-width fl-node-content\">\n\t\t\n<div class=\"fl-col-group fl-node-5f6d12c49a13b\" data-node=\"5f6d12c49a13b\">\n\t\t\t<div class=\"fl-col fl-node-5f6d12c49a173\" data-node=\"5f6d12c49a173\">\n\t<div class=\"fl-col-content fl-node-content\">\n\t\t<\/div>\n<\/div>\n\t<\/div>\n\t\t<\/div>\n\t<\/div>\n<\/div>\n<div class=\"fl-row fl-row-fixed-width fl-row-bg-none fl-node-5f04f27275f89\" data-node=\"5f04f27275f89\">\n\t<div class=\"fl-row-content-wrap\">\n\t\t\t\t\t\t<div class=\"fl-row-content fl-row-fixed-width fl-node-content\">\n\t\t\n<div class=\"fl-col-group fl-node-5f04f2727c9f8\" data-node=\"5f04f2727c9f8\">\n\t\t\t<div class=\"fl-col fl-node-5f04f2727cca2\" data-node=\"5f04f2727cca2\">\n\t<div class=\"fl-col-content fl-node-content\">\n\t\t<\/div>\n<\/div>\n\t<\/div>\n\t\t<\/div>\n\t<\/div>\n<\/div>\n<\/div>","protected":false},"excerpt":{"rendered":"<p>Renouvellement de l&rsquo;acc\u00e8s \u00e0 la zone r\u00e9serv\u00e9e au prix unique de 24,95\u20ac Pourquoi renouveler? pour \u00eatre constament \u00e0 jour avec la derni\u00e8re version d&rsquo;EasyLog pour recevoir un service de mise \u00e0 niveau pendant 12 mois pour b\u00e9nificier de notre assistance prioritaire par e-mail Renouveler maintenant! &nbsp; Durant cette p\u00e9riode, vous pourrez: t\u00e9l\u00e9charger toutes les versions&hellip;<\/p>\n","protected":false},"author":1,"featured_media":0,"parent":0,"menu_order":6,"comment_status":"closed","ping_status":"closed","template":"","meta":{"om_disable_all_campaigns":false,"_monsterinsights_skip_tracking":false,"_monsterinsights_sitenote_active":false,"_monsterinsights_sitenote_note":"","_monsterinsights_sitenote_category":0},"aioseo_notices":[],"_links":{"self":[{"href":"https:\/\/www.easylog.com\/fr\/wp-json\/wp\/v2\/pages\/3249"}],"collection":[{"href":"https:\/\/www.easylog.com\/fr\/wp-json\/wp\/v2\/pages"}],"about":[{"href":"https:\/\/www.easylog.com\/fr\/wp-json\/wp\/v2\/types\/page"}],"author":[{"embeddable":true,"href":"https:\/\/www.easylog.com\/fr\/wp-json\/wp\/v2\/users\/1"}],"replies":[{"embeddable":true,"href":"https:\/\/www.easylog.com\/fr\/wp-json\/wp\/v2\/comments?post=3249"}],"version-history":[{"count":28,"href":"https:\/\/www.easylog.com\/fr\/wp-json\/wp\/v2\/pages\/3249\/revisions"}],"predecessor-version":[{"id":11596,"href":"https:\/\/www.easylog.com\/fr\/wp-json\/wp\/v2\/pages\/3249\/revisions\/11596"}],"wp:attachment":[{"href":"https:\/\/www.easylog.com\/fr\/wp-json\/wp\/v2\/media?parent=3249"}],"curies":[{"name":"wp","href":"https:\/\/api.w.org\/{rel}","templated":true}]}}