{"id":3273,"date":"2024-04-07T18:19:11","date_gmt":"2024-04-07T17:19:11","guid":{"rendered":"https:\/\/www.easylog.com\/user-reserved-area\/"},"modified":"2024-08-12T01:40:12","modified_gmt":"2024-08-12T00:40:12","slug":"user-reserved-area","status":"publish","type":"page","link":"https:\/\/www.easylog.com\/fr\/user-reserved-area\/","title":{"rendered":"User Reserved Area"},"content":{"rendered":"<div class=\"fl-builder-content fl-builder-content-3273 fl-builder-global-templates-locked\" data-post-id=\"3273\"><div class=\"fl-row fl-row-fixed-width fl-row-bg-none fl-node-5f0379722d475 fl-row-custom-height fl-row-align-center\" data-node=\"5f0379722d475\">\n\t<div class=\"fl-row-content-wrap\">\n\t\t\t\t\t\t<div class=\"fl-row-content fl-row-fixed-width fl-node-content\">\n\t\t\n<div class=\"fl-col-group fl-node-5f03797230137\" data-node=\"5f03797230137\">\n\t\t\t<div class=\"fl-col fl-node-5f0379de35f43\" data-node=\"5f0379de35f43\">\n\t<div class=\"fl-col-content fl-node-content\">\n\t\t<\/div>\n<\/div>\n\t<\/div>\n\t\t<\/div>\n\t<\/div>\n<\/div>\n<div class=\"fl-row fl-row-fixed-width fl-row-bg-none fl-node-5f0379b4451bf\" data-node=\"5f0379b4451bf\">\n\t<div class=\"fl-row-content-wrap\">\n\t\t\t\t\t\t<div class=\"fl-row-content fl-row-fixed-width fl-node-content\">\n\t\t\n<div class=\"fl-col-group fl-node-5f0379b447dc0\" data-node=\"5f0379b447dc0\">\n\t\t\t<div class=\"fl-col fl-node-5f0379b447fbc\" data-node=\"5f0379b447fbc\">\n\t<div class=\"fl-col-content fl-node-content\">\n\t<div class=\"fl-module fl-module-heading fl-node-5f0379b444da2\" data-node=\"5f0379b444da2\">\n\t<div class=\"fl-module-content fl-node-content\">\n\t\t<h2 class=\"fl-heading\">\n\t\t<span class=\"fl-heading-text\">Bienvenue dans la Zone r\u00e9serv\u00e9e aux utilisateurs<\/span>\n\t<\/h2>\n\t<\/div>\n<\/div>\n<div class=\"fl-module fl-module-rich-text fl-node-bzf6e94jm7si\" data-node=\"bzf6e94jm7si\">\n\t<div class=\"fl-module-content fl-node-content\">\n\t\t<div class=\"fl-rich-text\">\n\t<p>&nbsp;<\/p>\n<p><span style=\"font-size: 20px;\">Cliquez sur le bouton pour entre dans <strong>la zone r\u00e9serv\u00e9e aux utilisateurs<\/strong> (URA).<\/span><\/p>\n<p>&nbsp;<\/p>\n<p><span style=\"font-size: 20px;\">Inscrivez votre <span style=\"color: #008000;\"><strong>identifiant<\/strong>\u00a0<\/span><\/span><span style=\"font-size: 20px;\">et votre <span style=\"color: #339966;\"><strong>mot de passe<\/strong><\/span>, <span style=\"text-decoration: underline;\"><strong>re\u00e7us lors de l'achat d'<span style=\"color: #ff0000; text-decoration: underline;\">EasyLog<\/span><\/strong><\/span><\/span><\/p>\n<p>&nbsp;<\/p>\n<p><span style=\"font-size: 20px;\">Si vous les avez perdus, \u00e9crivez-nous pour les r\u00e9cup\u00e9rer \u00e0<span style=\"text-decoration: underline; color: #3366ff;\"><strong> support@easylog.com<\/strong><\/span><\/span><\/p>\n<p>&nbsp;<\/p>\n<p><span style=\"font-size: 20px;\">Dans la<span style=\"color: #008000;\"><strong> zone r\u00e9serv\u00e9e aux utilisateurs<\/strong><\/span>,<strong>,<\/strong> vous pouvez <span style=\"color: #008000;\"><strong>t\u00e9l\u00e9charger<\/strong><\/span>:\u00a0<\/span><\/p>\n<ul>\n<li><span style=\"font-size: 20px;\">la derni\u00e8re version<\/span><\/li>\n<li><span style=\"font-size: 20px;\">les mises \u00e0 jour du gestionnaire<\/span><\/li>\n<li><span style=\"font-size: 20px;\">les bases de donn\u00e9es des mises \u00e0 jour, des dipl\u00f4mes et CHECK<\/span><\/li>\n<\/ul>\n<\/div>\n\t<\/div>\n<\/div>\n\t<\/div>\n<\/div>\n\t<\/div>\n\t\t<\/div>\n\t<\/div>\n<\/div>\n<div class=\"fl-row fl-row-fixed-width fl-row-bg-none fl-node-5f037ca8d62bf\" data-node=\"5f037ca8d62bf\">\n\t<div class=\"fl-row-content-wrap\">\n\t\t\t\t\t\t<div class=\"fl-row-content fl-row-fixed-width fl-node-content\">\n\t\t\n<div class=\"fl-col-group fl-node-5f037ca8dc330\" data-node=\"5f037ca8dc330\">\n\t\t\t<div class=\"fl-col fl-node-5f037ca8dc5e5\" data-node=\"5f037ca8dc5e5\">\n\t<div class=\"fl-col-content fl-node-content\">\n\t<div class=\"fl-module fl-module-button fl-node-5f037ca8d589c\" data-node=\"5f037ca8d589c\">\n\t<div class=\"fl-module-content fl-node-content\">\n\t\t<div class=\"fl-button-wrap fl-button-width-auto fl-button-center fl-button-has-icon\">\n\t\t\t<a href=\"http:\/\/www.easylog.com\/ELUP\" target=\"_self\" class=\"fl-button\" role=\"button\">\n\t\t\t\t\t<i class=\"fl-button-icon fl-button-icon-before fas fa-badge-check\" aria-hidden=\"true\"><\/i>\n\t\t\t\t\t\t<span class=\"fl-button-text\">Cliquez pour entrer<\/span>\n\t\t\t\t\t<\/a>\n<\/div>\n\t<\/div>\n<\/div>\n\t<\/div>\n<\/div>\n\t<\/div>\n\t\t<\/div>\n\t<\/div>\n<\/div>\n<div class=\"fl-row fl-row-fixed-width fl-row-bg-none fl-node-5f037a0b27aee fl-row-custom-height fl-row-align-center\" data-node=\"5f037a0b27aee\">\n\t<div class=\"fl-row-content-wrap\">\n\t\t\t\t\t\t<div class=\"fl-row-content fl-row-fixed-width fl-node-content\">\n\t\t\n<div class=\"fl-col-group fl-node-5f037a0b27c30\" data-node=\"5f037a0b27c30\">\n\t\t\t<div class=\"fl-col fl-node-5f037a0b27c68\" data-node=\"5f037a0b27c68\">\n\t<div class=\"fl-col-content fl-node-content\">\n\t\t<\/div>\n<\/div>\n\t<\/div>\n\t\t<\/div>\n\t<\/div>\n<\/div>\n<\/div>","protected":false},"excerpt":{"rendered":"<p>Bienvenue dans la Zone r\u00e9serv\u00e9e aux utilisateurs &nbsp; Cliquez sur le bouton pour entre dans la zone r\u00e9serv\u00e9e aux utilisateurs (URA). &nbsp; Inscrivez votre identifiant\u00a0et votre mot de passe, re\u00e7us lors de l&rsquo;achat d&rsquo;EasyLog &nbsp; Si vous les avez perdus, \u00e9crivez-nous pour les r\u00e9cup\u00e9rer \u00e0 support@easylog.com &nbsp; Dans la zone r\u00e9serv\u00e9e aux utilisateurs,, vous pouvez&hellip;<\/p>\n","protected":false},"author":1,"featured_media":0,"parent":0,"menu_order":19,"comment_status":"closed","ping_status":"closed","template":"","meta":{"om_disable_all_campaigns":false,"_monsterinsights_skip_tracking":false,"_monsterinsights_sitenote_active":false,"_monsterinsights_sitenote_note":"","_monsterinsights_sitenote_category":0},"aioseo_notices":[],"_links":{"self":[{"href":"https:\/\/www.easylog.com\/fr\/wp-json\/wp\/v2\/pages\/3273"}],"collection":[{"href":"https:\/\/www.easylog.com\/fr\/wp-json\/wp\/v2\/pages"}],"about":[{"href":"https:\/\/www.easylog.com\/fr\/wp-json\/wp\/v2\/types\/page"}],"author":[{"embeddable":true,"href":"https:\/\/www.easylog.com\/fr\/wp-json\/wp\/v2\/users\/1"}],"replies":[{"embeddable":true,"href":"https:\/\/www.easylog.com\/fr\/wp-json\/wp\/v2\/comments?post=3273"}],"version-history":[{"count":15,"href":"https:\/\/www.easylog.com\/fr\/wp-json\/wp\/v2\/pages\/3273\/revisions"}],"predecessor-version":[{"id":4563,"href":"https:\/\/www.easylog.com\/fr\/wp-json\/wp\/v2\/pages\/3273\/revisions\/4563"}],"wp:attachment":[{"href":"https:\/\/www.easylog.com\/fr\/wp-json\/wp\/v2\/media?parent=3273"}],"curies":[{"name":"wp","href":"https:\/\/api.w.org\/{rel}","templated":true}]}}