{"id":4899,"date":"2024-11-14T09:47:29","date_gmt":"2024-11-14T08:47:29","guid":{"rendered":"https:\/\/www.easylog.com\/download-ebook-ft8-and-digital-modes\/"},"modified":"2026-01-09T22:27:11","modified_gmt":"2026-01-09T21:27:11","slug":"download-ebook-ft8-and-digital-modes","status":"publish","type":"page","link":"https:\/\/www.easylog.com\/fr\/download-ebook-ft8-and-digital-modes\/","title":{"rendered":"Download Ebook: FT8 and digital modes"},"content":{"rendered":"<div class=\"fl-builder-content fl-builder-content-4899 fl-builder-global-templates-locked\" data-post-id=\"4899\"><div class=\"fl-row fl-row-fixed-width fl-row-bg-none fl-node-7uo5a1t6jxfz\" data-node=\"7uo5a1t6jxfz\">\n\t<div class=\"fl-row-content-wrap\">\n\t\t\t\t\t\t<div class=\"fl-row-content fl-row-fixed-width fl-node-content\">\n\t\t\n<div class=\"fl-col-group fl-node-ijt2q68yc714\" data-node=\"ijt2q68yc714\">\n\t\t\t<div class=\"fl-col fl-node-1mgvituxkyd6 fl-col-small\" data-node=\"1mgvituxkyd6\">\n\t<div class=\"fl-col-content fl-node-content\">\n\t<div class=\"fl-module fl-module-heading fl-node-rxgb5uohd2wa\" data-node=\"rxgb5uohd2wa\">\n\t<div class=\"fl-module-content fl-node-content\">\n\t\t<h2 class=\"fl-heading\">\n\t\t<span class=\"fl-heading-text\">Un guide pratique pour maximiser le potentiel du FT8 pour les radioamateurs<\/span>\n\t<\/h2>\n\t<\/div>\n<\/div>\n<div class=\"fl-module fl-module-rich-text fl-node-os8hrpc9de5u\" data-node=\"os8hrpc9de5u\">\n\t<div class=\"fl-module-content fl-node-content\">\n\t\t<div class=\"fl-rich-text\">\n\t<p><span style=\"font-size: 30px; color: #ff0000;\"><strong>T\u00e9l\u00e9charger pour seulement 9,95\u20ac<\/strong><\/span><\/p>\n<\/div>\n\t<\/div>\n<\/div>\n<div class=\"fl-module fl-module-photo fl-node-fib6zs83vl5g\" data-node=\"fib6zs83vl5g\">\n\t<div class=\"fl-module-content fl-node-content\">\n\t\t<div class=\"fl-photo fl-photo-align-center\" itemscope itemtype=\"https:\/\/schema.org\/ImageObject\">\n\t<div class=\"fl-photo-content fl-photo-img-png\">\n\t\t\t\t<img decoding=\"async\" loading=\"lazy\" class=\"fl-photo-img wp-image-5857 size-medium\" src=\"https:\/\/www.easylog.com\/wp-content\/uploads\/2025\/04\/ebook-mockup-fra-188x300.png\" alt=\"ebook-mockup-fra\" itemprop=\"image\" height=\"300\" width=\"188\" title=\"ebook-mockup-fra\" srcset=\"https:\/\/www.easylog.com\/wp-content\/uploads\/2025\/04\/ebook-mockup-fra-188x300.png 188w, https:\/\/www.easylog.com\/wp-content\/uploads\/2025\/04\/ebook-mockup-fra.png 500w\" sizes=\"(max-width: 188px) 100vw, 188px\" \/>\n\t\t\t\t\t<\/div>\n\t<\/div>\n\t<\/div>\n<\/div>\n<div class=\"fl-module fl-module-rich-text fl-node-60h4vj5w7tey\" data-node=\"60h4vj5w7tey\">\n\t<div class=\"fl-module-content fl-node-content\">\n\t\t<div class=\"fl-rich-text\">\n\t<blockquote><p><span style=\"color: #000000;\"><strong>Ce soir, j'ai lu le guide sur les FT8 et FT4<\/strong> que j'ai achet\u00e9 pour 10 euros. Bien que j'utilise cette technologie depuis longtemps, <span style=\"color: #008000;\"><strong>je dois dire que le manuel est vraiment bien fait et absolument indispensable pour les d\u00e9butants : clair, complet et capable d'expliquer tous les aspects fondamentaux.<\/strong><\/span><\/span><\/p>\n<p><span style=\"color: #000000;\">M\u00eame pour ceux qui, comme moi, ont d\u00e9j\u00e0 de l'exp\u00e9rience, il offre encore quelques aper\u00e7us techniques int\u00e9ressants, avec de petits conseils utiles \u00e0 v\u00e9rifier et \u00e0 approfondir.<\/span><\/p>\n<p><strong><span style=\"color: #008000;\">Un guide que je recommande vivement \u00e0 tous ceux qui s'int\u00e9ressent \u00e0 ces modes num\u00e9riques !<\/span><\/strong><\/p>\n<p><strong><span style=\"color: #000000;\">73 de Stefano, IV3JAK<\/span><\/strong><\/p><\/blockquote>\n<\/div>\n\t<\/div>\n<\/div>\n\t<\/div>\n<\/div>\n\t\t\t<div class=\"fl-col fl-node-s9t4y5hmvcbo fl-col-small\" data-node=\"s9t4y5hmvcbo\">\n\t<div class=\"fl-col-content fl-node-content\">\n\t<div class=\"fl-module fl-module-heading fl-node-lpvnqb23f9mu\" data-node=\"lpvnqb23f9mu\">\n\t<div class=\"fl-module-content fl-node-content\">\n\t\t<h2 class=\"fl-heading\">\n\t\t<span class=\"fl-heading-text\">Pour recevoir votre eBook instantan\u00e9ment, remplissez le formulaire suivant<\/span>\n\t<\/h2>\n\t<\/div>\n<\/div>\n<div class=\"fl-module fl-module-html fl-node-ap1qk5fh0i3y\" data-node=\"ap1qk5fh0i3y\">\n\t<div class=\"fl-module-content fl-node-content\">\n\t\t<div class=\"fl-html\">\n\t<html>\n     \n<head>\n<style>\n\ninput[type=button], input[type=submit]\n{\n  background-color: #04AA6D; \/* Green *\/\n  border: 2px solid #04AA6D; \/* Green *\/\n  color: white;\n  padding: 10px 32px;\n  text-align: center;\n  text-decoration: none;\n  display: inline-block;\n  font-size: 16px;\n  margin: 4px 2px;\n  cursor: pointer;\n  border-radius: 6px;\n}\n\ninput[type=\"text\"]\n{\n  border: 1px solid #999999;\n  color: #333333;\n  outline: none;\n}\n\ninput[type=\"text\"]::placeholder\n{\n  color: #333333;\n}\n\ninput[type=\"text\"]:hover, input[type=\"text\"]:focus\n{\n  border-color: #008000;\n  outline: none;\n}\n\n.button \n{\n  transition-duration: 0.4s;\n}\n\ninput[type=submit]:hover \n{\n  background-color: #4C8C67; \/* Darker Green *\/\n  color: white;\n  border: 2px solid #4C8C67; \/* Darker Green *\/\n}\n\n.email-warning\n{\n  color: red;\n}\n\n<\/style>\n\n\n<script type=\"text\/javascript\">\n\n\n\/\/ Detect HTML v5 compatibility\nvar isHtml5Compatible = document.createElement('canvas').getContext != undefined;\n\n\/\/ Trim function\nfunction LTrim(value) {var re = \/s*((S+s*)*)\/; return value.replace(re, \"$1\");}\nfunction RTrim(value) {var re = \/((s*S+)*)s*\/; return value.replace(re, \"$1\");}\nfunction Trim(value) {return LTrim(RTrim(value));}\n\n\n\/\/ Form Validation\nfunction validateForm() \n{\n  var fcallsign,ffirst_name,flast_name,femail;      \n\n  \/\/ Retrieve email from form depending on the browser\n  if (isHtml5Compatible) \n  {  \n    fcallsign = document.forms[\"EmailForm\"][\"fcallsign\"].value;\n    ffirst_name = document.forms[\"EmailForm\"][\"ffirst_name\"].value;\n    flast_name = document.forms[\"EmailForm\"][\"flast_name\"].value;\n    femail = document.forms[\"EmailForm\"][\"femail\"].value;\n  } \n  \/\/ old browsers not HTML5 compatible\n  if (!isHtml5Compatible)\n  {\n   fcallsign=window.document.EmailForm.fcallsign.value;      \n   ffirst_name=window.document.EmailForm.ffirst_name.value;   \n   flast_name=window.document.EmailForm.flast_name.value;   \n   femail=window.document.EmailForm.femail.value;\n  }\n\n  \/\/ Empty callsign\n  if (Trim(fcallsign)==\"\") \n  { \n    alert(\"Entrez votre callsign ou choisissez un nom d'utilisateur\");\n    return false; \n  }\n  \/\/ Empty first_name\n  if (Trim(ffirst_name)==\"\") \n  { \n    alert(\"Entrez votre prenom\");\n    return false; \n  }\n  \/\/ Empty last_name\n  if (Trim(flast_name)==\"\") \n  { \n    alert(\"Entrez votre nom\");\n    return false; \n  }\n  \/\/ Empty email\n  if (Trim(femail)==\"\") \n  { \n    alert(\"Veuillez entrer un email valide\");\n    return false; \n  }\n  \/\/ invalid email\n  if (!checkEmailAddress(femail))\n  {\n    alert(\"Courriel non valide\");\n    return false;\n  }\n}\n<\/script>\n\n<\/head>  \n\n<body>\n\n\n<form id=\"EmailForm\" name=\"EmailForm\" action=\"\/templates\/scripts\/ebook_buynow_fra.php\" onsubmit=\"return validateForm()\" method=\"post\">\n  <input name=\"fcallsign\" type=\"text\" id=\"fcallsign\" size=\"60\" maxlength=\"60\" placeholder=\"Entrez votre callsign (ou choisissez un nom d'utilisateur)\" \/><br>  \n  <input name=\"ffirst_name\" type=\"text\" id=\"ffirst_name\" size=\"60\" maxlength=\"60\" placeholder=\"Entrez votre prenom\" \/><br>\n  <input name=\"flast_name\" type=\"text\" id=\"flast_name\" size=\"60\" maxlength=\"60\" placeholder=\"Entrez votre nom\" \/><br>\n  <p class=\"email-warning\">Veuillez v\u00e9rifier que votre adresse \u00e9lectronique est exacte, car nous l'utiliserons pour vous envoyer les instructions de t\u00e9l\u00e9chargement de l'ebook. Si l'adresse \u00e9lectronique est inexacte, nous ne pourrons pas vous envoyer les informations.<\/p>\n  <input name=\"femail\" type=\"text\" id=\"femail\" size=\"60\" maxlength=\"60\" placeholder=\"Veuillez entrer un email valide\" \/><br>  \n<br>\n  <input type=\"submit\" value=\"Acheter l'ebook\">\n<\/form>\n\n<br>\n<div style=\"text-align: left;\">\n    <img decoding=\"async\" src=\"https:\/\/www.paypalobjects.com\/webstatic\/mktg\/logo\/pp_cc_mark_74x46.jpg\" alt=\"PayPal\" style=\"margin-right: 10px;\">\n    <img decoding=\"async\" src=\"https:\/\/www.paypalobjects.com\/webstatic\/mktg\/logo\/AM_mc_vs_dc_ae.jpg\" alt=\"Credit Cards\" style=\"margin-right: 10px;\">\n<\/div>\n\n <\/body>\n \n<\/html><\/div>\n\t<\/div>\n<\/div>\n<div class=\"fl-module fl-module-separator fl-node-qrk5dyxtmupg\" data-node=\"qrk5dyxtmupg\">\n\t<div class=\"fl-module-content fl-node-content\">\n\t\t<div class=\"fl-separator\"><\/div>\n\t<\/div>\n<\/div>\n\t<\/div>\n<\/div>\n\t<\/div>\n\n<div class=\"fl-col-group fl-node-ae0vf7xnjqkl\" data-node=\"ae0vf7xnjqkl\">\n\t\t\t<div class=\"fl-col fl-node-7tin9vkadxpq\" data-node=\"7tin9vkadxpq\">\n\t<div class=\"fl-col-content fl-node-content\">\n\t<div class=\"fl-module fl-module-separator fl-node-7oy532gxvbz8\" data-node=\"7oy532gxvbz8\">\n\t<div class=\"fl-module-content fl-node-content\">\n\t\t<div class=\"fl-separator\"><\/div>\n\t<\/div>\n<\/div>\n\t<\/div>\n<\/div>\n\t<\/div>\n\t\t<\/div>\n\t<\/div>\n<\/div>\n<div class=\"fl-row fl-row-fixed-width fl-row-bg-none fl-node-dy8ilh6zx2nr\" data-node=\"dy8ilh6zx2nr\">\n\t<div class=\"fl-row-content-wrap\">\n\t\t\t\t\t\t<div class=\"fl-row-content fl-row-fixed-width fl-node-content\">\n\t\t\n<div class=\"fl-col-group fl-node-sf3mygr5bitq\" data-node=\"sf3mygr5bitq\">\n\t\t\t<div class=\"fl-col fl-node-2c9yarqzhisk\" data-node=\"2c9yarqzhisk\">\n\t<div class=\"fl-col-content fl-node-content\">\n\t<div class=\"fl-module fl-module-html fl-node-rwpa0zt7bgf9\" data-node=\"rwpa0zt7bgf9\">\n\t<div class=\"fl-module-content fl-node-content\">\n\t\t<div class=\"fl-html\">\n\t<script>\n(function(){\n  var LANG = 'FRA'; \/\/ Cambia: ENG \/ FRA \/ SPA per le altre pagine\n\n  \/\/ \ud83d\udc49 Imposta il selettore del form dell'ebook FT8&FT4\n  var FORM_SELECTOR = 'form[name=\"EmailForm\"]'; \/\/ cambia col name\/id reale del form\n\n  var PRODUCT_NAME = 'Ebook FT8 & FT4';\n  var PRODUCT_CODE = 'EL-EBOOK-FT8FT4-' + LANG;\n\n  function whenFbqReady(cb){\n    var i=0,t=setInterval(function(){i++; if(window.fbq&&fbq.callMethod){clearInterval(t);cb();} if(i>200){clearInterval(t);} },50);\n  }\n\n  \/* === VIEWCONTENT all\u2019apertura === *\/\n  whenFbqReady(function(){\n    if (window.__EL_VC_FT8_FIRED) return;\n    window.__EL_VC_FT8_FIRED = true;\n    fbq('track','ViewContent',{\n      content_name: PRODUCT_NAME + ' ('+LANG+')',\n      content_ids:[PRODUCT_CODE],\n      content_type:'product',\n      language: LANG\n    });\n  });\n\n  \/* === INITIATECHECKOUT su invio form === *\/\n  function fireIC(){\n    whenFbqReady(function(){\n      if (window.__EL_IC_FT8_FIRED) return;\n      window.__EL_IC_FT8_FIRED = true;\n      fbq('track','InitiateCheckout',{\n        content_name: PRODUCT_NAME + ' ('+LANG+')',\n        content_ids:[PRODUCT_CODE],\n        content_type:'product',\n        language: LANG\n      });\n    });\n  }\n\n  document.addEventListener('submit', function(e){\n    var f = e.target;\n    if (!f || !f.matches || !f.matches(FORM_SELECTOR)) return;\n    if (e.defaultPrevented===true) return; \/\/ validazione blocca \u2192 non sparare\n    fireIC();\n  }, true);\n\n  \/\/ Se il form usa click JS\/AJAX invece del submit tradizionale\n  document.addEventListener('click', function(e){\n    var btn = e.target.closest(FORM_SELECTOR+' button, '+FORM_SELECTOR+' input[type=\"submit\"], '+FORM_SELECTOR+' a');\n    if (!btn) return;\n    fireIC();\n  }, true);\n})();\n<\/script>\n<\/div>\n\t<\/div>\n<\/div>\n\t<\/div>\n<\/div>\n\t<\/div>\n\t\t<\/div>\n\t<\/div>\n<\/div>\n<\/div>","protected":false},"excerpt":{"rendered":"<p>Un guide pratique pour maximiser le potentiel du FT8 pour les radioamateurs T\u00e9l\u00e9charger pour seulement 9,95\u20ac Ce soir, j&rsquo;ai lu le guide sur les FT8 et FT4 que j&rsquo;ai achet\u00e9 pour 10 euros. Bien que j&rsquo;utilise cette technologie depuis longtemps, je dois dire que le manuel est vraiment bien fait et absolument indispensable pour les&hellip;<\/p>\n","protected":false},"author":1,"featured_media":0,"parent":0,"menu_order":0,"comment_status":"closed","ping_status":"closed","template":"","meta":{"om_disable_all_campaigns":false,"_monsterinsights_skip_tracking":false,"_monsterinsights_sitenote_active":false,"_monsterinsights_sitenote_note":"","_monsterinsights_sitenote_category":0},"aioseo_notices":[],"_links":{"self":[{"href":"https:\/\/www.easylog.com\/fr\/wp-json\/wp\/v2\/pages\/4899"}],"collection":[{"href":"https:\/\/www.easylog.com\/fr\/wp-json\/wp\/v2\/pages"}],"about":[{"href":"https:\/\/www.easylog.com\/fr\/wp-json\/wp\/v2\/types\/page"}],"author":[{"embeddable":true,"href":"https:\/\/www.easylog.com\/fr\/wp-json\/wp\/v2\/users\/1"}],"replies":[{"embeddable":true,"href":"https:\/\/www.easylog.com\/fr\/wp-json\/wp\/v2\/comments?post=4899"}],"version-history":[{"count":23,"href":"https:\/\/www.easylog.com\/fr\/wp-json\/wp\/v2\/pages\/4899\/revisions"}],"predecessor-version":[{"id":11541,"href":"https:\/\/www.easylog.com\/fr\/wp-json\/wp\/v2\/pages\/4899\/revisions\/11541"}],"wp:attachment":[{"href":"https:\/\/www.easylog.com\/fr\/wp-json\/wp\/v2\/media?parent=4899"}],"curies":[{"name":"wp","href":"https:\/\/api.w.org\/{rel}","templated":true}]}}