{"id":5370,"date":"2025-01-25T23:09:10","date_gmt":"2025-01-25T22:09:10","guid":{"rendered":"https:\/\/www.easylog.com\/download-calendar\/"},"modified":"2025-12-12T22:29:54","modified_gmt":"2025-12-12T21:29:54","slug":"download-calendar","status":"publish","type":"page","link":"https:\/\/www.easylog.com\/fr\/download-calendar\/","title":{"rendered":"Download Calendar"},"content":{"rendered":"<div class=\"fl-builder-content fl-builder-content-5370 fl-builder-global-templates-locked\" data-post-id=\"5370\"><div class=\"fl-row fl-row-fixed-width fl-row-bg-none fl-node-y1v9ak7pwgls\" data-node=\"y1v9ak7pwgls\">\n\t<div class=\"fl-row-content-wrap\">\n\t\t\t\t\t\t<div class=\"fl-row-content fl-row-fixed-width fl-node-content\">\n\t\t\n<div class=\"fl-col-group fl-node-jtyvcb0up3i2\" data-node=\"jtyvcb0up3i2\">\n\t\t\t<div class=\"fl-col fl-node-5rd2mzl0t8ci fl-col-small\" data-node=\"5rd2mzl0t8ci\">\n\t<div class=\"fl-col-content fl-node-content\">\n\t<div class=\"fl-module fl-module-heading fl-node-w2zcv4ql6tsu\" data-node=\"w2zcv4ql6tsu\">\n\t<div class=\"fl-module-content fl-node-content\">\n\t\t<h2 class=\"fl-heading\">\n\t\t<span class=\"fl-heading-text\">EasyLog Ham Calendar<\/span>\n\t<\/h2>\n\t<\/div>\n<\/div>\n<div class=\"fl-module fl-module-rich-text fl-node-kt1nyxcde2ws\" data-node=\"kt1nyxcde2ws\">\n\t<div class=\"fl-module-content fl-node-content\">\n\t\t<div class=\"fl-rich-text\">\n\t<p><strong><span style=\"color: #333333;\">T\u00e9l\u00e9chargez-le et imprimez-le, puis accrochez-le \u00e0 votre station. Il contient les dates les plus importantes de la radio amateur. T\u00e9l\u00e9chargez-le maintenant - c'est gratuit !<\/span><\/strong><\/p>\n<p>&nbsp;<\/p>\n<\/div>\n\t<\/div>\n<\/div>\n<div class=\"fl-module fl-module-photo fl-node-fbxsd9uhy8j0\" data-node=\"fbxsd9uhy8j0\">\n\t<div class=\"fl-module-content fl-node-content\">\n\t\t<div class=\"fl-photo fl-photo-align-center\" itemscope itemtype=\"https:\/\/schema.org\/ImageObject\">\n\t<div class=\"fl-photo-content fl-photo-img-png\">\n\t\t\t\t<img decoding=\"async\" loading=\"lazy\" class=\"fl-photo-img wp-image-10580 size-full\" src=\"https:\/\/www.easylog.com\/wp-content\/uploads\/2025\/10\/calendar-image.png\" alt=\"calendar-image\" itemprop=\"image\" height=\"600\" width=\"400\" title=\"calendar-image\" srcset=\"https:\/\/www.easylog.com\/wp-content\/uploads\/2025\/10\/calendar-image.png 400w, https:\/\/www.easylog.com\/wp-content\/uploads\/2025\/10\/calendar-image-200x300.png 200w\" sizes=\"(max-width: 400px) 100vw, 400px\" \/>\n\t\t\t\t\t<\/div>\n\t<\/div>\n\t<\/div>\n<\/div>\n\t<\/div>\n<\/div>\n\t\t\t<div class=\"fl-col fl-node-i89g4x157k0l fl-col-small\" data-node=\"i89g4x157k0l\">\n\t<div class=\"fl-col-content fl-node-content\">\n\t<div class=\"fl-module fl-module-heading fl-node-pkabynmxidwg\" data-node=\"pkabynmxidwg\">\n\t<div class=\"fl-module-content fl-node-content\">\n\t\t<h2 class=\"fl-heading\">\n\t\t<span class=\"fl-heading-text\">Entrez votre e-mail pour recevoir instantan\u00e9ment le calendrier *<\/span>\n\t<\/h2>\n\t<\/div>\n<\/div>\n<div class=\"fl-module fl-module-html fl-node-y4mslkpx283r\" data-node=\"y4mslkpx283r\">\n\t<div class=\"fl-module-content fl-node-content\">\n\t\t<div class=\"fl-html\">\n\t<html>\n     \n<head>\n<style>\ninput[type=button], input[type=submit]\n{\n  background-color: #04AA6D; \/* Green *\/\n  border: 2px solid #04AA6D; \/* Green *\/\n  color: white;\n  padding: 10px 32px;\n  text-align: center;\n  text-decoration: none;\n  display: inline-block;\n  font-size: 16px;\n  margin: 4px 2px;\n  cursor: pointer;\n  border-radius: 6px;\n}\n\n.button \n{\n  transition-duration: 0.4s;\n}\n\ninput[type=submit]:hover \n{\n  background-color: #4C8C67; \/* Darker Green *\/\n  color: white;\n  border: 2px solid #4C8C67; \/* Darker Green *\/\n}\n<\/style>\n\n\n<script type=\"text\/javascript\">\n\n\/\/ Detect HTML v5 compatibility\nvar isHtml5Compatible = document.createElement('canvas').getContext != undefined;\n\n\/\/ Trim function\nfunction LTrim(value) {var re = \/s*((S+s*)*)\/; return value.replace(re, \"$1\");}\nfunction RTrim(value) {var re = \/((s*S+)*)s*\/; return value.replace(re, \"$1\");}\nfunction Trim(value) {return LTrim(RTrim(value));}\n\n\n\/\/ Form Validation\nfunction validateForm() \n{\n  var femail;      \n\n  \/\/ Retrieve email from form depending on the browser\n  if (isHtml5Compatible) \n  {  \n    femail = document.forms[\"EmailForm\"][\"femail\"].value;\n  } \n  \/\/ old browsers not HTML5 compatible\n  if (!isHtml5Compatible)\n  {\n   femail=window.document.EmailForm.femail.value;\n  }\n  \n  \/\/ Empty email\n  if (Trim(femail)==\"\") \n  { \n    alert(\"veuillez entrer un email valide\");\n    return false; \n  }\n  \/\/ invalid email\n  if (!checkEmailAddress(femail))\n  {\n    alert(\"email non valide\");\n    return false;\n  }\n}\n<\/script>\n\n<script src=\"https:\/\/www.google.com\/recaptcha\/api.js\" async defer><\/script>\n\n<\/head>  \n\n<body>\n\n\n<form id=\"EmailForm\" name=\"EmailForm\" action=\"\/templates\/scripts\/send-free-hamcalendar-fra.php\" onsubmit=\"return validateForm()\" method=\"post\">\n  <input name=\"femail\" type=\"text\" id=\"femail\" size=\"60\" maxlength=\"60\" placeholder=\"Type a valid email\" \/><br>\n\n<div class=\"g-recaptcha\" data-sitekey=\"6Ld_ZcspAAAAALq9BrlkEKiIKWEIF5njGpTp6Z81\"><\/div>  \n\n<br>\n  <input type=\"submit\" value=\"Envoyez-moi le calendrier gratuit\">\n  \n<\/form> \n\n\n <\/body>\n \n<\/html><\/div>\n\t<\/div>\n<\/div>\n<div class=\"fl-module fl-module-separator fl-node-r5f4y837gpks\" data-node=\"r5f4y837gpks\">\n\t<div class=\"fl-module-content fl-node-content\">\n\t\t<div class=\"fl-separator\"><\/div>\n\t<\/div>\n<\/div>\n<div class=\"fl-module fl-module-rich-text fl-node-p69xvid3lc4b\" data-node=\"p69xvid3lc4b\">\n\t<div class=\"fl-module-content fl-node-content\">\n\t\t<div class=\"fl-rich-text\">\n\t<p><span style=\"font-size: 18px; color: #ff0000;\">* Le calendrier sera envoy\u00e9 en pi\u00e8ce jointe \u00e0 votre courriel. La taille de la pi\u00e8ce jointe est d'environ 18 Mo - assurez-vous que votre fournisseur de messagerie accepte les pi\u00e8ces jointes de cette taille, ou utilisez un courriel @yahoo.com ou @gmail.com qui g\u00e8re les pi\u00e8ces jointes jusqu'\u00e0 25 Mo.<\/span><\/p>\n<\/div>\n\t<\/div>\n<\/div>\n\t<\/div>\n<\/div>\n\t<\/div>\n\n<div class=\"fl-col-group fl-node-eskw18h3caxg\" data-node=\"eskw18h3caxg\">\n\t\t\t<div class=\"fl-col fl-node-3kwh7d0zyfon\" data-node=\"3kwh7d0zyfon\">\n\t<div class=\"fl-col-content fl-node-content\">\n\t<div class=\"fl-module fl-module-rich-text fl-node-0w4ahlki3ob5\" data-node=\"0w4ahlki3ob5\">\n\t<div class=\"fl-module-content fl-node-content\">\n\t\t<div class=\"fl-rich-text\">\n\t<p><span style=\"font-size: 18px; color: #ff0000;\">* Le calendrier sera envoy\u00e9 en pi\u00e8ce jointe \u00e0 votre courriel. La taille de la pi\u00e8ce jointe est d'environ 18 Mo - assurez-vous que votre fournisseur de messagerie accepte les pi\u00e8ces jointes de cette taille, ou utilisez un courriel @yahoo.com ou @gmail.com qui g\u00e8re les pi\u00e8ces jointes jusqu'\u00e0 25 Mo.<\/span><\/p>\n<\/div>\n\t<\/div>\n<\/div>\n<div class=\"fl-module fl-module-rich-text fl-node-wfe486tnyxpc\" data-node=\"wfe486tnyxpc\">\n\t<div class=\"fl-module-content fl-node-content\">\n\t\t<div class=\"fl-rich-text\">\n\t<p>fddffdfd<\/p>\n<\/div>\n\t<\/div>\n<\/div>\n<div class=\"fl-module fl-module-rich-text fl-node-lnbvwe8q3y6t\" data-node=\"lnbvwe8q3y6t\">\n\t<div class=\"fl-module-content fl-node-content\">\n\t\t<div class=\"fl-rich-text\">\n\t<\/div>\n\t<\/div>\n<\/div>\n<div class=\"fl-module fl-module-separator fl-node-0q3obpydghxa\" data-node=\"0q3obpydghxa\">\n\t<div class=\"fl-module-content fl-node-content\">\n\t\t<div class=\"fl-separator\"><\/div>\n\t<\/div>\n<\/div>\n\t<\/div>\n<\/div>\n\t<\/div>\n\t\t<\/div>\n\t<\/div>\n<\/div>\n<div class=\"fl-row fl-row-fixed-width fl-row-bg-none fl-node-y056cngrhbax\" data-node=\"y056cngrhbax\">\n\t<div class=\"fl-row-content-wrap\">\n\t\t\t\t\t\t<div class=\"fl-row-content fl-row-fixed-width fl-node-content\">\n\t\t\n<div class=\"fl-col-group fl-node-oujc6tzywm0g\" data-node=\"oujc6tzywm0g\">\n\t\t\t<div class=\"fl-col fl-node-d9hwy4kg5vb8\" data-node=\"d9hwy4kg5vb8\">\n\t<div class=\"fl-col-content fl-node-content\">\n\t<div class=\"fl-module fl-module-html fl-node-wvhqzr61p7ft\" data-node=\"wvhqzr61p7ft\">\n\t<div class=\"fl-module-content fl-node-content\">\n\t\t<div class=\"fl-html\">\n\t<script>\n(function(){\n  var LANG = 'FRA';                 \/\/ ENG \/ FRA \/ SPA nelle altre pagine\n  var FORM_SELECTOR = 'form[name=\"EmailForm\"]'; \/\/ <\u2014 cambia col selettore del form del calendario\n\n  function whenFbqReady(cb){\n    var i=0,t=setInterval(function(){i++; if(window.fbq&&fbq.callMethod){clearInterval(t);cb();} if(i>200){clearInterval(t);}},50);\n  }\n  function fireLead(){\n    whenFbqReady(function(){\n      if(window.__EL_CAL_LEAD_FIRED) return;   \/\/ anti-doppio\n      window.__EL_CAL_LEAD_FIRED = true;\n      fbq('track','Lead',{\n        content_name:'EasyLog Free Calendar ('+LANG+')',\n        content_ids:['EL-CALENDAR-LEAD-'+LANG],\n        content_type:'content',\n        language: LANG\n      });\n    });\n  }\n\n  \/\/ Lead al SUBMIT del form (passa solo se la validazione\/reCAPTCHA non lo blocca)\n  document.addEventListener('submit', function(e){\n    var f = e.target;\n    if (!f || !f.matches || !f.matches(FORM_SELECTOR)) return;\n    if (e.defaultPrevented === true) return;\n    fireLead();\n  }, true);\n\n  \/\/ Lead anche al CLICK sul bottone dentro il form (per invii via JS\/AJAX)\n  document.addEventListener('click', function(e){\n    var btn = e.target && e.target.closest ? e.target.closest(\n      FORM_SELECTOR + ' button, ' +\n      FORM_SELECTOR + ' input[type=\"submit\"], ' +\n      FORM_SELECTOR + ' a, ' +\n      FORM_SELECTOR + ' .btn, ' +\n      FORM_SELECTOR + ' .button'\n    ) : null;\n    if (!btn) return;\n    fireLead();\n  }, true);\n})();\n<\/script><\/div>\n\t<\/div>\n<\/div>\n\t<\/div>\n<\/div>\n\t<\/div>\n\t\t<\/div>\n\t<\/div>\n<\/div>\n<\/div>","protected":false},"excerpt":{"rendered":"<p>EasyLog Ham Calendar T\u00e9l\u00e9chargez-le et imprimez-le, puis accrochez-le \u00e0 votre station. Il contient les dates les plus importantes de la radio amateur. T\u00e9l\u00e9chargez-le maintenant &#8211; c&rsquo;est gratuit ! &nbsp; Entrez votre e-mail pour recevoir instantan\u00e9ment le calendrier * * Le calendrier sera envoy\u00e9 en pi\u00e8ce jointe \u00e0 votre courriel. La taille de la pi\u00e8ce jointe&hellip;<\/p>\n","protected":false},"author":1,"featured_media":0,"parent":0,"menu_order":0,"comment_status":"closed","ping_status":"closed","template":"","meta":{"om_disable_all_campaigns":false,"_monsterinsights_skip_tracking":false,"_monsterinsights_sitenote_active":false,"_monsterinsights_sitenote_note":"","_monsterinsights_sitenote_category":0},"aioseo_notices":[],"_links":{"self":[{"href":"https:\/\/www.easylog.com\/fr\/wp-json\/wp\/v2\/pages\/5370"}],"collection":[{"href":"https:\/\/www.easylog.com\/fr\/wp-json\/wp\/v2\/pages"}],"about":[{"href":"https:\/\/www.easylog.com\/fr\/wp-json\/wp\/v2\/types\/page"}],"author":[{"embeddable":true,"href":"https:\/\/www.easylog.com\/fr\/wp-json\/wp\/v2\/users\/1"}],"replies":[{"embeddable":true,"href":"https:\/\/www.easylog.com\/fr\/wp-json\/wp\/v2\/comments?post=5370"}],"version-history":[{"count":7,"href":"https:\/\/www.easylog.com\/fr\/wp-json\/wp\/v2\/pages\/5370\/revisions"}],"predecessor-version":[{"id":11288,"href":"https:\/\/www.easylog.com\/fr\/wp-json\/wp\/v2\/pages\/5370\/revisions\/11288"}],"wp:attachment":[{"href":"https:\/\/www.easylog.com\/fr\/wp-json\/wp\/v2\/media?parent=5370"}],"curies":[{"name":"wp","href":"https:\/\/api.w.org\/{rel}","templated":true}]}}