{"id":6332,"date":"2025-06-15T21:44:09","date_gmt":"2025-06-15T20:44:09","guid":{"rendered":"https:\/\/www.easylog.com\/download-ebook-smart-dxing\/"},"modified":"2026-01-09T22:26:07","modified_gmt":"2026-01-09T21:26:07","slug":"download-ebook-smart-dxing","status":"publish","type":"page","link":"https:\/\/www.easylog.com\/fr\/download-ebook-smart-dxing\/","title":{"rendered":"Download Ebook: SMART DXing"},"content":{"rendered":"<div class=\"fl-builder-content fl-builder-content-6332 fl-builder-global-templates-locked\" data-post-id=\"6332\"><div class=\"fl-row fl-row-fixed-width fl-row-bg-none fl-node-j752w4ip8lyq\" data-node=\"j752w4ip8lyq\">\n\t<div class=\"fl-row-content-wrap\">\n\t\t\t\t\t\t<div class=\"fl-row-content fl-row-fixed-width fl-node-content\">\n\t\t\n<div class=\"fl-col-group fl-node-g72mrdetx3uc\" data-node=\"g72mrdetx3uc\">\n\t\t\t<div class=\"fl-col fl-node-oefuxtjhn7qc fl-col-small fl-col-has-cols\" data-node=\"oefuxtjhn7qc\">\n\t<div class=\"fl-col-content fl-node-content\">\n\t<div class=\"fl-module fl-module-heading fl-node-74kmbdv6fnjp\" data-node=\"74kmbdv6fnjp\">\n\t<div class=\"fl-module-content fl-node-content\">\n\t\t<h2 class=\"fl-heading\">\n\t\t<span class=\"fl-heading-text\">Concepts et strat\u00e9gies pour un DXing efficace<\/span>\n\t<\/h2>\n\t<\/div>\n<\/div>\n<div class=\"fl-module fl-module-rich-text fl-node-y43forx1759l\" data-node=\"y43forx1759l\">\n\t<div class=\"fl-module-content fl-node-content\">\n\t\t<div class=\"fl-rich-text\">\n\t<p><span style=\"font-size: 30px; color: #ff0000;\"><strong>T\u00e9l\u00e9charger pour seulement 2,95\u20ac<\/strong><\/span><\/p>\n<\/div>\n\t<\/div>\n<\/div>\n\n<div class=\"fl-col-group fl-node-z2eo6r0k9vhd fl-col-group-nested\" data-node=\"z2eo6r0k9vhd\">\n\t\t\t<div class=\"fl-col fl-node-tjrw03ne59fg fl-col-small\" data-node=\"tjrw03ne59fg\">\n\t<div class=\"fl-col-content fl-node-content\">\n\t<div class=\"fl-module fl-module-photo fl-node-zfult0a29pci\" data-node=\"zfult0a29pci\">\n\t<div class=\"fl-module-content fl-node-content\">\n\t\t<div class=\"fl-photo fl-photo-align-center\" itemscope itemtype=\"https:\/\/schema.org\/ImageObject\">\n\t<div class=\"fl-photo-content fl-photo-img-png\">\n\t\t\t\t<img decoding=\"async\" class=\"fl-photo-img\" src=\"https:\/\/www.easylog.com\/wp-content\/plugins\/bb-plugin\/img\/pixel.png\" alt=\"\" itemprop=\"image\"  \/>\n\t\t\t\t\t<\/div>\n\t<\/div>\n\t<\/div>\n<\/div>\n<div class=\"fl-module fl-module-photo fl-node-eu9vr6xdfmz4\" data-node=\"eu9vr6xdfmz4\">\n\t<div class=\"fl-module-content fl-node-content\">\n\t\t<div class=\"fl-photo fl-photo-align-center\" itemscope itemtype=\"https:\/\/schema.org\/ImageObject\">\n\t<div class=\"fl-photo-content fl-photo-img-png\">\n\t\t\t\t<img decoding=\"async\" loading=\"lazy\" class=\"fl-photo-img wp-image-6336 size-medium\" src=\"https:\/\/www.easylog.com\/wp-content\/uploads\/2025\/06\/dxing-ebook-mockup-fra-176x300.png\" alt=\"dxing-ebook-mockup-fra\" itemprop=\"image\" height=\"300\" width=\"176\" title=\"dxing-ebook-mockup-fra\" srcset=\"https:\/\/www.easylog.com\/wp-content\/uploads\/2025\/06\/dxing-ebook-mockup-fra-176x300.png 176w, https:\/\/www.easylog.com\/wp-content\/uploads\/2025\/06\/dxing-ebook-mockup-fra.png 412w\" sizes=\"(max-width: 176px) 100vw, 176px\" \/>\n\t\t\t\t\t<\/div>\n\t<\/div>\n\t<\/div>\n<\/div>\n\t<\/div>\n<\/div>\n\t\t\t<div class=\"fl-col fl-node-5387e4wk2jqn\" data-node=\"5387e4wk2jqn\">\n\t<div class=\"fl-col-content fl-node-content\">\n\t<div class=\"fl-module fl-module-photo fl-node-f96c73wtoypd\" data-node=\"f96c73wtoypd\">\n\t<div class=\"fl-module-content fl-node-content\">\n\t\t<div class=\"fl-photo fl-photo-align-left\" itemscope itemtype=\"https:\/\/schema.org\/ImageObject\">\n\t<div class=\"fl-photo-content fl-photo-img-png\">\n\t\t\t\t<img decoding=\"async\" loading=\"lazy\" class=\"fl-photo-img wp-image-6231 size-full\" src=\"https:\/\/www.easylog.com\/wp-content\/uploads\/2025\/05\/five-stars-2.png\" alt=\"five-stars\" itemprop=\"image\" height=\"18\" width=\"100\" title=\"five-stars\"  \/>\n\t\t\t\t\t<\/div>\n\t<\/div>\n\t<\/div>\n<\/div>\n<div class=\"fl-module fl-module-rich-text fl-node-iml83crph04s\" data-node=\"iml83crph04s\">\n\t<div class=\"fl-module-content fl-node-content\">\n\t\t<div class=\"fl-rich-text\">\n\t<blockquote><p><span style=\"color: #000000;\">Smart DXing est un compagnon pour les radioamateurs qui veulent am\u00e9liorer leur m\u00e9thodes et augmenter leur plaisir avec les DX. <span style=\"color: #0000ff;\"><strong>Pratique et convivial, l'ebook pr\u00e9sente les strat\u00e9gies utilis\u00e9es par les meilleurs DXers et Contesters<\/strong> <\/span>pour r\u00e9duire le bruit, am\u00e9liorer la r\u00e9ception, planifier les activit\u00e9s en fonction de la propagation, activer les stations portables ou distantes et adopter les habitudes d'exploitation les plus efficaces.<\/span><\/p><\/blockquote>\n<\/div>\n\t<\/div>\n<\/div>\n\t<\/div>\n<\/div>\n\t<\/div>\n<div class=\"fl-module fl-module-rich-text fl-node-946tv0cm1fzr\" data-node=\"946tv0cm1fzr\">\n\t<div class=\"fl-module-content fl-node-content\">\n\t\t<div class=\"fl-rich-text\">\n\t<blockquote><p><span style=\"color: #000000;\"><span style=\"caret-color: #000000;\">Que vous soyez un chasseur DX, un passionn\u00e9 de QRP ou simplement d\u00e9sireux de vous am\u00e9liorer, <span style=\"color: #0000ff;\"><strong>ce guide vous aidera \u00e0 tirer le meilleur parti de chaque QSO avec facilit\u00e9, pr\u00e9cision et satisfaction.<\/strong><\/span><\/span><\/span><\/p><\/blockquote>\n<\/div>\n\t<\/div>\n<\/div>\n\t<\/div>\n<\/div>\n\t\t\t<div class=\"fl-col fl-node-bq5vd1g4mrsi fl-col-small\" data-node=\"bq5vd1g4mrsi\">\n\t<div class=\"fl-col-content fl-node-content\">\n\t<div class=\"fl-module fl-module-heading fl-node-c5ypqzwvj6ug\" data-node=\"c5ypqzwvj6ug\">\n\t<div class=\"fl-module-content fl-node-content\">\n\t\t<h2 class=\"fl-heading\">\n\t\t<span class=\"fl-heading-text\">Pour recevoir votre eBook instantan\u00e9ment, remplissez le formulaire suivant<\/span>\n\t<\/h2>\n\t<\/div>\n<\/div>\n<div class=\"fl-module fl-module-html fl-node-79r4xhkeu8lf\" data-node=\"79r4xhkeu8lf\">\n\t<div class=\"fl-module-content fl-node-content\">\n\t\t<div class=\"fl-html\">\n\t<html>\n     \n<head>\n<style>\n\ninput[type=button], input[type=submit]\n{\n  background-color: #04AA6D; \/* Green *\/\n  border: 2px solid #04AA6D; \/* Green *\/\n  color: white;\n  padding: 10px 32px;\n  text-align: center;\n  text-decoration: none;\n  display: inline-block;\n  font-size: 16px;\n  margin: 4px 2px;\n  cursor: pointer;\n  border-radius: 6px;\n}\n\ninput[type=\"text\"]\n{\n  border: 1px solid #999999;\n  color: #333333;\n  outline: none;\n}\n\ninput[type=\"text\"]::placeholder\n{\n  color: #333333;\n}\n\ninput[type=\"text\"]:hover, input[type=\"text\"]:focus\n{\n  border-color: #008000;\n  outline: none;\n}\n\n.button \n{\n  transition-duration: 0.4s;\n}\n\ninput[type=submit]:hover \n{\n  background-color: #4C8C67; \/* Darker Green *\/\n  color: white;\n  border: 2px solid #4C8C67; \/* Darker Green *\/\n}\n\n.email-warning\n{\n  color: red;\n}\n\n<\/style>\n\n\n<script type=\"text\/javascript\">\n\n\n\/\/ Detect HTML v5 compatibility\nvar isHtml5Compatible = document.createElement('canvas').getContext != undefined;\n\n\/\/ Trim function\nfunction LTrim(value) {var re = \/s*((S+s*)*)\/; return value.replace(re, \"$1\");}\nfunction RTrim(value) {var re = \/((s*S+)*)s*\/; return value.replace(re, \"$1\");}\nfunction Trim(value) {return LTrim(RTrim(value));}\n\n\n\/\/ Form Validation\nfunction validateForm() \n{\n  var fcallsign,ffirst_name,flast_name,femail;      \n\n  \/\/ Retrieve email from form depending on the browser\n  if (isHtml5Compatible) \n  {  \n    fcallsign = document.forms[\"EmailForm\"][\"fcallsign\"].value;\n    ffirst_name = document.forms[\"EmailForm\"][\"ffirst_name\"].value;\n    flast_name = document.forms[\"EmailForm\"][\"flast_name\"].value;\n    femail = document.forms[\"EmailForm\"][\"femail\"].value;\n  } \n  \/\/ old browsers not HTML5 compatible\n  if (!isHtml5Compatible)\n  {\n   fcallsign=window.document.EmailForm.fcallsign.value;      \n   ffirst_name=window.document.EmailForm.ffirst_name.value;   \n   flast_name=window.document.EmailForm.flast_name.value;   \n   femail=window.document.EmailForm.femail.value;\n  }\n\n  \/\/ Empty callsign\n  if (Trim(fcallsign)==\"\") \n  { \n    alert(\"Entrez votre callsign ou choisissez un nom d'utilisateur\");\n    return false; \n  }\n  \/\/ Empty first_name\n  if (Trim(ffirst_name)==\"\") \n  { \n    alert(\"Entrez votre prenom\");\n    return false; \n  }\n  \/\/ Empty last_name\n  if (Trim(flast_name)==\"\") \n  { \n    alert(\"Entrez votre nom\");\n    return false; \n  }\n  \/\/ Empty email\n  if (Trim(femail)==\"\") \n  { \n    alert(\"Veuillez entrer un email valide\");\n    return false; \n  }\n  \/\/ invalid email\n  if (!checkEmailAddress(femail))\n  {\n    alert(\"Courriel non valide\");\n    return false;\n  }\n}\n<\/script>\n\n<\/head>  \n\n<body>\n\n\n<form id=\"EmailForm\" name=\"EmailForm\" action=\"\/templates\/scripts\/dxing_ebook_buynow_fra.php\" onsubmit=\"return validateForm()\" method=\"post\">\n  <input name=\"fcallsign\" type=\"text\" id=\"fcallsign\" size=\"60\" maxlength=\"60\" placeholder=\"Entrez votre callsign (ou choisissez un nom d'utilisateur)\" \/><br>  \n  <input name=\"ffirst_name\" type=\"text\" id=\"ffirst_name\" size=\"60\" maxlength=\"60\" placeholder=\"Entrez votre prenom\" \/><br>\n  <input name=\"flast_name\" type=\"text\" id=\"flast_name\" size=\"60\" maxlength=\"60\" placeholder=\"Entrez votre nom\" \/><br>\n  <p class=\"email-warning\">Veuillez v\u00e9rifier que votre adresse \u00e9lectronique est exacte, car nous l'utiliserons pour vous envoyer les instructions de t\u00e9l\u00e9chargement de l'ebook. Si l'adresse \u00e9lectronique est inexacte, nous ne pourrons pas vous envoyer les informations.<\/p>\n  <input name=\"femail\" type=\"text\" id=\"femail\" size=\"60\" maxlength=\"60\" placeholder=\"Veuillez entrer un email valide\" \/><br>  \n<br>\n  <input type=\"submit\" value=\"Acheter l'ebook\">\n<\/form>\n\n<br>\n<div style=\"text-align: left;\">\n    <img decoding=\"async\" src=\"https:\/\/www.paypalobjects.com\/webstatic\/mktg\/logo\/pp_cc_mark_74x46.jpg\" alt=\"PayPal\" style=\"margin-right: 10px;\">\n    <img decoding=\"async\" src=\"https:\/\/www.paypalobjects.com\/webstatic\/mktg\/logo\/AM_mc_vs_dc_ae.jpg\" alt=\"Credit Cards\" style=\"margin-right: 10px;\">\n<\/div>\n\n <\/body>\n \n<\/html><\/div>\n\t<\/div>\n<\/div>\n<div class=\"fl-module fl-module-separator fl-node-k059dn8g12w7\" data-node=\"k059dn8g12w7\">\n\t<div class=\"fl-module-content fl-node-content\">\n\t\t<div class=\"fl-separator\"><\/div>\n\t<\/div>\n<\/div>\n\t<\/div>\n<\/div>\n\t<\/div>\n\n<div class=\"fl-col-group fl-node-xf4rbocsepln\" data-node=\"xf4rbocsepln\">\n\t\t\t<div class=\"fl-col fl-node-sqtncegvk4j6\" data-node=\"sqtncegvk4j6\">\n\t<div class=\"fl-col-content fl-node-content\">\n\t<div class=\"fl-module fl-module-separator fl-node-0zprkjuilwf3\" data-node=\"0zprkjuilwf3\">\n\t<div class=\"fl-module-content fl-node-content\">\n\t\t<div class=\"fl-separator\"><\/div>\n\t<\/div>\n<\/div>\n\t<\/div>\n<\/div>\n\t<\/div>\n\t\t<\/div>\n\t<\/div>\n<\/div>\n<div class=\"fl-row fl-row-fixed-width fl-row-bg-none fl-node-pxw7vonu461h\" data-node=\"pxw7vonu461h\">\n\t<div class=\"fl-row-content-wrap\">\n\t\t\t\t\t\t<div class=\"fl-row-content fl-row-fixed-width fl-node-content\">\n\t\t\n<div class=\"fl-col-group fl-node-ls5jzk469pnb\" data-node=\"ls5jzk469pnb\">\n\t\t\t<div class=\"fl-col fl-node-u0idlt8sv92x\" data-node=\"u0idlt8sv92x\">\n\t<div class=\"fl-col-content fl-node-content\">\n\t<div class=\"fl-module fl-module-html fl-node-2mwy70bliar6\" data-node=\"2mwy70bliar6\">\n\t<div class=\"fl-module-content fl-node-content\">\n\t\t<div class=\"fl-html\">\n\t<script>\n(function(){\n  var LANG = 'FRA'; \/\/ Cambia: ENG \/ FRA \/ SPA per le altre pagine\n\n  \/\/ \ud83d\udc49 Imposta il selettore del form dell'ebook FT8&FT4\n  var FORM_SELECTOR = 'form[name=\"EmailForm\"]'; \/\/ cambia col name\/id reale del form\n\n  var PRODUCT_NAME = 'Ebook SMART DXing';\n  var PRODUCT_CODE = 'EL-EBOOK-SMART-DXing-' + LANG;\n\n  function whenFbqReady(cb){\n    var i=0,t=setInterval(function(){i++; if(window.fbq&&fbq.callMethod){clearInterval(t);cb();} if(i>200){clearInterval(t);} },50);\n  }\n\n  \/* === VIEWCONTENT all\u2019apertura === *\/\n  whenFbqReady(function(){\n    if (window.__EL_VC_SMART_DXING_FIRED) return;\n    window.__EL_VC_SMART_DXING_FIRED = true;\n    fbq('track','ViewContent',{\n      content_name: PRODUCT_NAME + ' ('+LANG+')',\n      content_ids:[PRODUCT_CODE],\n      content_type:'product',\n      language: LANG\n    });\n  });\n\n  \/* === INITIATECHECKOUT su invio form === *\/\n  function fireIC(){\n    whenFbqReady(function(){\n      if (window.__EL_IC_SMART_DXING_FIRED) return;\n      window.__EL_IC_SMART_DXING_FIRED = true;\n      fbq('track','InitiateCheckout',{\n        content_name: PRODUCT_NAME + ' ('+LANG+')',\n        content_ids:[PRODUCT_CODE],\n        content_type:'product',\n        language: LANG\n      });\n    });\n  }\n\n  document.addEventListener('submit', function(e){\n    var f = e.target;\n    if (!f || !f.matches || !f.matches(FORM_SELECTOR)) return;\n    if (e.defaultPrevented===true) return; \/\/ validazione blocca \u2192 non sparare\n    fireIC();\n  }, true);\n\n  \/\/ Se il form usa click JS\/AJAX invece del submit tradizionale\n  document.addEventListener('click', function(e){\n    var btn = e.target.closest(FORM_SELECTOR+' button, '+FORM_SELECTOR+' input[type=\"submit\"], '+FORM_SELECTOR+' a');\n    if (!btn) return;\n    fireIC();\n  }, true);\n})();\n<\/script>\n<\/div>\n\t<\/div>\n<\/div>\n\t<\/div>\n<\/div>\n\t<\/div>\n\t\t<\/div>\n\t<\/div>\n<\/div>\n<\/div>","protected":false},"excerpt":{"rendered":"<p>Concepts et strat\u00e9gies pour un DXing efficace T\u00e9l\u00e9charger pour seulement 2,95\u20ac Smart DXing est un compagnon pour les radioamateurs qui veulent am\u00e9liorer leur m\u00e9thodes et augmenter leur plaisir avec les DX. Pratique et convivial, l&rsquo;ebook pr\u00e9sente les strat\u00e9gies utilis\u00e9es par les meilleurs DXers et Contesters pour r\u00e9duire le bruit, am\u00e9liorer la r\u00e9ception, planifier les activit\u00e9s&hellip;<\/p>\n","protected":false},"author":1,"featured_media":0,"parent":0,"menu_order":0,"comment_status":"closed","ping_status":"closed","template":"","meta":{"om_disable_all_campaigns":false,"_monsterinsights_skip_tracking":false,"_monsterinsights_sitenote_active":false,"_monsterinsights_sitenote_note":"","_monsterinsights_sitenote_category":0},"aioseo_notices":[],"_links":{"self":[{"href":"https:\/\/www.easylog.com\/fr\/wp-json\/wp\/v2\/pages\/6332"}],"collection":[{"href":"https:\/\/www.easylog.com\/fr\/wp-json\/wp\/v2\/pages"}],"about":[{"href":"https:\/\/www.easylog.com\/fr\/wp-json\/wp\/v2\/types\/page"}],"author":[{"embeddable":true,"href":"https:\/\/www.easylog.com\/fr\/wp-json\/wp\/v2\/users\/1"}],"replies":[{"embeddable":true,"href":"https:\/\/www.easylog.com\/fr\/wp-json\/wp\/v2\/comments?post=6332"}],"version-history":[{"count":9,"href":"https:\/\/www.easylog.com\/fr\/wp-json\/wp\/v2\/pages\/6332\/revisions"}],"predecessor-version":[{"id":11540,"href":"https:\/\/www.easylog.com\/fr\/wp-json\/wp\/v2\/pages\/6332\/revisions\/11540"}],"wp:attachment":[{"href":"https:\/\/www.easylog.com\/fr\/wp-json\/wp\/v2\/media?parent=6332"}],"curies":[{"name":"wp","href":"https:\/\/api.w.org\/{rel}","templated":true}]}}