{"id":6367,"date":"2025-06-20T23:05:03","date_gmt":"2025-06-20T22:05:03","guid":{"rendered":"https:\/\/www.easylog.com\/download-ebook-padroneggiare-il-dxcc\/"},"modified":"2026-01-09T22:27:50","modified_gmt":"2026-01-09T21:27:50","slug":"download-ebook-padroneggiare-il-dxcc","status":"publish","type":"page","link":"https:\/\/www.easylog.com\/fr\/download-ebook-padroneggiare-il-dxcc\/","title":{"rendered":"Download Ebook: Padroneggiare il DXCC"},"content":{"rendered":"<div class=\"fl-builder-content fl-builder-content-6367 fl-builder-global-templates-locked\" data-post-id=\"6367\"><div class=\"fl-row fl-row-fixed-width fl-row-bg-none fl-node-7wby2nz6htor\" data-node=\"7wby2nz6htor\">\n\t<div class=\"fl-row-content-wrap\">\n\t\t\t\t\t\t<div class=\"fl-row-content fl-row-fixed-width fl-node-content\">\n\t\t\n<div class=\"fl-col-group fl-node-t8bahq15xpw6\" data-node=\"t8bahq15xpw6\">\n\t\t\t<div class=\"fl-col fl-node-dp93r8zyhgb7 fl-col-small fl-col-has-cols\" data-node=\"dp93r8zyhgb7\">\n\t<div class=\"fl-col-content fl-node-content\">\n\t<div class=\"fl-module fl-module-rich-text fl-node-r7hl2qnzdi58\" data-node=\"r7hl2qnzdi58\">\n\t<div class=\"fl-module-content fl-node-content\">\n\t\t<div class=\"fl-rich-text\">\n\t<\/div>\n\t<\/div>\n<\/div>\n<div class=\"fl-module fl-module-heading fl-node-hoswqvz24gex\" data-node=\"hoswqvz24gex\">\n\t<div class=\"fl-module-content fl-node-content\">\n\t\t<h2 class=\"fl-heading\">\n\t\t<span class=\"fl-heading-text\">Un guide complet pour exceller au DXCC<\/span>\n\t<\/h2>\n\t<\/div>\n<\/div>\n<div class=\"fl-module fl-module-rich-text fl-node-2s9gtr0j3kby\" data-node=\"2s9gtr0j3kby\">\n\t<div class=\"fl-module-content fl-node-content\">\n\t\t<div class=\"fl-rich-text\">\n\t<p><span style=\"color: #339966;\"><strong><span style=\"font-size: 30px;\"><span style=\"font-size: 32px;\"><span style=\"font-size: 30px;\">Il est maintenant disponible. <\/span><\/span><\/span><\/strong><\/span><\/p>\n<p><span style=\"font-size: 30px; color: #ff0000;\"><strong>pour seulement 9,95 \u20ac.<\/strong><\/span><\/p>\n<\/div>\n\t<\/div>\n<\/div>\n\n<div class=\"fl-col-group fl-node-9d5lr1tcfiya fl-col-group-nested\" data-node=\"9d5lr1tcfiya\">\n\t\t\t<div class=\"fl-col fl-node-ur87amt3s4zh fl-col-small\" data-node=\"ur87amt3s4zh\">\n\t<div class=\"fl-col-content fl-node-content\">\n\t<div class=\"fl-module fl-module-photo fl-node-nmit9jrgvwe3\" data-node=\"nmit9jrgvwe3\">\n\t<div class=\"fl-module-content fl-node-content\">\n\t\t<div class=\"fl-photo fl-photo-align-center\" itemscope itemtype=\"https:\/\/schema.org\/ImageObject\">\n\t<div class=\"fl-photo-content fl-photo-img-png\">\n\t\t\t\t<img decoding=\"async\" class=\"fl-photo-img\" src=\"https:\/\/www.easylog.com\/wp-content\/plugins\/bb-plugin\/img\/pixel.png\" alt=\"\" itemprop=\"image\"  \/>\n\t\t\t\t\t<\/div>\n\t<\/div>\n\t<\/div>\n<\/div>\n<div class=\"fl-module fl-module-photo fl-node-vxk2h5ougf3q\" data-node=\"vxk2h5ougf3q\">\n\t<div class=\"fl-module-content fl-node-content\">\n\t\t<div class=\"fl-photo fl-photo-align-center\" itemscope itemtype=\"https:\/\/schema.org\/ImageObject\">\n\t<div class=\"fl-photo-content fl-photo-img-png\">\n\t\t\t\t<img decoding=\"async\" loading=\"lazy\" class=\"fl-photo-img wp-image-6368 size-medium\" src=\"https:\/\/www.easylog.com\/wp-content\/uploads\/2025\/06\/dxcc-ebook-mockup-fra-174x300.png\" alt=\"dxcc-ebook-mockup-fra\" itemprop=\"image\" height=\"300\" width=\"174\" title=\"dxcc-ebook-mockup-fra\" srcset=\"https:\/\/www.easylog.com\/wp-content\/uploads\/2025\/06\/dxcc-ebook-mockup-fra-174x300.png 174w, https:\/\/www.easylog.com\/wp-content\/uploads\/2025\/06\/dxcc-ebook-mockup-fra.png 402w\" sizes=\"(max-width: 174px) 100vw, 174px\" \/>\n\t\t\t\t\t<\/div>\n\t<\/div>\n\t<\/div>\n<\/div>\n\t<\/div>\n<\/div>\n\t\t\t<div class=\"fl-col fl-node-5k7m3so0uqbp\" data-node=\"5k7m3so0uqbp\">\n\t<div class=\"fl-col-content fl-node-content\">\n\t<div class=\"fl-module fl-module-photo fl-node-qr7fmwh0cat1\" data-node=\"qr7fmwh0cat1\">\n\t<div class=\"fl-module-content fl-node-content\">\n\t\t<div class=\"fl-photo fl-photo-align-left\" itemscope itemtype=\"https:\/\/schema.org\/ImageObject\">\n\t<div class=\"fl-photo-content fl-photo-img-png\">\n\t\t\t\t<img decoding=\"async\" loading=\"lazy\" class=\"fl-photo-img wp-image-6231 size-full\" src=\"https:\/\/www.easylog.com\/wp-content\/uploads\/2025\/05\/five-stars-2.png\" alt=\"five-stars\" itemprop=\"image\" height=\"18\" width=\"100\" title=\"five-stars\"  \/>\n\t\t\t\t\t<\/div>\n\t<\/div>\n\t<\/div>\n<\/div>\n<div class=\"fl-module fl-module-rich-text fl-node-67b1mculq9zo\" data-node=\"67b1mculq9zo\">\n\t<div class=\"fl-module-content fl-node-content\">\n\t\t<div class=\"fl-rich-text\">\n\t<blockquote><p>J'ai re\u00e7u l'e-book et je vous f\u00e9licite car <strong>c'est un texte vraiment complet que tout le monde peut comprendre.<\/strong><\/p>\n<p>Je vous adresse mes meilleures salutations.<\/p>\n<p><strong>Fulvio, IU5RTR<\/strong><\/p><\/blockquote>\n<\/div>\n\t<\/div>\n<\/div>\n\t<\/div>\n<\/div>\n\t<\/div>\n\n<div class=\"fl-col-group fl-node-orhx7t1s4vup fl-col-group-nested\" data-node=\"orhx7t1s4vup\">\n\t\t\t<div class=\"fl-col fl-node-uo9p1gatn8zh fl-col-small\" data-node=\"uo9p1gatn8zh\">\n\t<div class=\"fl-col-content fl-node-content\">\n\t<div class=\"fl-module fl-module-icon fl-node-y5pc3620z19x\" data-node=\"y5pc3620z19x\">\n\t<div class=\"fl-module-content fl-node-content\">\n\t\t<div class=\"fl-icon-wrap\">\n\t<span class=\"fl-icon\">\n\t\t\t\t<i class=\"fas fa-check-circle\" aria-hidden=\"true\"><\/i>\n\t\t\t\t\t<\/span>\n\t<\/div>\n\t<\/div>\n<\/div>\n\t<\/div>\n<\/div>\n\t\t\t<div class=\"fl-col fl-node-qfhpkxecwmj5\" data-node=\"qfhpkxecwmj5\">\n\t<div class=\"fl-col-content fl-node-content\">\n\t<div class=\"fl-module fl-module-rich-text fl-node-a0ns4btyeum8\" data-node=\"a0ns4btyeum8\">\n\t<div class=\"fl-module-content fl-node-content\">\n\t\t<div class=\"fl-rich-text\">\n\t<p style=\"text-align: left;\"><span style=\"font-size: 16px;\">Divis\u00e9 en plus de 25 chapitres, il offre un chemin complet pour atteindre vos objectifs DXCC. <strong>Un guide pour tous, du d\u00e9butant \u00e0 l'expert :<\/strong> des bases \u00e0 l'utilisation de plateformes, logiciels et services avanc\u00e9s pour augmenter votre score tout en vous amusant.<\/span><\/p>\n<\/div>\n\t<\/div>\n<\/div>\n\t<\/div>\n<\/div>\n\t<\/div>\n\n<div class=\"fl-col-group fl-node-n4idzkcysm78 fl-col-group-nested\" data-node=\"n4idzkcysm78\">\n\t\t\t<div class=\"fl-col fl-node-doy46z09algt fl-col-small\" data-node=\"doy46z09algt\">\n\t<div class=\"fl-col-content fl-node-content\">\n\t<div class=\"fl-module fl-module-icon fl-node-0hix35e9vbgw\" data-node=\"0hix35e9vbgw\">\n\t<div class=\"fl-module-content fl-node-content\">\n\t\t<div class=\"fl-icon-wrap\">\n\t<span class=\"fl-icon\">\n\t\t\t\t<i class=\"fas fa-check-circle\" aria-hidden=\"true\"><\/i>\n\t\t\t\t\t<\/span>\n\t<\/div>\n\t<\/div>\n<\/div>\n\t<\/div>\n<\/div>\n\t\t\t<div class=\"fl-col fl-node-a3e5mwdo8rbc\" data-node=\"a3e5mwdo8rbc\">\n\t<div class=\"fl-col-content fl-node-content\">\n\t<div class=\"fl-module fl-module-rich-text fl-node-rf1zxdwltvme\" data-node=\"rf1zxdwltvme\">\n\t<div class=\"fl-module-content fl-node-content\">\n\t\t<div class=\"fl-rich-text\">\n\t<p><span style=\"font-size: 16px;\"><strong>Strat\u00e9gies DX avanc\u00e9es<\/strong> : compr\u00e9hension de la propagation, utilisation de Greyline, utilisation de DX-Cluster et SDRs, comment g\u00e9rer les Pileups : analyse et pr\u00e9diction du comportement des stations DX.<br \/>\n<\/span><\/p>\n<\/div>\n\t<\/div>\n<\/div>\n\t<\/div>\n<\/div>\n\t<\/div>\n\n<div class=\"fl-col-group fl-node-6dx54vpkj12i fl-col-group-nested\" data-node=\"6dx54vpkj12i\">\n\t\t\t<div class=\"fl-col fl-node-y849t05a3qx2 fl-col-small\" data-node=\"y849t05a3qx2\">\n\t<div class=\"fl-col-content fl-node-content\">\n\t<div class=\"fl-module fl-module-icon fl-node-nz0cphy1vflu\" data-node=\"nz0cphy1vflu\">\n\t<div class=\"fl-module-content fl-node-content\">\n\t\t<div class=\"fl-icon-wrap\">\n\t<span class=\"fl-icon\">\n\t\t\t\t<i class=\"fas fa-check-circle\" aria-hidden=\"true\"><\/i>\n\t\t\t\t\t<\/span>\n\t<\/div>\n\t<\/div>\n<\/div>\n\t<\/div>\n<\/div>\n\t\t\t<div class=\"fl-col fl-node-ef5knihdcobv\" data-node=\"ef5knihdcobv\">\n\t<div class=\"fl-col-content fl-node-content\">\n\t<div class=\"fl-module fl-module-rich-text fl-node-3b6i1u9koxjh\" data-node=\"3b6i1u9koxjh\">\n\t<div class=\"fl-module-content fl-node-content\">\n\t\t<div class=\"fl-rich-text\">\n\t<p><span style=\"font-size: 16px;\"><strong>QSL papier et \u00e9lectronique,<\/strong> comment configurer et g\u00e9rer LoTW pour la confirmation \u00e9lectronique et l'accr\u00e9ditation des pays, comment utiliser OQRS pour des confirmations rapides.<br \/>\n<\/span><\/p>\n<\/div>\n\t<\/div>\n<\/div>\n\t<\/div>\n<\/div>\n\t<\/div>\n\t<\/div>\n<\/div>\n\t\t\t<div class=\"fl-col fl-node-gk2misve40u6 fl-col-small\" data-node=\"gk2misve40u6\">\n\t<div class=\"fl-col-content fl-node-content\">\n\t<div class=\"fl-module fl-module-heading fl-node-ukmyec0zd58t\" data-node=\"ukmyec0zd58t\">\n\t<div class=\"fl-module-content fl-node-content\">\n\t\t<h2 class=\"fl-heading\">\n\t\t<span class=\"fl-heading-text\">Pour recevoir votre eBook instantan\u00e9ment, remplissez le formulaire suivant<\/span>\n\t<\/h2>\n\t<\/div>\n<\/div>\n<div class=\"fl-module fl-module-html fl-node-p4sf6ghieayb\" data-node=\"p4sf6ghieayb\">\n\t<div class=\"fl-module-content fl-node-content\">\n\t\t<div class=\"fl-html\">\n\t<html>\n     \n<head>\n<style>\n\ninput[type=button], input[type=submit]\n{\n  background-color: #04AA6D; \/* Green *\/\n  border: 2px solid #04AA6D; \/* Green *\/\n  color: white;\n  padding: 10px 32px;\n  text-align: center;\n  text-decoration: none;\n  display: inline-block;\n  font-size: 16px;\n  margin: 4px 2px;\n  cursor: pointer;\n  border-radius: 6px;\n}\n\ninput[type=\"text\"]\n{\n  border: 1px solid #999999;\n  color: #333333;\n  outline: none;\n}\n\ninput[type=\"text\"]::placeholder\n{\n  color: #333333;\n}\n\ninput[type=\"text\"]:hover, input[type=\"text\"]:focus\n{\n  border-color: #008000;\n  outline: none;\n}\n\n.button \n{\n  transition-duration: 0.4s;\n}\n\ninput[type=submit]:hover \n{\n  background-color: #4C8C67; \/* Darker Green *\/\n  color: white;\n  border: 2px solid #4C8C67; \/* Darker Green *\/\n}\n\n.email-warning\n{\n  color: red;\n}\n\n<\/style>\n\n\n<script type=\"text\/javascript\">\n\n\n\/\/ Detect HTML v5 compatibility\nvar isHtml5Compatible = document.createElement('canvas').getContext != undefined;\n\n\/\/ Trim function\nfunction LTrim(value) {var re = \/s*((S+s*)*)\/; return value.replace(re, \"$1\");}\nfunction RTrim(value) {var re = \/((s*S+)*)s*\/; return value.replace(re, \"$1\");}\nfunction Trim(value) {return LTrim(RTrim(value));}\n\n\n\/\/ Form Validation\nfunction validateForm() \n{\n  var fcallsign,ffirst_name,flast_name,femail;      \n\n  \/\/ Retrieve email from form depending on the browser\n  if (isHtml5Compatible) \n  {  \n    fcallsign = document.forms[\"EmailForm\"][\"fcallsign\"].value;\n    ffirst_name = document.forms[\"EmailForm\"][\"ffirst_name\"].value;\n    flast_name = document.forms[\"EmailForm\"][\"flast_name\"].value;\n    femail = document.forms[\"EmailForm\"][\"femail\"].value;\n  } \n  \/\/ old browsers not HTML5 compatible\n  if (!isHtml5Compatible)\n  {\n   fcallsign=window.document.EmailForm.fcallsign.value;      \n   ffirst_name=window.document.EmailForm.ffirst_name.value;   \n   flast_name=window.document.EmailForm.flast_name.value;   \n   femail=window.document.EmailForm.femail.value;\n  }\n\n  \/\/ Empty callsign\n  if (Trim(fcallsign)==\"\") \n  { \n    alert(\"Entrez votre callsign ou choisissez un nom d'utilisateur\");\n    return false; \n  }\n  \/\/ Empty first_name\n  if (Trim(ffirst_name)==\"\") \n  { \n    alert(\"Entrez votre prenom\");\n    return false; \n  }\n  \/\/ Empty last_name\n  if (Trim(flast_name)==\"\") \n  { \n    alert(\"Entrez votre nom\");\n    return false; \n  }\n  \/\/ Empty email\n  if (Trim(femail)==\"\") \n  { \n    alert(\"Veuillez entrer un email valide\");\n    return false; \n  }\n  \/\/ invalid email\n  if (!checkEmailAddress(femail))\n  {\n    alert(\"Courriel non valide\");\n    return false;\n  }\n}\n<\/script>\n\n<\/head>  \n\n<body>\n\n\n<form id=\"EmailForm\" name=\"EmailForm\" action=\"\/templates\/scripts\/dxcc_ebook_buynow_fra.php\" onsubmit=\"return validateForm()\" method=\"post\">\n  <input name=\"fcallsign\" type=\"text\" id=\"fcallsign\" size=\"60\" maxlength=\"60\" placeholder=\"Entrez votre callsign (ou choisissez un nom d'utilisateur)\" \/><br>  \n  <input name=\"ffirst_name\" type=\"text\" id=\"ffirst_name\" size=\"60\" maxlength=\"60\" placeholder=\"Entrez votre prenom\" \/><br>\n  <input name=\"flast_name\" type=\"text\" id=\"flast_name\" size=\"60\" maxlength=\"60\" placeholder=\"Entrez votre nom\" \/><br>\n  <p class=\"email-warning\">Veuillez v\u00e9rifier que votre adresse \u00e9lectronique est exacte, car nous l'utiliserons pour vous envoyer les instructions de t\u00e9l\u00e9chargement de l'ebook. Si l'adresse \u00e9lectronique est inexacte, nous ne pourrons pas vous envoyer les informations.<\/p>\n  <input name=\"femail\" type=\"text\" id=\"femail\" size=\"60\" maxlength=\"60\" placeholder=\"Veuillez entrer un email valide\" \/><br>  \n<br>\n  <input type=\"submit\" value=\"Acheter l'ebook\">\n<\/form>\n\n<br>\n<div style=\"text-align: left;\">\n    <img decoding=\"async\" src=\"https:\/\/www.paypalobjects.com\/webstatic\/mktg\/logo\/pp_cc_mark_74x46.jpg\" alt=\"PayPal\" style=\"margin-right: 10px;\">\n    <img decoding=\"async\" src=\"https:\/\/www.paypalobjects.com\/webstatic\/mktg\/logo\/AM_mc_vs_dc_ae.jpg\" alt=\"Credit Cards\" style=\"margin-right: 10px;\">\n<\/div>\n\n <\/body>\n \n<\/html><\/div>\n\t<\/div>\n<\/div>\n<div class=\"fl-module fl-module-separator fl-node-9xzr2ihnt4wf\" data-node=\"9xzr2ihnt4wf\">\n\t<div class=\"fl-module-content fl-node-content\">\n\t\t<div class=\"fl-separator\"><\/div>\n\t<\/div>\n<\/div>\n\t<\/div>\n<\/div>\n\t<\/div>\n\n<div class=\"fl-col-group fl-node-rs5uyt8nzgm6\" data-node=\"rs5uyt8nzgm6\">\n\t\t\t<div class=\"fl-col fl-node-vrd9h1kyn4m2\" data-node=\"vrd9h1kyn4m2\">\n\t<div class=\"fl-col-content fl-node-content\">\n\t\t<\/div>\n<\/div>\n\t<\/div>\n\t\t<\/div>\n\t<\/div>\n<\/div>\n<div class=\"fl-row fl-row-fixed-width fl-row-bg-none fl-node-69odxnu35ari\" data-node=\"69odxnu35ari\">\n\t<div class=\"fl-row-content-wrap\">\n\t\t\t\t\t\t<div class=\"fl-row-content fl-row-fixed-width fl-node-content\">\n\t\t\n<div class=\"fl-col-group fl-node-7msb5twe0ca9\" data-node=\"7msb5twe0ca9\">\n\t\t\t<div class=\"fl-col fl-node-vn8lr10qcjp2\" data-node=\"vn8lr10qcjp2\">\n\t<div class=\"fl-col-content fl-node-content\">\n\t<div class=\"fl-module fl-module-html fl-node-8rg19qn43jp5\" data-node=\"8rg19qn43jp5\">\n\t<div class=\"fl-module-content fl-node-content\">\n\t\t<div class=\"fl-html\">\n\t<script>\n(function(){\n  var LANG = 'FRA'; \/\/ Cambia: ENG \/ FRA \/ SPA per le altre pagine\n\n  \/\/ \ud83d\udc49 Imposta il selettore del form dell'ebook FT8&FT4\n  var FORM_SELECTOR = 'form[name=\"EmailForm\"]'; \/\/ cambia col name\/id reale del form\n\n  var PRODUCT_NAME = 'Ebook DXCC';\n  var PRODUCT_CODE = 'EL-EBOOK-DXCC-' + LANG;\n\n  function whenFbqReady(cb){\n    var i=0,t=setInterval(function(){i++; if(window.fbq&&fbq.callMethod){clearInterval(t);cb();} if(i>200){clearInterval(t);} },50);\n  }\n\n  \/* === VIEWCONTENT all\u2019apertura === *\/\n  whenFbqReady(function(){\n    if (window.__EL_VC_DXCC_FIRED) return;\n    window.__EL_VC_DXCC_FIRED = true;\n    fbq('track','ViewContent',{\n      content_name: PRODUCT_NAME + ' ('+LANG+')',\n      content_ids:[PRODUCT_CODE],\n      content_type:'product',\n      language: LANG\n    });\n  });\n\n  \/* === INITIATECHECKOUT su invio form === *\/\n  function fireIC(){\n    whenFbqReady(function(){\n      if (window.__EL_IC_DXCC_FIRED) return;\n      window.__EL_IC_DXCC_FIRED = true;\n      fbq('track','InitiateCheckout',{\n        content_name: PRODUCT_NAME + ' ('+LANG+')',\n        content_ids:[PRODUCT_CODE],\n        content_type:'product',\n        language: LANG\n      });\n    });\n  }\n\n  document.addEventListener('submit', function(e){\n    var f = e.target;\n    if (!f || !f.matches || !f.matches(FORM_SELECTOR)) return;\n    if (e.defaultPrevented===true) return; \/\/ validazione blocca \u2192 non sparare\n    fireIC();\n  }, true);\n\n  \/\/ Se il form usa click JS\/AJAX invece del submit tradizionale\n  document.addEventListener('click', function(e){\n    var btn = e.target.closest(FORM_SELECTOR+' button, '+FORM_SELECTOR+' input[type=\"submit\"], '+FORM_SELECTOR+' a');\n    if (!btn) return;\n    fireIC();\n  }, true);\n})();\n<\/script>\n<\/div>\n\t<\/div>\n<\/div>\n\t<\/div>\n<\/div>\n\t<\/div>\n\t\t<\/div>\n\t<\/div>\n<\/div>\n<\/div>","protected":false},"excerpt":{"rendered":"<p>Un guide complet pour exceller au DXCC Il est maintenant disponible. pour seulement 9,95 \u20ac. J&rsquo;ai re\u00e7u l&rsquo;e-book et je vous f\u00e9licite car c&rsquo;est un texte vraiment complet que tout le monde peut comprendre. Je vous adresse mes meilleures salutations. Fulvio, IU5RTR Divis\u00e9 en plus de 25 chapitres, il offre un chemin complet pour atteindre&hellip;<\/p>\n","protected":false},"author":1,"featured_media":0,"parent":0,"menu_order":0,"comment_status":"closed","ping_status":"closed","template":"","meta":{"om_disable_all_campaigns":false,"_monsterinsights_skip_tracking":false,"_monsterinsights_sitenote_active":false,"_monsterinsights_sitenote_note":"","_monsterinsights_sitenote_category":0},"aioseo_notices":[],"_links":{"self":[{"href":"https:\/\/www.easylog.com\/fr\/wp-json\/wp\/v2\/pages\/6367"}],"collection":[{"href":"https:\/\/www.easylog.com\/fr\/wp-json\/wp\/v2\/pages"}],"about":[{"href":"https:\/\/www.easylog.com\/fr\/wp-json\/wp\/v2\/types\/page"}],"author":[{"embeddable":true,"href":"https:\/\/www.easylog.com\/fr\/wp-json\/wp\/v2\/users\/1"}],"replies":[{"embeddable":true,"href":"https:\/\/www.easylog.com\/fr\/wp-json\/wp\/v2\/comments?post=6367"}],"version-history":[{"count":7,"href":"https:\/\/www.easylog.com\/fr\/wp-json\/wp\/v2\/pages\/6367\/revisions"}],"predecessor-version":[{"id":11542,"href":"https:\/\/www.easylog.com\/fr\/wp-json\/wp\/v2\/pages\/6367\/revisions\/11542"}],"wp:attachment":[{"href":"https:\/\/www.easylog.com\/fr\/wp-json\/wp\/v2\/media?parent=6367"}],"curies":[{"name":"wp","href":"https:\/\/api.w.org\/{rel}","templated":true}]}}