{"id":1561,"date":"2021-03-08T23:40:53","date_gmt":"2021-03-08T22:40:53","guid":{"rendered":"https:\/\/www.easylog.com\/?page_id=1561"},"modified":"2022-02-17T19:34:14","modified_gmt":"2022-02-17T18:34:14","slug":"download-update-version","status":"publish","type":"page","link":"https:\/\/www.easylog.com\/it\/download-update-version\/","title":{"rendered":"Download-update-version"},"content":{"rendered":"<div class=\"fl-builder-content fl-builder-content-1561 fl-builder-global-templates-locked\" data-post-id=\"1561\"><div class=\"fl-row fl-row-fixed-width fl-row-bg-none fl-node-6046a2a99133d fl-row-custom-height fl-row-align-center\" data-node=\"6046a2a99133d\">\n\t<div class=\"fl-row-content-wrap\">\n\t\t\t\t\t\t<div class=\"fl-row-content fl-row-fixed-width fl-node-content\">\n\t\t\n<div class=\"fl-col-group fl-node-6046a2a9945e1\" data-node=\"6046a2a9945e1\">\n\t\t\t<div class=\"fl-col fl-node-6046a2a99471c\" data-node=\"6046a2a99471c\">\n\t<div class=\"fl-col-content fl-node-content\">\n\t\t<\/div>\n<\/div>\n\t<\/div>\n\t\t<\/div>\n\t<\/div>\n<\/div>\n<div class=\"fl-row fl-row-fixed-width fl-row-bg-none fl-node-6046a2f77fe75\" data-node=\"6046a2f77fe75\">\n\t<div class=\"fl-row-content-wrap\">\n\t\t\t\t\t\t<div class=\"fl-row-content fl-row-fixed-width fl-node-content\">\n\t\t\n<div class=\"fl-col-group fl-node-6046a2f78316e\" data-node=\"6046a2f78316e\">\n\t\t\t<div class=\"fl-col fl-node-6046a2f783236\" data-node=\"6046a2f783236\">\n\t<div class=\"fl-col-content fl-node-content\">\n\t<div class=\"fl-module fl-module-heading fl-node-6046a2f77fce9\" data-node=\"6046a2f77fce9\">\n\t<div class=\"fl-module-content fl-node-content\">\n\t\t<h2 class=\"fl-heading\">\n\t\t<span class=\"fl-heading-text\">Come Scaricare ed installare gli aggiornamenti di EasyLog dall'Area Riservata<\/span>\n\t<\/h2>\n\t<\/div>\n<\/div>\n\t<\/div>\n<\/div>\n\t<\/div>\n\t\t<\/div>\n\t<\/div>\n<\/div>\n<div class=\"fl-row fl-row-fixed-width fl-row-bg-none fl-node-6046b0f7b5da2\" data-node=\"6046b0f7b5da2\">\n\t<div class=\"fl-row-content-wrap\">\n\t\t\t\t\t\t<div class=\"fl-row-content fl-row-fixed-width fl-node-content\">\n\t\t\n<div class=\"fl-col-group fl-node-6046b0f7bc313\" data-node=\"6046b0f7bc313\">\n\t\t\t<div class=\"fl-col fl-node-6046b0e6ccf47\" data-node=\"6046b0e6ccf47\">\n\t<div class=\"fl-col-content fl-node-content\">\n\t\t<\/div>\n<\/div>\n\t<\/div>\n\t\t<\/div>\n\t<\/div>\n<\/div>\n<div class=\"fl-row fl-row-fixed-width fl-row-bg-none fl-node-6046a943e31f5\" data-node=\"6046a943e31f5\">\n\t<div class=\"fl-row-content-wrap\">\n\t\t\t\t\t\t<div class=\"fl-row-content fl-row-fixed-width fl-node-content\">\n\t\t\n<div class=\"fl-col-group fl-node-6046a943e9d0a\" data-node=\"6046a943e9d0a\">\n\t\t\t<div class=\"fl-col fl-node-6046a943e9da8\" data-node=\"6046a943e9da8\">\n\t<div class=\"fl-col-content fl-node-content\">\n\t<div class=\"fl-module fl-module-rich-text fl-node-6046a943e2e91\" data-node=\"6046a943e2e91\">\n\t<div class=\"fl-module-content fl-node-content\">\n\t\t<div class=\"fl-rich-text\">\n\t<p>La prima riga della tabella dell'Area Riservata (EasyLog ultima release) mostra l'ultima release disponibile.<\/p>\n<p>L'ultima release disponibile \u00e8 mostrata nella seconda colonna da sinistra (Ultima Release Disponibile), mentre la release installata \u00e8 mostrata nella terza colonna.<\/p>\n<p><a href=\"https:\/\/www.easylog.com\/wp-content\/uploads\/2022\/02\/new_icon.png\"><img decoding=\"async\" loading=\"lazy\" class=\"wp-image-2090 alignleft\" src=\"https:\/\/www.easylog.com\/wp-content\/uploads\/2022\/02\/new_icon.png\" alt=\"\" width=\"42\" height=\"15\" \/><\/a><\/p>\n<p>La presenza dell'icona \"new\" in rosso nella colonna della release disponibile, significa che c'\u00e8 una nuova release che non \u00e8 stata ancora installata.<\/p>\n<p>Cliccando sul link Download, nella quarta colonna, verr\u00e0 avviato il download, salvalo in una directory temporanea o sul desktop del tuo computer. Una volta completato il download, fai doppio clic sul programma di installazione (install.exe) e segui le istruzioni a schermo.<\/p>\n<p>Il programma di installazione completer\u00e0 l'installazione in pochi secondi, la versione installata di EasyLog verr\u00e0 aggiornata all'ultima versione disponibile.<\/p>\n<\/div>\n\t<\/div>\n<\/div>\n\t<\/div>\n<\/div>\n\t<\/div>\n\t\t<\/div>\n\t<\/div>\n<\/div>\n<div class=\"fl-row fl-row-fixed-width fl-row-bg-none fl-node-6046af199bf02\" data-node=\"6046af199bf02\">\n\t<div class=\"fl-row-content-wrap\">\n\t\t\t\t\t\t<div class=\"fl-row-content fl-row-fixed-width fl-node-content\">\n\t\t\n<div class=\"fl-col-group fl-node-6046af19a61a7\" data-node=\"6046af19a61a7\">\n\t\t\t<div class=\"fl-col fl-node-6046af19a624c\" data-node=\"6046af19a624c\">\n\t<div class=\"fl-col-content fl-node-content\">\n\t<div class=\"fl-module fl-module-heading fl-node-6046af199bb06\" data-node=\"6046af199bb06\">\n\t<div class=\"fl-module-content fl-node-content\">\n\t\t<h3 class=\"fl-heading\">\n\t\t<span class=\"fl-heading-text\">Come procedere:<\/span>\n\t<\/h3>\n\t<\/div>\n<\/div>\n\t<\/div>\n<\/div>\n\t<\/div>\n\t\t<\/div>\n\t<\/div>\n<\/div>\n<div class=\"fl-row fl-row-fixed-width fl-row-bg-none fl-node-6046ab64c788a\" data-node=\"6046ab64c788a\">\n\t<div class=\"fl-row-content-wrap\">\n\t\t\t\t\t\t<div class=\"fl-row-content fl-row-fixed-width fl-node-content\">\n\t\t\n<div class=\"fl-col-group fl-node-6046ab64cd5aa\" data-node=\"6046ab64cd5aa\">\n\t\t\t<div class=\"fl-col fl-node-6046ab64cd665\" data-node=\"6046ab64cd665\">\n\t<div class=\"fl-col-content fl-node-content\">\n\t<div class=\"fl-module fl-module-rich-text fl-node-6046ab5b67a03\" data-node=\"6046ab5b67a03\">\n\t<div class=\"fl-module-content fl-node-content\">\n\t\t<div class=\"fl-rich-text\">\n\t<p>Per prima cosa connettiti all'Area Riservata del nostro sito <a href=\"https:\/\/www.easylog.com\/ELUP\">www.easylog.com\/ELUP<\/a> (fornisci username e password quando richiesto). Ricorda che le tue credenziali devono essere digitate in maiuscolo.<\/p>\n<p>Una volta effettuato l'accesso apparir\u00e0 la seguente pagina:<\/p>\n<\/div>\n\t<\/div>\n<\/div>\n\t<\/div>\n<\/div>\n\t<\/div>\n\t\t<\/div>\n\t<\/div>\n<\/div>\n<div class=\"fl-row fl-row-fixed-width fl-row-bg-none fl-node-6046b71f121e7\" data-node=\"6046b71f121e7\">\n\t<div class=\"fl-row-content-wrap\">\n\t\t\t\t\t\t<div class=\"fl-row-content fl-row-fixed-width fl-node-content\">\n\t\t\n<div class=\"fl-col-group fl-node-6046b71f12246\" data-node=\"6046b71f12246\">\n\t\t\t<div class=\"fl-col fl-node-6046b71f12247\" data-node=\"6046b71f12247\">\n\t<div class=\"fl-col-content fl-node-content\">\n\t\t<\/div>\n<\/div>\n\t<\/div>\n\t\t<\/div>\n\t<\/div>\n<\/div>\n<div class=\"fl-row fl-row-fixed-width fl-row-bg-none fl-node-6046c0ca50d74\" data-node=\"6046c0ca50d74\">\n\t<div class=\"fl-row-content-wrap\">\n\t\t\t\t\t\t<div class=\"fl-row-content fl-row-fixed-width fl-node-content\">\n\t\t\n<div class=\"fl-col-group fl-node-6046c0ca59e25\" data-node=\"6046c0ca59e25\">\n\t\t\t<div class=\"fl-col fl-node-6046c0ca59ecd\" data-node=\"6046c0ca59ecd\">\n\t<div class=\"fl-col-content fl-node-content\">\n\t<div class=\"fl-module fl-module-photo fl-node-6046c0ca506e7\" data-node=\"6046c0ca506e7\">\n\t<div class=\"fl-module-content fl-node-content\">\n\t\t<div class=\"fl-photo fl-photo-align-center\" itemscope itemtype=\"https:\/\/schema.org\/ImageObject\">\n\t<div class=\"fl-photo-content fl-photo-img-png\">\n\t\t\t\t<img decoding=\"async\" loading=\"lazy\" class=\"fl-photo-img wp-image-2075 size-large\" src=\"https:\/\/www.easylog.com\/wp-content\/uploads\/2022\/02\/Italiano-1-1024x577.png\" alt=\"Italiano\" itemprop=\"image\" height=\"577\" width=\"1024\" title=\"Italiano\" srcset=\"https:\/\/www.easylog.com\/wp-content\/uploads\/2022\/02\/Italiano-1-1024x577.png 1024w, https:\/\/www.easylog.com\/wp-content\/uploads\/2022\/02\/Italiano-1-300x169.png 300w, https:\/\/www.easylog.com\/wp-content\/uploads\/2022\/02\/Italiano-1-768x432.png 768w, https:\/\/www.easylog.com\/wp-content\/uploads\/2022\/02\/Italiano-1-1536x865.png 1536w, https:\/\/www.easylog.com\/wp-content\/uploads\/2022\/02\/Italiano-1-2048x1153.png 2048w\" sizes=\"(max-width: 1024px) 100vw, 1024px\" \/>\n\t\t\t\t\t<\/div>\n\t<\/div>\n\t<\/div>\n<\/div>\n\t<\/div>\n<\/div>\n\t<\/div>\n\t\t<\/div>\n\t<\/div>\n<\/div>\n<div class=\"fl-row fl-row-fixed-width fl-row-bg-none fl-node-6046b2e29c3a1\" data-node=\"6046b2e29c3a1\">\n\t<div class=\"fl-row-content-wrap\">\n\t\t\t\t\t\t<div class=\"fl-row-content fl-row-fixed-width fl-node-content\">\n\t\t\n<div class=\"fl-col-group fl-node-6046b2e29c401\" data-node=\"6046b2e29c401\">\n\t\t\t<div class=\"fl-col fl-node-6046b2e29c402\" data-node=\"6046b2e29c402\">\n\t<div class=\"fl-col-content fl-node-content\">\n\t\t<\/div>\n<\/div>\n\t<\/div>\n\t\t<\/div>\n\t<\/div>\n<\/div>\n<div class=\"fl-row fl-row-fixed-width fl-row-bg-none fl-node-7964d5sbyxfr\" data-node=\"7964d5sbyxfr\">\n\t<div class=\"fl-row-content-wrap\">\n\t\t\t\t\t\t<div class=\"fl-row-content fl-row-fixed-width fl-node-content\">\n\t\t\t\t<\/div>\n\t<\/div>\n<\/div>\n<div class=\"fl-row fl-row-fixed-width fl-row-bg-none fl-node-6046b2bc9efda\" data-node=\"6046b2bc9efda\">\n\t<div class=\"fl-row-content-wrap\">\n\t\t\t\t\t\t<div class=\"fl-row-content fl-row-fixed-width fl-node-content\">\n\t\t\n<div class=\"fl-col-group fl-node-6046b2bc9f04b\" data-node=\"6046b2bc9f04b\">\n\t\t\t<div class=\"fl-col fl-node-6046b2bc9f04c\" data-node=\"6046b2bc9f04c\">\n\t<div class=\"fl-col-content fl-node-content\">\n\t<div class=\"fl-module fl-module-heading fl-node-6046b2bc9f04d\" data-node=\"6046b2bc9f04d\">\n\t<div class=\"fl-module-content fl-node-content\">\n\t\t<h3 class=\"fl-heading\">\n\t\t<span class=\"fl-heading-text\">Nota:<\/span>\n\t<\/h3>\n\t<\/div>\n<\/div>\n\t<\/div>\n<\/div>\n\t<\/div>\n\t\t<\/div>\n\t<\/div>\n<\/div>\n<div class=\"fl-row fl-row-fixed-width fl-row-bg-none fl-node-q0jcv736x2ig\" data-node=\"q0jcv736x2ig\">\n\t<div class=\"fl-row-content-wrap\">\n\t\t\t\t\t\t<div class=\"fl-row-content fl-row-fixed-width fl-node-content\">\n\t\t\t\t<\/div>\n\t<\/div>\n<\/div>\n<div class=\"fl-row fl-row-fixed-width fl-row-bg-none fl-node-6046b2472becf\" data-node=\"6046b2472becf\">\n\t<div class=\"fl-row-content-wrap\">\n\t\t\t\t\t\t<div class=\"fl-row-content fl-row-fixed-width fl-node-content\">\n\t\t\n<div class=\"fl-col-group fl-node-6046b24736a95\" data-node=\"6046b24736a95\">\n\t\t\t<div class=\"fl-col fl-node-6046b24736b3c\" data-node=\"6046b24736b3c\">\n\t<div class=\"fl-col-content fl-node-content\">\n\t<div class=\"fl-module fl-module-rich-text fl-node-6046b1be91dc8\" data-node=\"6046b1be91dc8\">\n\t<div class=\"fl-module-content fl-node-content\">\n\t\t<div class=\"fl-rich-text\">\n\t<p style=\"padding-left: 40px;\">Non \u00e8 pi\u00f9 necessario scaricare manualmente il file chiave LOG5.DLL che viene ora scaricato automaticamente quando necessario all'avvio di EasyLog (verr\u00e0 richiesto di digitare le credenziali di accesso all'Area Riservata)<\/p>\n<\/div>\n\t<\/div>\n<\/div>\n<div class=\"fl-module fl-module-rich-text fl-node-n589cbqzu70s\" data-node=\"n589cbqzu70s\">\n\t<div class=\"fl-module-content fl-node-content\">\n\t\t<div class=\"fl-rich-text\">\n\t<p style=\"padding-left: 40px;\">Dalla versione 2022, il programma di installazione \u00e8 stato unificato, c'\u00e8 un solo programma di installazione che fornisce la prima installazione completa su un computer dove EasyLog non \u00e8 mai stato installato e l'aggiornamento all'ultima release se sul computer viene rilevata una release precedente.<\/p>\n<\/div>\n\t<\/div>\n<\/div>\n\t<\/div>\n<\/div>\n\t<\/div>\n\t\t<\/div>\n\t<\/div>\n<\/div>\n<div class=\"fl-row fl-row-fixed-width fl-row-bg-none fl-node-6046b10fef573\" data-node=\"6046b10fef573\">\n\t<div class=\"fl-row-content-wrap\">\n\t\t\t\t\t\t<div class=\"fl-row-content fl-row-fixed-width fl-node-content\">\n\t\t\n<div class=\"fl-col-group fl-node-6046b10fef5c8\" data-node=\"6046b10fef5c8\">\n\t\t\t<div class=\"fl-col fl-node-6046b10fef5c9\" data-node=\"6046b10fef5c9\">\n\t<div class=\"fl-col-content fl-node-content\">\n\t\t<\/div>\n<\/div>\n\t<\/div>\n\t\t<\/div>\n\t<\/div>\n<\/div>\n<\/div>","protected":false},"excerpt":{"rendered":"<p>Come Scaricare ed installare gli aggiornamenti di EasyLog dall&#8217;Area Riservata La prima riga della tabella dell&#8217;Area Riservata (EasyLog ultima release) mostra l&#8217;ultima release disponibile. L&#8217;ultima release disponibile \u00e8 mostrata nella seconda colonna da sinistra (Ultima Release Disponibile), mentre la release installata \u00e8 mostrata nella terza colonna. La presenza dell&#8217;icona &#8220;new&#8221; in rosso nella colonna della&hellip;<\/p>\n","protected":false},"author":1,"featured_media":0,"parent":0,"menu_order":0,"comment_status":"closed","ping_status":"closed","template":"","meta":{"om_disable_all_campaigns":false,"_monsterinsights_skip_tracking":false,"_monsterinsights_sitenote_active":false,"_monsterinsights_sitenote_note":"","_monsterinsights_sitenote_category":0},"aioseo_notices":[],"_links":{"self":[{"href":"https:\/\/www.easylog.com\/it\/wp-json\/wp\/v2\/pages\/1561"}],"collection":[{"href":"https:\/\/www.easylog.com\/it\/wp-json\/wp\/v2\/pages"}],"about":[{"href":"https:\/\/www.easylog.com\/it\/wp-json\/wp\/v2\/types\/page"}],"author":[{"embeddable":true,"href":"https:\/\/www.easylog.com\/it\/wp-json\/wp\/v2\/users\/1"}],"replies":[{"embeddable":true,"href":"https:\/\/www.easylog.com\/it\/wp-json\/wp\/v2\/comments?post=1561"}],"version-history":[{"count":39,"href":"https:\/\/www.easylog.com\/it\/wp-json\/wp\/v2\/pages\/1561\/revisions"}],"predecessor-version":[{"id":2095,"href":"https:\/\/www.easylog.com\/it\/wp-json\/wp\/v2\/pages\/1561\/revisions\/2095"}],"wp:attachment":[{"href":"https:\/\/www.easylog.com\/it\/wp-json\/wp\/v2\/media?parent=1561"}],"curies":[{"name":"wp","href":"https:\/\/api.w.org\/{rel}","templated":true}]}}