{"id":1663,"date":"2026-03-02T16:09:00","date_gmt":"2026-03-02T15:09:00","guid":{"rendered":"https:\/\/www.easylog.com\/aggiornamento-manager\/"},"modified":"2026-03-20T10:51:40","modified_gmt":"2026-03-20T09:51:40","slug":"aggiornamento-manager","status":"publish","type":"page","link":"https:\/\/www.easylog.com\/it\/aggiornamento-manager\/","title":{"rendered":"Aggiornamento manager"},"content":{"rendered":"<div class=\"fl-builder-content fl-builder-content-1663 fl-builder-global-templates-locked\" data-post-id=\"1663\"><div class=\"fl-row fl-row-fixed-width fl-row-bg-none fl-node-604ba305ca6dd\" data-node=\"604ba305ca6dd\">\n\t<div class=\"fl-row-content-wrap\">\n\t\t\t\t\t\t<div class=\"fl-row-content fl-row-fixed-width fl-node-content\">\n\t\t\n<div class=\"fl-col-group fl-node-604ba305ca6df\" data-node=\"604ba305ca6df\">\n\t\t\t<div class=\"fl-col fl-node-604ba305ca6e0\" data-node=\"604ba305ca6e0\">\n\t<div class=\"fl-col-content fl-node-content\">\n\t\t<\/div>\n<\/div>\n\t<\/div>\n\t\t<\/div>\n\t<\/div>\n<\/div>\n<div class=\"fl-row fl-row-fixed-width fl-row-bg-none fl-node-604ba305ca6e1\" data-node=\"604ba305ca6e1\">\n\t<div class=\"fl-row-content-wrap\">\n\t\t\t\t\t\t<div class=\"fl-row-content fl-row-fixed-width fl-node-content\">\n\t\t\n<div class=\"fl-col-group fl-node-604ba305ca6e2\" data-node=\"604ba305ca6e2\">\n\t\t\t<div class=\"fl-col fl-node-604ba305ca6e3\" data-node=\"604ba305ca6e3\">\n\t<div class=\"fl-col-content fl-node-content\">\n\t<div class=\"fl-module fl-module-heading fl-node-604ba305ca6e4\" data-node=\"604ba305ca6e4\">\n\t<div class=\"fl-module-content fl-node-content\">\n\t\t<h2 class=\"fl-heading\">\n\t\t<span class=\"fl-heading-text\">Aggiornamento managers - 20 marzo 2026 -  \u201c86.276 calls\".<\/span>\n\t<\/h2>\n\t<\/div>\n<\/div>\n\t<\/div>\n<\/div>\n\t<\/div>\n\t\t<\/div>\n\t<\/div>\n<\/div>\n<div class=\"fl-row fl-row-fixed-width fl-row-bg-none fl-node-604bd47361e9c\" data-node=\"604bd47361e9c\">\n\t<div class=\"fl-row-content-wrap\">\n\t\t\t\t\t\t<div class=\"fl-row-content fl-row-fixed-width fl-node-content\">\n\t\t\n<div class=\"fl-col-group fl-node-604bd47361efb\" data-node=\"604bd47361efb\">\n\t\t\t<div class=\"fl-col fl-node-604bd47361efc\" data-node=\"604bd47361efc\">\n\t<div class=\"fl-col-content fl-node-content\">\n\t\t<\/div>\n<\/div>\n\t<\/div>\n\t\t<\/div>\n\t<\/div>\n<\/div>\n<div class=\"fl-row fl-row-fixed-width fl-row-bg-none fl-node-604ba305ca6ed\" data-node=\"604ba305ca6ed\">\n\t<div class=\"fl-row-content-wrap\">\n\t\t\t\t\t\t<div class=\"fl-row-content fl-row-fixed-width fl-node-content\">\n\t\t\n<div class=\"fl-col-group fl-node-604ba305ca6ee\" data-node=\"604ba305ca6ee\">\n\t\t\t<div class=\"fl-col fl-node-604ba305ca6ef\" data-node=\"604ba305ca6ef\">\n\t<div class=\"fl-col-content fl-node-content\">\n\t<div class=\"fl-module fl-module-rich-text fl-node-604ba305ca6f0\" data-node=\"604ba305ca6f0\">\n\t<div class=\"fl-module-content fl-node-content\">\n\t\t<div class=\"fl-rich-text\">\n\t<p><span style=\"font-size: 18px;\">EasyLog offre un servizio di aggiornamento per il tuo archivio manager, in modo che sia sempre aggiornato. Questo documento spiega come scaricare e installare gli aggiornamenti manager in EasyLog.<\/span><\/p>\n<\/div>\n\t<\/div>\n<\/div>\n\t<\/div>\n<\/div>\n\t<\/div>\n\t\t<\/div>\n\t<\/div>\n<\/div>\n<div class=\"fl-row fl-row-fixed-width fl-row-bg-none fl-node-6050b322c00c5\" data-node=\"6050b322c00c5\">\n\t<div class=\"fl-row-content-wrap\">\n\t\t\t\t\t\t<div class=\"fl-row-content fl-row-fixed-width fl-node-content\">\n\t\t\n<div class=\"fl-col-group fl-node-6050b322c00c0\" data-node=\"6050b322c00c0\">\n\t\t\t<div class=\"fl-col fl-node-6050b322c00c3\" data-node=\"6050b322c00c3\">\n\t<div class=\"fl-col-content fl-node-content\">\n\t<div class=\"fl-module fl-module-heading fl-node-6050b322c00c4\" data-node=\"6050b322c00c4\">\n\t<div class=\"fl-module-content fl-node-content\">\n\t\t<h1 class=\"fl-heading\">\n\t\t<span class=\"fl-heading-text\">Manager<\/span>\n\t<\/h1>\n\t<\/div>\n<\/div>\n\t<\/div>\n<\/div>\n\t<\/div>\n\t\t<\/div>\n\t<\/div>\n<\/div>\n<div class=\"fl-row fl-row-fixed-width fl-row-bg-none fl-node-6050b322c00c8\" data-node=\"6050b322c00c8\">\n\t<div class=\"fl-row-content-wrap\">\n\t\t\t\t\t\t<div class=\"fl-row-content fl-row-fixed-width fl-node-content\">\n\t\t\n<div class=\"fl-col-group fl-node-6050b322c00ae\" data-node=\"6050b322c00ae\">\n\t\t\t<div class=\"fl-col fl-node-6050b322c00b6 fl-col-small\" data-node=\"6050b322c00b6\">\n\t<div class=\"fl-col-content fl-node-content\">\n\t<div class=\"fl-module fl-module-callout fl-node-6050b322c00c7 fl-animation fl-fancy-rubber-band\" data-node=\"6050b322c00c7\" data-animation-delay=\"0\" data-animation-duration=\"1\">\n\t<div class=\"fl-module-content fl-node-content\">\n\t\t<div class=\"fl-callout fl-callout-center fl-callout-has-icon fl-callout-icon-above-title\">\n\t\t<div class=\"fl-callout-content\">\n\t\t\t<span class=\"fl-icon\">\n\t\t\t\t<i class=\"dashicons dashicons-before dashicons-update\" aria-hidden=\"true\"><\/i>\n\t\t\t\t\t<\/span>\n\t<h3 class=\"fl-callout-title\"><span class=\"fl-callout-title-text\">Aggiornamenti mensili gratuiti<\/span><\/h3>\t\t<div class=\"fl-callout-text-wrap\">\n\t\t\t<div class=\"fl-callout-text\"><p><span style=\"font-size: 18px;\">Questo servizio fornisce un aggiornamento mensile GRATUITO dei manager. Tutti gli utenti possono accedere a questo servizio anche se il loro accesso all'Area Riservata Utenti \u00e8 scaduto.<\/span><\/p>\n<\/div>\t\t<\/div>\n\t<\/div>\n\t<\/div>\n\t<\/div>\n<\/div>\n\t<\/div>\n<\/div>\n\t\t\t<div class=\"fl-col fl-node-6050b56b1e049 fl-col-small\" data-node=\"6050b56b1e049\">\n\t<div class=\"fl-col-content fl-node-content\">\n\t<div class=\"fl-module fl-module-callout fl-node-6050b56202c82 fl-animation fl-fancy-rubber-band\" data-node=\"6050b56202c82\" data-animation-delay=\"0\" data-animation-duration=\"1\">\n\t<div class=\"fl-module-content fl-node-content\">\n\t\t<div class=\"fl-callout fl-callout-center fl-callout-has-icon fl-callout-icon-above-title\">\n\t\t<div class=\"fl-callout-content\">\n\t\t\t<span class=\"fl-icon\">\n\t\t\t\t<i class=\"dashicons dashicons-before dashicons-update\" aria-hidden=\"true\"><\/i>\n\t\t\t\t\t<\/span>\n\t<h3 class=\"fl-callout-title\"><span class=\"fl-callout-title-text\">Aggiornamenti settimanali<\/span><\/h3>\t\t<div class=\"fl-callout-text-wrap\">\n\t\t\t<div class=\"fl-callout-text\"><p><span style=\"font-size: 18px;\">Gli aggiornamenti settimanali dei MANAGER sono disponibili nell'Area Riservata e riservati agli Utenti con supporto attivo.<\/span><\/p>\n<\/div>\t\t<\/div>\n\t<\/div>\n\t<\/div>\n\t<\/div>\n<\/div>\n\t<\/div>\n<\/div>\n\t<\/div>\n\t\t<\/div>\n\t<\/div>\n<\/div>\n<div class=\"fl-row fl-row-fixed-width fl-row-bg-none fl-node-604ba305ca6e9\" data-node=\"604ba305ca6e9\">\n\t<div class=\"fl-row-content-wrap\">\n\t\t\t\t\t\t<div class=\"fl-row-content fl-row-fixed-width fl-node-content\">\n\t\t\n<div class=\"fl-col-group fl-node-604ba305ca6ea\" data-node=\"604ba305ca6ea\">\n\t\t\t<div class=\"fl-col fl-node-604ba305ca6eb\" data-node=\"604ba305ca6eb\">\n\t<div class=\"fl-col-content fl-node-content\">\n\t<div class=\"fl-module fl-module-rich-text fl-node-604ba305ca6ec\" data-node=\"604ba305ca6ec\">\n\t<div class=\"fl-module-content fl-node-content\">\n\t\t<div class=\"fl-rich-text\">\n\t<\/div>\n\t<\/div>\n<\/div>\n\t<\/div>\n<\/div>\n\t<\/div>\n\t\t<\/div>\n\t<\/div>\n<\/div>\n<div class=\"fl-row fl-row-fixed-width fl-row-bg-none fl-node-604ba305ca713\" data-node=\"604ba305ca713\">\n\t<div class=\"fl-row-content-wrap\">\n\t\t\t\t\t\t<div class=\"fl-row-content fl-row-fixed-width fl-node-content\">\n\t\t\n<div class=\"fl-col-group fl-node-604ba305ca714\" data-node=\"604ba305ca714\">\n\t\t\t<div class=\"fl-col fl-node-604ba305ca715\" data-node=\"604ba305ca715\">\n\t<div class=\"fl-col-content fl-node-content\">\n\t\t<\/div>\n<\/div>\n\t<\/div>\n\t\t<\/div>\n\t<\/div>\n<\/div>\n<div class=\"fl-row fl-row-fixed-width fl-row-bg-none fl-node-604ba305ca71a\" data-node=\"604ba305ca71a\">\n\t<div class=\"fl-row-content-wrap\">\n\t\t\t\t\t\t<div class=\"fl-row-content fl-row-fixed-width fl-node-content\">\n\t\t\n<div class=\"fl-col-group fl-node-604ba305ca71b\" data-node=\"604ba305ca71b\">\n\t\t\t<div class=\"fl-col fl-node-604ba305ca71c\" data-node=\"604ba305ca71c\">\n\t<div class=\"fl-col-content fl-node-content\">\n\t<div class=\"fl-module fl-module-heading fl-node-604ba305ca71d\" data-node=\"604ba305ca71d\">\n\t<div class=\"fl-module-content fl-node-content\">\n\t\t<h3 class=\"fl-heading\">\n\t\t<span class=\"fl-heading-text\">Installazione degli aggiornamenti<\/span>\n\t<\/h3>\n\t<\/div>\n<\/div>\n\t<\/div>\n<\/div>\n\t<\/div>\n\t\t<\/div>\n\t<\/div>\n<\/div>\n<div class=\"fl-row fl-row-fixed-width fl-row-bg-none fl-node-604c7e18e5a7c\" data-node=\"604c7e18e5a7c\">\n\t<div class=\"fl-row-content-wrap\">\n\t\t\t\t\t\t<div class=\"fl-row-content fl-row-fixed-width fl-node-content\">\n\t\t\n<div class=\"fl-col-group fl-node-604c7e18e5b04\" data-node=\"604c7e18e5b04\">\n\t\t\t<div class=\"fl-col fl-node-604c7e18e5b05\" data-node=\"604c7e18e5b05\">\n\t<div class=\"fl-col-content fl-node-content\">\n\t<div class=\"fl-module fl-module-rich-text fl-node-604c7e18e5b06\" data-node=\"604c7e18e5b06\">\n\t<div class=\"fl-module-content fl-node-content\">\n\t\t<div class=\"fl-rich-text\">\n\t<p>Abbiamo messo a punto tre diverse modalit\u00e0 di installazione degli aggiornamenti, due con sostituzione dell'archivio ed una che prevede solo l'aggiunta dei nuovi manager all'archivio pre-esistente. Scegliete la modalit\u00e0 a voi pi\u00f9 congeniali a seconda delle vostre abitudini e confidenza con l'uso del computer.<\/p>\n<\/div>\n\t<\/div>\n<\/div>\n\t<\/div>\n<\/div>\n\t<\/div>\n\t\t<\/div>\n\t<\/div>\n<\/div>\n<div class=\"fl-row fl-row-fixed-width fl-row-bg-none fl-node-604c7de57e86f\" data-node=\"604c7de57e86f\">\n\t<div class=\"fl-row-content-wrap\">\n\t\t\t\t\t\t<div class=\"fl-row-content fl-row-fixed-width fl-node-content\">\n\t\t\n<div class=\"fl-col-group fl-node-604c7de57e8e3\" data-node=\"604c7de57e8e3\">\n\t\t\t<div class=\"fl-col fl-node-604c7de57e8e4\" data-node=\"604c7de57e8e4\">\n\t<div class=\"fl-col-content fl-node-content\">\n\t\t<\/div>\n<\/div>\n\t<\/div>\n\t\t<\/div>\n\t<\/div>\n<\/div>\n<div class=\"fl-row fl-row-fixed-width fl-row-bg-none fl-node-604c7ddd72a31\" data-node=\"604c7ddd72a31\">\n\t<div class=\"fl-row-content-wrap\">\n\t\t\t\t\t\t<div class=\"fl-row-content fl-row-fixed-width fl-node-content\">\n\t\t\n<div class=\"fl-col-group fl-node-604c7ddd72ab9\" data-node=\"604c7ddd72ab9\">\n\t\t\t<div class=\"fl-col fl-node-604c7ddd72aba\" data-node=\"604c7ddd72aba\">\n\t<div class=\"fl-col-content fl-node-content\">\n\t<div class=\"fl-module fl-module-heading fl-node-604c7ddd72abb\" data-node=\"604c7ddd72abb\">\n\t<div class=\"fl-module-content fl-node-content\">\n\t\t<h3 class=\"fl-heading\">\n\t\t<span class=\"fl-heading-text\">Opzione 1: Installazione manuale (solo per utenti esperti)<\/span>\n\t<\/h3>\n\t<\/div>\n<\/div>\n\t<\/div>\n<\/div>\n\t<\/div>\n\t\t<\/div>\n\t<\/div>\n<\/div>\n<div class=\"fl-row fl-row-fixed-width fl-row-bg-none fl-node-604ba305ca716\" data-node=\"604ba305ca716\">\n\t<div class=\"fl-row-content-wrap\">\n\t\t\t\t\t\t<div class=\"fl-row-content fl-row-fixed-width fl-node-content\">\n\t\t\n<div class=\"fl-col-group fl-node-604ba305ca717\" data-node=\"604ba305ca717\">\n\t\t\t<div class=\"fl-col fl-node-604ba305ca718\" data-node=\"604ba305ca718\">\n\t<div class=\"fl-col-content fl-node-content\">\n\t<div class=\"fl-module fl-module-rich-text fl-node-604ba305ca719\" data-node=\"604ba305ca719\">\n\t<div class=\"fl-module-content fl-node-content\">\n\t\t<div class=\"fl-rich-text\">\n\t<p>Installazione manuale significa sovrascrivere manualmente il database dei manager con l'ultima versione scaricata dal nostro sito web. Trattantdosi di una sostituzione, considera che in questo modo perderai tutti i manager che hai eventualmente personalmente aggiunto all'archivio. Se non hai aggiunto alcun manager o non ti importa perderli, puoi procedere senza problemi. L'ultimo aggiornamento contiene praticamente tutti i nuovi manager pubblicati fino al momento in cui l'aggiornamento \u00e8 stato rilasciato.<\/p>\n<\/div>\n\t<\/div>\n<\/div>\n\t<\/div>\n<\/div>\n\t<\/div>\n\t\t<\/div>\n\t<\/div>\n<\/div>\n<div class=\"fl-row fl-row-fixed-width fl-row-bg-none fl-node-604ba305ca70f\" data-node=\"604ba305ca70f\">\n\t<div class=\"fl-row-content-wrap\">\n\t\t\t\t\t\t<div class=\"fl-row-content fl-row-fixed-width fl-node-content\">\n\t\t\n<div class=\"fl-col-group fl-node-604ba305ca710\" data-node=\"604ba305ca710\">\n\t\t\t<div class=\"fl-col fl-node-604ba305ca711\" data-node=\"604ba305ca711\">\n\t<div class=\"fl-col-content fl-node-content\">\n\t<div class=\"fl-module fl-module-rich-text fl-node-604ba305ca712\" data-node=\"604ba305ca712\">\n\t<div class=\"fl-module-content fl-node-content\">\n\t\t<div class=\"fl-rich-text\">\n\t<ol>\n<li>Chiudere EasyLog prima di iniziare la procedura di aggiornamento<\/li>\n<li>Scaricare l'ultimo archivio manager cliccando il seguente link: <a href=\"https:\/\/www.easylog.com\/CHECK\/manager.zip\">scarica l'ultimo aggiornamento MANAGER<\/a><\/li>\n<li>Decomprimere il file MANAGER.ZIP in MANAGER.DBF e copiarlo nella cartella EL5MANAGER sovrascrivendo il vecchio file.<\/li>\n<li>Cancella il file EL5MANAGERMANAGER.MDX (il file indice, che sar\u00e0 ricostruito al prossimo lancio di EasyLog)<\/li>\n<li>L'archivio manager \u00e8 ora aggiornato. Ora puoi riavviare EasyLog.<\/li>\n<\/ol>\n<\/div>\n\t<\/div>\n<\/div>\n\t<\/div>\n<\/div>\n\t<\/div>\n\t\t<\/div>\n\t<\/div>\n<\/div>\n<div class=\"fl-row fl-row-fixed-width fl-row-bg-none fl-node-604ba305ca71e\" data-node=\"604ba305ca71e\">\n\t<div class=\"fl-row-content-wrap\">\n\t\t\t\t\t\t<div class=\"fl-row-content fl-row-fixed-width fl-node-content\">\n\t\t\n<div class=\"fl-col-group fl-node-604ba305ca71f\" data-node=\"604ba305ca71f\">\n\t\t\t<div class=\"fl-col fl-node-604ba305ca720\" data-node=\"604ba305ca720\">\n\t<div class=\"fl-col-content fl-node-content\">\n\t\t<\/div>\n<\/div>\n\t<\/div>\n\t\t<\/div>\n\t<\/div>\n<\/div>\n<div class=\"fl-row fl-row-fixed-width fl-row-bg-none fl-node-604ba305ca721\" data-node=\"604ba305ca721\">\n\t<div class=\"fl-row-content-wrap\">\n\t\t\t\t\t\t<div class=\"fl-row-content fl-row-fixed-width fl-node-content\">\n\t\t\n<div class=\"fl-col-group fl-node-604ba305ca722\" data-node=\"604ba305ca722\">\n\t\t\t<div class=\"fl-col fl-node-604ba305ca723\" data-node=\"604ba305ca723\">\n\t<div class=\"fl-col-content fl-node-content\">\n\t<div class=\"fl-module fl-module-heading fl-node-604ba305ca724\" data-node=\"604ba305ca724\">\n\t<div class=\"fl-module-content fl-node-content\">\n\t\t<h3 class=\"fl-heading\">\n\t\t<span class=\"fl-heading-text\">Option 2: Usare l'Installatore<\/span>\n\t<\/h3>\n\t<\/div>\n<\/div>\n\t<\/div>\n<\/div>\n\t<\/div>\n\t\t<\/div>\n\t<\/div>\n<\/div>\n<div class=\"fl-row fl-row-fixed-width fl-row-bg-none fl-node-604ba305ca725\" data-node=\"604ba305ca725\">\n\t<div class=\"fl-row-content-wrap\">\n\t\t\t\t\t\t<div class=\"fl-row-content fl-row-fixed-width fl-node-content\">\n\t\t\n<div class=\"fl-col-group fl-node-604ba305ca726\" data-node=\"604ba305ca726\">\n\t\t\t<div class=\"fl-col fl-node-604ba305ca727\" data-node=\"604ba305ca727\">\n\t<div class=\"fl-col-content fl-node-content\">\n\t<div class=\"fl-module fl-module-rich-text fl-node-604ba305ca728\" data-node=\"604ba305ca728\">\n\t<div class=\"fl-module-content fl-node-content\">\n\t\t<div class=\"fl-rich-text\">\n\t<p>Invece di installare manualmente l'archivio manager, puoi scaricare il programma di installazione automatica che copier\u00e0 il MANAGER.DBF nella cartella corretta e canceller\u00e0 automaticamente il file indice MANAGER.MDX. Il file indice sar\u00e0 ricreato non appena riavverai EasyLog.<\/p>\n<\/div>\n\t<\/div>\n<\/div>\n\t<\/div>\n<\/div>\n\t<\/div>\n\t\t<\/div>\n\t<\/div>\n<\/div>\n<div class=\"fl-row fl-row-fixed-width fl-row-bg-none fl-node-604c79da5e605\" data-node=\"604c79da5e605\">\n\t<div class=\"fl-row-content-wrap\">\n\t\t\t\t\t\t<div class=\"fl-row-content fl-row-fixed-width fl-node-content\">\n\t\t\n<div class=\"fl-col-group fl-node-604c79da5e68b\" data-node=\"604c79da5e68b\">\n\t\t\t<div class=\"fl-col fl-node-604c79da5e68c\" data-node=\"604c79da5e68c\">\n\t<div class=\"fl-col-content fl-node-content\">\n\t<div class=\"fl-module fl-module-rich-text fl-node-604c79da5e68d\" data-node=\"604c79da5e68d\">\n\t<div class=\"fl-module-content fl-node-content\">\n\t\t<div class=\"fl-rich-text\">\n\t<p>E' importante notare che l'installazione del database dei manager con l'installatore automatico \u00e8 equivalente alla sostituzione manuale (come spiegato nella sezione Installazione manuale sopra, gli eventuali manager aggiunti manualmente andranno persi).<\/p>\n<\/div>\n\t<\/div>\n<\/div>\n\t<\/div>\n<\/div>\n\t<\/div>\n\t\t<\/div>\n\t<\/div>\n<\/div>\n<div class=\"fl-row fl-row-fixed-width fl-row-bg-none fl-node-604c79e20a3c1\" data-node=\"604c79e20a3c1\">\n\t<div class=\"fl-row-content-wrap\">\n\t\t\t\t\t\t<div class=\"fl-row-content fl-row-fixed-width fl-node-content\">\n\t\t\n<div class=\"fl-col-group fl-node-604c79e20a445\" data-node=\"604c79e20a445\">\n\t\t\t<div class=\"fl-col fl-node-604c79e20a446\" data-node=\"604c79e20a446\">\n\t<div class=\"fl-col-content fl-node-content\">\n\t<div class=\"fl-module fl-module-rich-text fl-node-604c79e20a447\" data-node=\"604c79e20a447\">\n\t<div class=\"fl-module-content fl-node-content\">\n\t\t<div class=\"fl-rich-text\">\n\t<p><a href=\"https:\/\/www.easylog.com\/CHECK\/upd_manager.exe\">Clicca qui per scaricare l'ultimo aggiornamento MANAGER (Autoinstaller)<\/a><\/p>\n<\/div>\n\t<\/div>\n<\/div>\n\t<\/div>\n<\/div>\n\t<\/div>\n\t\t<\/div>\n\t<\/div>\n<\/div>\n<div class=\"fl-row fl-row-fixed-width fl-row-bg-none fl-node-604ba305ca729\" data-node=\"604ba305ca729\">\n\t<div class=\"fl-row-content-wrap\">\n\t\t\t\t\t\t<div class=\"fl-row-content fl-row-fixed-width fl-node-content\">\n\t\t\n<div class=\"fl-col-group fl-node-604ba305ca72a\" data-node=\"604ba305ca72a\">\n\t\t\t<div class=\"fl-col fl-node-604ba305ca72b\" data-node=\"604ba305ca72b\">\n\t<div class=\"fl-col-content fl-node-content\">\n\t\t<\/div>\n<\/div>\n\t<\/div>\n\t\t<\/div>\n\t<\/div>\n<\/div>\n<div class=\"fl-row fl-row-fixed-width fl-row-bg-none fl-node-604ba305ca72c\" data-node=\"604ba305ca72c\">\n\t<div class=\"fl-row-content-wrap\">\n\t\t\t\t\t\t<div class=\"fl-row-content fl-row-fixed-width fl-node-content\">\n\t\t\n<div class=\"fl-col-group fl-node-604ba305ca72d\" data-node=\"604ba305ca72d\">\n\t\t\t<div class=\"fl-col fl-node-604ba305ca72e\" data-node=\"604ba305ca72e\">\n\t<div class=\"fl-col-content fl-node-content\">\n\t<div class=\"fl-module fl-module-heading fl-node-604ba305ca72f\" data-node=\"604ba305ca72f\">\n\t<div class=\"fl-module-content fl-node-content\">\n\t\t<h3 class=\"fl-heading\">\n\t\t<span class=\"fl-heading-text\">Opzione 3: Importazione dei nuovi manager<\/span>\n\t<\/h3>\n\t<\/div>\n<\/div>\n\t<\/div>\n<\/div>\n\t<\/div>\n\t\t<\/div>\n\t<\/div>\n<\/div>\n<div class=\"fl-row fl-row-fixed-width fl-row-bg-none fl-node-604ba305ca6e5\" data-node=\"604ba305ca6e5\">\n\t<div class=\"fl-row-content-wrap\">\n\t\t\t\t\t\t<div class=\"fl-row-content fl-row-fixed-width fl-node-content\">\n\t\t\n<div class=\"fl-col-group fl-node-604ba305ca6e6\" data-node=\"604ba305ca6e6\">\n\t\t\t<div class=\"fl-col fl-node-604ba305ca6e7\" data-node=\"604ba305ca6e7\">\n\t<div class=\"fl-col-content fl-node-content\">\n\t<div class=\"fl-module fl-module-rich-text fl-node-604ba305ca6e8\" data-node=\"604ba305ca6e8\">\n\t<div class=\"fl-module-content fl-node-content\">\n\t\t<div class=\"fl-rich-text\">\n\t<p>Quest'ultima opzione consente l'importazione dei nuovi manager senza sostituzione, solo i nuovi manager verranno aggiunti all'archivio senza perdere quelli eventualmente inseriti personalmente in precedenza.<\/p>\n<ol>\n<li>Chiudere EasyLog prima di avviare la procedura<\/li>\n<li>Scaricare l'ultimo archivio manager cliccando il seguente link: <a class=\"external text\" href=\"https:\/\/www.easylog.com\/CHECK\/manager.zip\" rel=\"nofollow\">scarica l'ultimo archivio MANAGER<\/a><\/li>\n<li>Scompatta il file appena scaricato (MANAGER.ZIP) in MANAGER.DBF e copialo in una cartella temporanea del tuo PC.<\/li>\n<li>Apri la sezione Manager (Cliccando sul tasto Manager in basso nella videata principale di EasyLog) e seleziona l'opzione\u00a0<em>Import Manager<\/em> del menu\u00a0<em>Import<\/em>. Seleziona la cartella dove in prececenza hai scompattatoil nuovo\u00a0 manager.dbf (vedi punto 3) e avvia l'importazione dei manager.<\/li>\n<li>Alla fine del processo, l'archivio manager sar\u00e0 aggiornato, preservando le tue eventuali aggiunte all'archivio precedenti l'aggiornamento. Ora potrai rilanciare EasyLog.<\/li>\n<\/ol>\n<\/div>\n\t<\/div>\n<\/div>\n\t<\/div>\n<\/div>\n\t<\/div>\n\t\t<\/div>\n\t<\/div>\n<\/div>\n<div class=\"fl-row fl-row-fixed-width fl-row-bg-none fl-node-604ba305ca730\" data-node=\"604ba305ca730\">\n\t<div class=\"fl-row-content-wrap\">\n\t\t\t\t\t\t<div class=\"fl-row-content fl-row-fixed-width fl-node-content\">\n\t\t\n<div class=\"fl-col-group fl-node-604ba305ca731\" data-node=\"604ba305ca731\">\n\t\t\t<div class=\"fl-col fl-node-604ba305ca732\" data-node=\"604ba305ca732\">\n\t<div class=\"fl-col-content fl-node-content\">\n\t\t<\/div>\n<\/div>\n\t<\/div>\n\t\t<\/div>\n\t<\/div>\n<\/div>\n<\/div>","protected":false},"excerpt":{"rendered":"<p>Aggiornamento managers &#8211; 20 marzo 2026 &#8211; \u201c86.276 calls&#8221;. EasyLog offre un servizio di aggiornamento per il tuo archivio manager, in modo che sia sempre aggiornato. Questo documento spiega come scaricare e installare gli aggiornamenti manager in EasyLog. Manager Aggiornamenti mensili gratuiti Questo servizio fornisce un aggiornamento mensile GRATUITO dei manager. Tutti gli utenti possono&hellip;<\/p>\n","protected":false},"author":5,"featured_media":0,"parent":0,"menu_order":0,"comment_status":"closed","ping_status":"closed","template":"","meta":{"om_disable_all_campaigns":false,"_monsterinsights_skip_tracking":false,"_monsterinsights_sitenote_active":false,"_monsterinsights_sitenote_note":"","_monsterinsights_sitenote_category":0},"aioseo_notices":[],"_links":{"self":[{"href":"https:\/\/www.easylog.com\/it\/wp-json\/wp\/v2\/pages\/1663"}],"collection":[{"href":"https:\/\/www.easylog.com\/it\/wp-json\/wp\/v2\/pages"}],"about":[{"href":"https:\/\/www.easylog.com\/it\/wp-json\/wp\/v2\/types\/page"}],"author":[{"embeddable":true,"href":"https:\/\/www.easylog.com\/it\/wp-json\/wp\/v2\/users\/5"}],"replies":[{"embeddable":true,"href":"https:\/\/www.easylog.com\/it\/wp-json\/wp\/v2\/comments?post=1663"}],"version-history":[{"count":78,"href":"https:\/\/www.easylog.com\/it\/wp-json\/wp\/v2\/pages\/1663\/revisions"}],"predecessor-version":[{"id":11667,"href":"https:\/\/www.easylog.com\/it\/wp-json\/wp\/v2\/pages\/1663\/revisions\/11667"}],"wp:attachment":[{"href":"https:\/\/www.easylog.com\/it\/wp-json\/wp\/v2\/media?parent=1663"}],"curies":[{"name":"wp","href":"https:\/\/api.w.org\/{rel}","templated":true}]}}