{"id":2492,"date":"2020-12-04T12:11:55","date_gmt":"2020-12-04T11:11:55","guid":{"rendered":"https:\/\/www.easylog.com\/rinnovo-con-carta-di-credito\/"},"modified":"2024-04-20T10:06:05","modified_gmt":"2024-04-20T09:06:05","slug":"rinnovo-con-carta-di-credito","status":"publish","type":"page","link":"https:\/\/www.easylog.com\/it\/rinnovo-con-carta-di-credito\/","title":{"rendered":"FAQ-ITA-Come rinnovare il supporto utilizzando una carta di credito se non si possiede un conto PayPal"},"content":{"rendered":"<div class=\"fl-builder-content fl-builder-content-2492 fl-builder-global-templates-locked\" data-post-id=\"2492\"><div class=\"fl-row fl-row-fixed-width fl-row-bg-none fl-node-5fca1c010c199 fl-row-custom-height fl-row-align-center\" data-node=\"5fca1c010c199\">\n\t<div class=\"fl-row-content-wrap\">\n\t\t\t\t\t\t<div class=\"fl-row-content fl-row-fixed-width fl-node-content\">\n\t\t\n<div class=\"fl-col-group fl-node-5fca1c011405a\" data-node=\"5fca1c011405a\">\n\t\t\t<div class=\"fl-col fl-node-5fca1c22e33f6\" data-node=\"5fca1c22e33f6\">\n\t<div class=\"fl-col-content fl-node-content\">\n\t<div class=\"fl-module fl-module-button fl-node-5fca5c9096237\" data-node=\"5fca5c9096237\">\n\t<div class=\"fl-module-content fl-node-content\">\n\t\t<div class=\"fl-button-wrap fl-button-width-auto fl-button-left fl-button-has-icon\">\n\t\t\t<a href=\"http:\/\/www.easylog.com\/easylog\/it\/domande-frequenti-faq\/\" target=\"_self\" class=\"fl-button\" role=\"button\">\n\t\t\t\t\t<i class=\"fl-button-icon fl-button-icon-before fas fa-angle-left\" aria-hidden=\"true\"><\/i>\n\t\t\t\t\t\t<span class=\"fl-button-text\">Torna all'elenco FAQ<\/span>\n\t\t\t\t\t<\/a>\n<\/div>\n\t<\/div>\n<\/div>\n\t<\/div>\n<\/div>\n\t<\/div>\n\t\t<\/div>\n\t<\/div>\n<\/div>\n<div class=\"fl-row fl-row-fixed-width fl-row-bg-none fl-node-5fca4bef54095\" data-node=\"5fca4bef54095\">\n\t<div class=\"fl-row-content-wrap\">\n\t\t\t\t\t\t<div class=\"fl-row-content fl-row-fixed-width fl-node-content\">\n\t\t\n<div class=\"fl-col-group fl-node-5fca4bef6dd46\" data-node=\"5fca4bef6dd46\">\n\t\t\t<div class=\"fl-col fl-node-5fca4bef6e101\" data-node=\"5fca4bef6e101\">\n\t<div class=\"fl-col-content fl-node-content\">\n\t<div class=\"fl-module fl-module-video fl-node-5fca4bef4fca3\" data-node=\"5fca4bef4fca3\">\n\t<div class=\"fl-module-content fl-node-content\">\n\t\t\n<div class=\"fl-video fl-embed-video\">\n\t<\/div>\n\t<\/div>\n<\/div>\n\t<\/div>\n<\/div>\n\t<\/div>\n\t\t<\/div>\n\t<\/div>\n<\/div>\n<div class=\"fl-row fl-row-fixed-width fl-row-bg-none fl-node-5fca1c2877d8b fl-row-custom-height fl-row-align-center\" data-node=\"5fca1c2877d8b\">\n\t<div class=\"fl-row-content-wrap\">\n\t\t\t\t\t\t<div class=\"fl-row-content fl-row-fixed-width fl-node-content\">\n\t\t\n<div class=\"fl-col-group fl-node-5fca1c2877ece\" data-node=\"5fca1c2877ece\">\n\t\t\t<div class=\"fl-col fl-node-5fca1c2877f06\" data-node=\"5fca1c2877f06\">\n\t<div class=\"fl-col-content fl-node-content\">\n\t<div class=\"fl-module fl-module-photo fl-node-5fca4bfa48c65\" data-node=\"5fca4bfa48c65\">\n\t<div class=\"fl-module-content fl-node-content\">\n\t\t<div class=\"fl-photo fl-photo-align-center\" itemscope itemtype=\"https:\/\/schema.org\/ImageObject\">\n\t<div class=\"fl-photo-content fl-photo-img-png\">\n\t\t\t\t<img decoding=\"async\" class=\"fl-photo-img\" src=\"https:\/\/www.easylog.com\/wp-content\/plugins\/bb-plugin\/img\/pixel.png\" alt=\"\" itemprop=\"image\"  \/>\n\t\t\t\t\t<\/div>\n\t<\/div>\n\t<\/div>\n<\/div>\n<div class=\"fl-module fl-module-separator fl-node-5fca3d4677af0\" data-node=\"5fca3d4677af0\">\n\t<div class=\"fl-module-content fl-node-content\">\n\t\t<div class=\"fl-separator\"><\/div>\n\t<\/div>\n<\/div>\n\t<\/div>\n<\/div>\n\t<\/div>\n\t\t<\/div>\n\t<\/div>\n<\/div>\n<div class=\"fl-row fl-row-fixed-width fl-row-bg-none fl-node-5fca1991099a0\" data-node=\"5fca1991099a0\">\n\t<div class=\"fl-row-content-wrap\">\n\t\t\t\t\t\t<div class=\"fl-row-content fl-row-fixed-width fl-node-content\">\n\t\t\n<div class=\"fl-col-group fl-node-5fca19910bb4a\" data-node=\"5fca19910bb4a\">\n\t\t\t<div class=\"fl-col fl-node-5fca19910bd5e\" data-node=\"5fca19910bd5e\">\n\t<div class=\"fl-col-content fl-node-content\">\n\t<div class=\"fl-module fl-module-heading fl-node-5fca199109774\" data-node=\"5fca199109774\">\n\t<div class=\"fl-module-content fl-node-content\">\n\t\t<h1 class=\"fl-heading\">\n\t\t<span class=\"fl-heading-text\">Come rinnovare il supporto pagando con carta di credito se non si possiede un conto PayPal<\/span>\n\t<\/h1>\n\t<\/div>\n<\/div>\n\t<\/div>\n<\/div>\n\t<\/div>\n\t\t<\/div>\n\t<\/div>\n<\/div>\n<div class=\"fl-row fl-row-fixed-width fl-row-bg-none fl-node-5fca1cf68aafb fl-row-custom-height fl-row-align-center\" data-node=\"5fca1cf68aafb\">\n\t<div class=\"fl-row-content-wrap\">\n\t\t\t\t\t\t<div class=\"fl-row-content fl-row-fixed-width fl-node-content\">\n\t\t\n<div class=\"fl-col-group fl-node-5fca1cf68ac54\" data-node=\"5fca1cf68ac54\">\n\t\t\t<div class=\"fl-col fl-node-5fca1cf68ac8c\" data-node=\"5fca1cf68ac8c\">\n\t<div class=\"fl-col-content fl-node-content\">\n\t<div class=\"fl-module fl-module-separator fl-node-5fca3cabe7f5e\" data-node=\"5fca3cabe7f5e\">\n\t<div class=\"fl-module-content fl-node-content\">\n\t\t<div class=\"fl-separator\"><\/div>\n\t<\/div>\n<\/div>\n\t<\/div>\n<\/div>\n\t<\/div>\n\t\t<\/div>\n\t<\/div>\n<\/div>\n<div class=\"fl-row fl-row-fixed-width fl-row-bg-none fl-node-5fca5cf5d7f0c fl-row-custom-height fl-row-align-center\" data-node=\"5fca5cf5d7f0c\">\n\t<div class=\"fl-row-content-wrap\">\n\t\t\t\t\t\t<div class=\"fl-row-content fl-row-fixed-width fl-node-content\">\n\t\t\n<div class=\"fl-col-group fl-node-5fca5cf5d81e9\" data-node=\"5fca5cf5d81e9\">\n\t\t\t<div class=\"fl-col fl-node-5fca5cf5d8221\" data-node=\"5fca5cf5d8221\">\n\t<div class=\"fl-col-content fl-node-content\">\n\t<div class=\"fl-module fl-module-photo fl-node-5fca5cf5d8258\" data-node=\"5fca5cf5d8258\">\n\t<div class=\"fl-module-content fl-node-content\">\n\t\t<div class=\"fl-photo fl-photo-align-center\" itemscope itemtype=\"https:\/\/schema.org\/ImageObject\">\n\t<div class=\"fl-photo-content fl-photo-img-png\">\n\t\t\t\t<img decoding=\"async\" class=\"fl-photo-img\" src=\"https:\/\/www.easylog.com\/wp-content\/plugins\/bb-plugin\/img\/pixel.png\" alt=\"\" itemprop=\"image\"  \/>\n\t\t\t\t\t<\/div>\n\t<\/div>\n\t<\/div>\n<\/div>\n<div class=\"fl-module fl-module-photo fl-node-5fcab1e300a72\" data-node=\"5fcab1e300a72\">\n\t<div class=\"fl-module-content fl-node-content\">\n\t\t<div class=\"fl-photo fl-photo-align-center\" itemscope itemtype=\"https:\/\/schema.org\/ImageObject\">\n\t<div class=\"fl-photo-content fl-photo-img-png\">\n\t\t\t\t<img decoding=\"async\" class=\"fl-photo-img\" src=\"https:\/\/www.easylog.com\/wp-content\/plugins\/bb-plugin\/img\/pixel.png\" alt=\"\" itemprop=\"image\"  \/>\n\t\t\t\t\t<\/div>\n\t<\/div>\n\t<\/div>\n<\/div>\n<div class=\"fl-module fl-module-photo fl-node-5fca4c081160d\" data-node=\"5fca4c081160d\">\n\t<div class=\"fl-module-content fl-node-content\">\n\t\t<div class=\"fl-photo fl-photo-align-center\" itemscope itemtype=\"https:\/\/schema.org\/ImageObject\">\n\t<div class=\"fl-photo-content fl-photo-img-png\">\n\t\t\t\t<img decoding=\"async\" loading=\"lazy\" class=\"fl-photo-img wp-image-1397 size-full\" src=\"https:\/\/www.easylog.com\/wp-content\/uploads\/2020\/12\/Renew_ura_ita_menu-1.png\" alt=\"Renew_ura_ita_menu\" itemprop=\"image\" height=\"377\" width=\"1032\" title=\"Renew_ura_ita_menu\" srcset=\"https:\/\/www.easylog.com\/wp-content\/uploads\/2020\/12\/Renew_ura_ita_menu-1.png 1032w, https:\/\/www.easylog.com\/wp-content\/uploads\/2020\/12\/Renew_ura_ita_menu-1-300x110.png 300w, https:\/\/www.easylog.com\/wp-content\/uploads\/2020\/12\/Renew_ura_ita_menu-1-1024x374.png 1024w, https:\/\/www.easylog.com\/wp-content\/uploads\/2020\/12\/Renew_ura_ita_menu-1-768x281.png 768w\" sizes=\"(max-width: 1032px) 100vw, 1032px\" \/>\n\t\t\t\t\t<\/div>\n\t<\/div>\n\t<\/div>\n<\/div>\n\t<\/div>\n<\/div>\n\t<\/div>\n\t\t<\/div>\n\t<\/div>\n<\/div>\n<div class=\"fl-row fl-row-full-width fl-row-bg-none fl-node-5fca19d8a38a8\" data-node=\"5fca19d8a38a8\">\n\t<div class=\"fl-row-content-wrap\">\n\t\t\t\t\t\t<div class=\"fl-row-content fl-row-fixed-width fl-node-content\">\n\t\t\n<div class=\"fl-col-group fl-node-5fca19d8a6cb3 fl-col-group-custom-width\" data-node=\"5fca19d8a6cb3\">\n\t\t\t<div class=\"fl-col fl-node-5fca19d8a6ef7\" data-node=\"5fca19d8a6ef7\">\n\t<div class=\"fl-col-content fl-node-content\">\n\t<div class=\"fl-module fl-module-rich-text fl-node-5fca1a215335c\" data-node=\"5fca1a215335c\">\n\t<div class=\"fl-module-content fl-node-content\">\n\t\t<div class=\"fl-rich-text\">\n\t<ul>\n<li>Cliccare sul menu in alto sulla voce\u00a0<span style=\"color: #000080;\"><strong>Rinnovo<\/strong><\/span><\/li>\n<li>Si aprir\u00e0 la pagina di rinnovo, cliccare infine il tasto\u00a0<span style=\"color: #000080;\"><strong>Rinnova Ora!<\/strong><\/span><\/li>\n<\/ul>\n<\/div>\n\t<\/div>\n<\/div>\n\t<\/div>\n<\/div>\n\t<\/div>\n\t\t<\/div>\n\t<\/div>\n<\/div>\n<div class=\"fl-row fl-row-fixed-width fl-row-bg-none fl-node-5fcab223a2a84\" data-node=\"5fcab223a2a84\">\n\t<div class=\"fl-row-content-wrap\">\n\t\t\t\t\t\t<div class=\"fl-row-content fl-row-fixed-width fl-node-content\">\n\t\t\n<div class=\"fl-col-group fl-node-5fcab223cce51\" data-node=\"5fcab223cce51\">\n\t\t\t<div class=\"fl-col fl-node-5fcab223cd26c\" data-node=\"5fcab223cd26c\">\n\t<div class=\"fl-col-content fl-node-content\">\n\t<div class=\"fl-module fl-module-separator fl-node-5fca5cf5d828e\" data-node=\"5fca5cf5d828e\">\n\t<div class=\"fl-module-content fl-node-content\">\n\t\t<div class=\"fl-separator\"><\/div>\n\t<\/div>\n<\/div>\n\t<\/div>\n<\/div>\n\t<\/div>\n\t\t<\/div>\n\t<\/div>\n<\/div>\n<div class=\"fl-row fl-row-fixed-width fl-row-bg-none fl-node-5fca4b8b7d264\" data-node=\"5fca4b8b7d264\">\n\t<div class=\"fl-row-content-wrap\">\n\t\t\t\t\t\t<div class=\"fl-row-content fl-row-fixed-width fl-node-content\">\n\t\t\n<div class=\"fl-col-group fl-node-5fca4b8b7d618\" data-node=\"5fca4b8b7d618\">\n\t\t\t<div class=\"fl-col fl-node-5fca4b8b7d650 fl-col-small\" data-node=\"5fca4b8b7d650\">\n\t<div class=\"fl-col-content fl-node-content\">\n\t<div class=\"fl-module fl-module-photo fl-node-5fca4b8b7d688\" data-node=\"5fca4b8b7d688\">\n\t<div class=\"fl-module-content fl-node-content\">\n\t\t<div class=\"fl-photo fl-photo-align-center\" itemscope itemtype=\"https:\/\/schema.org\/ImageObject\">\n\t<div class=\"fl-photo-content fl-photo-img-png\">\n\t\t\t\t<img decoding=\"async\" loading=\"lazy\" class=\"fl-photo-img wp-image-1402 size-full\" src=\"https:\/\/www.easylog.com\/wp-content\/uploads\/2020\/12\/Renew_ura_ita-1.png\" alt=\"Renew_ura_ita\" itemprop=\"image\" height=\"430\" width=\"545\" title=\"Renew_ura_ita\" srcset=\"https:\/\/www.easylog.com\/wp-content\/uploads\/2020\/12\/Renew_ura_ita-1.png 545w, https:\/\/www.easylog.com\/wp-content\/uploads\/2020\/12\/Renew_ura_ita-1-300x237.png 300w\" sizes=\"(max-width: 545px) 100vw, 545px\" \/>\n\t\t\t\t\t<\/div>\n\t<\/div>\n\t<\/div>\n<\/div>\n\t<\/div>\n<\/div>\n\t\t\t<div class=\"fl-col fl-node-5fca4b8b7d6be\" data-node=\"5fca4b8b7d6be\">\n\t<div class=\"fl-col-content fl-node-content\">\n\t<div class=\"fl-module fl-module-rich-text fl-node-5fca4b8b7d6f5\" data-node=\"5fca4b8b7d6f5\">\n\t<div class=\"fl-module-content fl-node-content\">\n\t\t<div class=\"fl-rich-text\">\n\t<p>Per prima cosa inserire le proprie credenziali dell'Area Riservata e cliccare sul tasto <span style=\"color: #000080;\"><strong>Ok<\/strong><\/span><\/p>\n<hr \/>\n<p><span style=\"color: #ff0000;\"><strong>Credenziali dimenticate ?<\/strong><\/span><\/p>\n<p>Tutti gli utenti registrati sono in possesso delle credenziali di accesso all'Area Riservata, inviate al primo acquisto di EasyLog e che durano 12 mesi, mediante le quali possono accedere e scaricare le ultime release.<\/p>\n<p>Un utente registrato pu\u00f2 quindi rinnovare l'accesso all'Area Riservata per altri 12 mesi ad un costo molto contenuto utilizzando le proprie credenziali di accesso.<\/p>\n<p>Se non ricordi pi\u00f9 quali sono le tue credenziali di accesso, non preoccuparti, potrai contattare l'assistenza e te le re-invieremo via e-mail: <a href=\"http:\/\/www.easylog.com\/easylog\/it\/contattaci\/\">Contattaci<\/a><\/p>\n<\/div>\n\t<\/div>\n<\/div>\n\t<\/div>\n<\/div>\n\t<\/div>\n\t\t<\/div>\n\t<\/div>\n<\/div>\n<div class=\"fl-row fl-row-fixed-width fl-row-bg-none fl-node-5fca4d27a115d fl-row-custom-height fl-row-align-center\" data-node=\"5fca4d27a115d\">\n\t<div class=\"fl-row-content-wrap\">\n\t\t\t\t\t\t<div class=\"fl-row-content fl-row-fixed-width fl-node-content\">\n\t\t\n<div class=\"fl-col-group fl-node-5fca4d27a139a\" data-node=\"5fca4d27a139a\">\n\t\t\t<div class=\"fl-col fl-node-5fca4d27a13d3\" data-node=\"5fca4d27a13d3\">\n\t<div class=\"fl-col-content fl-node-content\">\n\t<div class=\"fl-module fl-module-separator fl-node-5fca4d27a140a\" data-node=\"5fca4d27a140a\">\n\t<div class=\"fl-module-content fl-node-content\">\n\t\t<div class=\"fl-separator\"><\/div>\n\t<\/div>\n<\/div>\n\t<\/div>\n<\/div>\n\t<\/div>\n\t\t<\/div>\n\t<\/div>\n<\/div>\n<div class=\"fl-row fl-row-fixed-width fl-row-bg-none fl-node-5fca1d041b0d0\" data-node=\"5fca1d041b0d0\">\n\t<div class=\"fl-row-content-wrap\">\n\t\t\t\t\t\t<div class=\"fl-row-content fl-row-fixed-width fl-node-content\">\n\t\t\n<div class=\"fl-col-group fl-node-5fca1d041b3b3\" data-node=\"5fca1d041b3b3\">\n\t\t\t<div class=\"fl-col fl-node-5fca1d041b3eb fl-col-small\" data-node=\"5fca1d041b3eb\">\n\t<div class=\"fl-col-content fl-node-content\">\n\t<div class=\"fl-module fl-module-photo fl-node-5fca1d041b422\" data-node=\"5fca1d041b422\">\n\t<div class=\"fl-module-content fl-node-content\">\n\t\t<div class=\"fl-photo fl-photo-align-center\" itemscope itemtype=\"https:\/\/schema.org\/ImageObject\">\n\t<div class=\"fl-photo-content fl-photo-img-png\">\n\t\t\t\t<img decoding=\"async\" loading=\"lazy\" class=\"fl-photo-img wp-image-1407 size-full\" src=\"https:\/\/www.easylog.com\/wp-content\/uploads\/2020\/12\/Renew_ura_ita_2-1.png\" alt=\"Renew_ura_ita_2\" itemprop=\"image\" height=\"679\" width=\"1057\" title=\"Renew_ura_ita_2\" srcset=\"https:\/\/www.easylog.com\/wp-content\/uploads\/2020\/12\/Renew_ura_ita_2-1.png 1057w, https:\/\/www.easylog.com\/wp-content\/uploads\/2020\/12\/Renew_ura_ita_2-1-300x193.png 300w, https:\/\/www.easylog.com\/wp-content\/uploads\/2020\/12\/Renew_ura_ita_2-1-1024x658.png 1024w, https:\/\/www.easylog.com\/wp-content\/uploads\/2020\/12\/Renew_ura_ita_2-1-768x493.png 768w\" sizes=\"(max-width: 1057px) 100vw, 1057px\" \/>\n\t\t\t\t\t<\/div>\n\t<\/div>\n\t<\/div>\n<\/div>\n\t<\/div>\n<\/div>\n\t\t\t<div class=\"fl-col fl-node-5fca3fca8c298 fl-col-small\" data-node=\"5fca3fca8c298\">\n\t<div class=\"fl-col-content fl-node-content\">\n\t<div class=\"fl-module fl-module-rich-text fl-node-5fca1d041b490\" data-node=\"5fca1d041b490\">\n\t<div class=\"fl-module-content fl-node-content\">\n\t\t<div class=\"fl-rich-text\">\n\t<p>Se hai digitato correttamente le tue credenziali, il sito ti mostrer\u00e0 la tua \u00a0attuale situazione del supporto indicando se \u00e8 scaduto o ancora attivo.<\/p>\n<p>E' possibile rinnovare sia se il supporto \u00e8 gi\u00e0 scaduto sia se il suporto \u00e8 ancora attivo (*)<\/p>\n<p>Cliccare <span style=\"text-decoration: underline; color: #0000ff;\">Acquista Ora!<\/span> per proseguire con il pagamento<\/p>\n<hr \/>\n<p><span>(*<u>) Se il supporto \u00e8 ancora attivo e si decide comunque di rinnovare prima della scadenza si ricever\u00e0 un mese aggiuntivo gratuito di validit\u00e0 (13 mesi anzich\u00e8 12 mesi) che verranno calcolati e aggiunti in coda alla scadenza naturale del supporto (non si perder\u00e0 quindi alcun mese, anzi se ne ricever\u00e0 uno in omaggio)<\/u><\/span><\/p>\n<\/div>\n\t<\/div>\n<\/div>\n\t<\/div>\n<\/div>\n\t<\/div>\n\t\t<\/div>\n\t<\/div>\n<\/div>\n<div class=\"fl-row fl-row-fixed-width fl-row-bg-none fl-node-5fca1e3cd1ff9 fl-row-custom-height fl-row-align-center\" data-node=\"5fca1e3cd1ff9\">\n\t<div class=\"fl-row-content-wrap\">\n\t\t\t\t\t\t<div class=\"fl-row-content fl-row-fixed-width fl-node-content\">\n\t\t\n<div class=\"fl-col-group fl-node-5fca1e3cd2168\" data-node=\"5fca1e3cd2168\">\n\t\t\t<div class=\"fl-col fl-node-5fca1e3cd21a0\" data-node=\"5fca1e3cd21a0\">\n\t<div class=\"fl-col-content fl-node-content\">\n\t<div class=\"fl-module fl-module-separator fl-node-5fca3cbb6fc76\" data-node=\"5fca3cbb6fc76\">\n\t<div class=\"fl-module-content fl-node-content\">\n\t\t<div class=\"fl-separator\"><\/div>\n\t<\/div>\n<\/div>\n\t<\/div>\n<\/div>\n\t<\/div>\n\t\t<\/div>\n\t<\/div>\n<\/div>\n<div class=\"fl-row fl-row-fixed-width fl-row-bg-none fl-node-5fca1e49747fb\" data-node=\"5fca1e49747fb\">\n\t<div class=\"fl-row-content-wrap\">\n\t\t\t\t\t\t<div class=\"fl-row-content fl-row-fixed-width fl-node-content\">\n\t\t\n<div class=\"fl-col-group fl-node-5fca1e4974ac3\" data-node=\"5fca1e4974ac3\">\n\t\t\t<div class=\"fl-col fl-node-5fca1e4974b09 fl-col-small\" data-node=\"5fca1e4974b09\">\n\t<div class=\"fl-col-content fl-node-content\">\n\t<div class=\"fl-module fl-module-photo fl-node-5fca1e4974b40\" data-node=\"5fca1e4974b40\">\n\t<div class=\"fl-module-content fl-node-content\">\n\t\t<div class=\"fl-photo fl-photo-align-center\" itemscope itemtype=\"https:\/\/schema.org\/ImageObject\">\n\t<div class=\"fl-photo-content fl-photo-img-png\">\n\t\t\t\t<img decoding=\"async\" loading=\"lazy\" class=\"fl-photo-img wp-image-1356 size-full\" src=\"https:\/\/www.easylog.com\/wp-content\/uploads\/2020\/12\/Renew_ura_ita_3.png\" alt=\"Renew_ura_ita_3\" itemprop=\"image\" height=\"660\" width=\"475\" title=\"Renew_ura_ita_3\" srcset=\"https:\/\/www.easylog.com\/wp-content\/uploads\/2020\/12\/Renew_ura_ita_3.png 475w, https:\/\/www.easylog.com\/wp-content\/uploads\/2020\/12\/Renew_ura_ita_3-216x300.png 216w\" sizes=\"(max-width: 475px) 100vw, 475px\" \/>\n\t\t\t\t\t<\/div>\n\t<\/div>\n\t<\/div>\n<\/div>\n\t<\/div>\n<\/div>\n\t\t\t<div class=\"fl-col fl-node-5fca1e4974b76\" data-node=\"5fca1e4974b76\">\n\t<div class=\"fl-col-content fl-node-content\">\n\t<div class=\"fl-module fl-module-rich-text fl-node-5fca1e4974bbe\" data-node=\"5fca1e4974bbe\">\n\t<div class=\"fl-module-content fl-node-content\">\n\t\t<div class=\"fl-rich-text\">\n\t<ul>\n<li>Anzich\u00e8 inserire le credenziali del conto PayPal (che non possedete) cliccare sul tasto: <span style=\"text-decoration: underline; color: #000000;\">Paga con una carta<\/span><\/li>\n<\/ul>\n<\/div>\n\t<\/div>\n<\/div>\n\t<\/div>\n<\/div>\n\t<\/div>\n\t\t<\/div>\n\t<\/div>\n<\/div>\n<div class=\"fl-row fl-row-fixed-width fl-row-bg-none fl-node-5fca3d8e92311 fl-row-custom-height fl-row-align-center\" data-node=\"5fca3d8e92311\">\n\t<div class=\"fl-row-content-wrap\">\n\t\t\t\t\t\t<div class=\"fl-row-content fl-row-fixed-width fl-node-content\">\n\t\t\n<div class=\"fl-col-group fl-node-5fca3d8e92510\" data-node=\"5fca3d8e92510\">\n\t\t\t<div class=\"fl-col fl-node-5fca3d8e92548\" data-node=\"5fca3d8e92548\">\n\t<div class=\"fl-col-content fl-node-content\">\n\t<div class=\"fl-module fl-module-separator fl-node-5fca3d8e9257f\" data-node=\"5fca3d8e9257f\">\n\t<div class=\"fl-module-content fl-node-content\">\n\t\t<div class=\"fl-separator\"><\/div>\n\t<\/div>\n<\/div>\n\t<\/div>\n<\/div>\n\t<\/div>\n\t\t<\/div>\n\t<\/div>\n<\/div>\n<div class=\"fl-row fl-row-fixed-width fl-row-bg-none fl-node-5fca3d83d813b\" data-node=\"5fca3d83d813b\">\n\t<div class=\"fl-row-content-wrap\">\n\t\t\t\t\t\t<div class=\"fl-row-content fl-row-fixed-width fl-node-content\">\n\t\t\n<div class=\"fl-col-group fl-node-5fca3d83d845b\" data-node=\"5fca3d83d845b\">\n\t\t\t<div class=\"fl-col fl-node-5fca3d83d8493 fl-col-small\" data-node=\"5fca3d83d8493\">\n\t<div class=\"fl-col-content fl-node-content\">\n\t<div class=\"fl-module fl-module-photo fl-node-5fca3d83d84ca\" data-node=\"5fca3d83d84ca\">\n\t<div class=\"fl-module-content fl-node-content\">\n\t\t<div class=\"fl-photo fl-photo-align-center\" itemscope itemtype=\"https:\/\/schema.org\/ImageObject\">\n\t<div class=\"fl-photo-content fl-photo-img-png\">\n\t\t\t\t<img decoding=\"async\" loading=\"lazy\" class=\"fl-photo-img wp-image-1412 size-full\" src=\"https:\/\/www.easylog.com\/wp-content\/uploads\/2020\/12\/Renew_ura_ita_4-1.png\" alt=\"Renew_ura_ita_4\" itemprop=\"image\" height=\"1658\" width=\"818\" title=\"Renew_ura_ita_4\" srcset=\"https:\/\/www.easylog.com\/wp-content\/uploads\/2020\/12\/Renew_ura_ita_4-1.png 818w, https:\/\/www.easylog.com\/wp-content\/uploads\/2020\/12\/Renew_ura_ita_4-1-148x300.png 148w, https:\/\/www.easylog.com\/wp-content\/uploads\/2020\/12\/Renew_ura_ita_4-1-505x1024.png 505w, https:\/\/www.easylog.com\/wp-content\/uploads\/2020\/12\/Renew_ura_ita_4-1-768x1557.png 768w, https:\/\/www.easylog.com\/wp-content\/uploads\/2020\/12\/Renew_ura_ita_4-1-758x1536.png 758w\" sizes=\"(max-width: 818px) 100vw, 818px\" \/>\n\t\t\t\t\t<\/div>\n\t<\/div>\n\t<\/div>\n<\/div>\n\t<\/div>\n<\/div>\n\t\t\t<div class=\"fl-col fl-node-5fca3d83d8501\" data-node=\"5fca3d83d8501\">\n\t<div class=\"fl-col-content fl-node-content\">\n\t<div class=\"fl-module fl-module-rich-text fl-node-5fca3d83d8538\" data-node=\"5fca3d83d8538\">\n\t<div class=\"fl-module-content fl-node-content\">\n\t\t<div class=\"fl-rich-text\">\n\t<ul>\n<li>Inserire i dati della propria carta<\/li>\n<li>Compilare le parti di competenza<\/li>\n<li>Infine cliccare il tasto <span style=\"color: #3366ff;\">Paga Adesso<\/span> e seguire le informazioni a video<\/li>\n<\/ul>\n<\/div>\n\t<\/div>\n<\/div>\n\t<\/div>\n<\/div>\n\t<\/div>\n\t\t<\/div>\n\t<\/div>\n<\/div>\n<div class=\"fl-row fl-row-fixed-width fl-row-bg-none fl-node-5fca5e2685f2d fl-row-custom-height fl-row-align-center\" data-node=\"5fca5e2685f2d\">\n\t<div class=\"fl-row-content-wrap\">\n\t\t\t\t\t\t<div class=\"fl-row-content fl-row-fixed-width fl-node-content\">\n\t\t\n<div class=\"fl-col-group fl-node-5fca5e26861a0\" data-node=\"5fca5e26861a0\">\n\t\t\t<div class=\"fl-col fl-node-5fca5e26861d8\" data-node=\"5fca5e26861d8\">\n\t<div class=\"fl-col-content fl-node-content\">\n\t<div class=\"fl-module fl-module-separator fl-node-5fca5e268620f\" data-node=\"5fca5e268620f\">\n\t<div class=\"fl-module-content fl-node-content\">\n\t\t<div class=\"fl-separator\"><\/div>\n\t<\/div>\n<\/div>\n\t<\/div>\n<\/div>\n\t<\/div>\n\t\t<\/div>\n\t<\/div>\n<\/div>\n<div class=\"fl-row fl-row-fixed-width fl-row-bg-none fl-node-5fca5deba2efc fl-row-custom-height fl-row-align-center\" data-node=\"5fca5deba2efc\">\n\t<div class=\"fl-row-content-wrap\">\n\t\t\t\t\t\t<div class=\"fl-row-content fl-row-fixed-width fl-node-content\">\n\t\t\n<div class=\"fl-col-group fl-node-5fca5deba31a0\" data-node=\"5fca5deba31a0\">\n\t\t\t<div class=\"fl-col fl-node-5fca5deba31d8\" data-node=\"5fca5deba31d8\">\n\t<div class=\"fl-col-content fl-node-content\">\n\t<div class=\"fl-module fl-module-button fl-node-5fca5deba320f\" data-node=\"5fca5deba320f\">\n\t<div class=\"fl-module-content fl-node-content\">\n\t\t<div class=\"fl-button-wrap fl-button-width-auto fl-button-left fl-button-has-icon\">\n\t\t\t<a href=\"http:\/\/www.easylog.com\/easylog\/it\/domande-frequenti-faq\/\" target=\"_self\" class=\"fl-button\" role=\"button\">\n\t\t\t\t\t<i class=\"fl-button-icon fl-button-icon-before fas fa-angle-left\" aria-hidden=\"true\"><\/i>\n\t\t\t\t\t\t<span class=\"fl-button-text\">Torna all'elenco FAQ<\/span>\n\t\t\t\t\t<\/a>\n<\/div>\n\t<\/div>\n<\/div>\n\t<\/div>\n<\/div>\n\t<\/div>\n\t\t<\/div>\n\t<\/div>\n<\/div>\n<\/div>","protected":false},"excerpt":{"rendered":"<p>Torna all&#8217;elenco FAQ Come rinnovare il supporto pagando con carta di credito se non si possiede un conto PayPal Cliccare sul menu in alto sulla voce\u00a0Rinnovo Si aprir\u00e0 la pagina di rinnovo, cliccare infine il tasto\u00a0Rinnova Ora! Per prima cosa inserire le proprie credenziali dell&#8217;Area Riservata e cliccare sul tasto Ok Credenziali dimenticate ? Tutti&hellip;<\/p>\n","protected":false},"author":1,"featured_media":0,"parent":0,"menu_order":0,"comment_status":"closed","ping_status":"closed","template":"","meta":{"om_disable_all_campaigns":false,"_monsterinsights_skip_tracking":false,"_monsterinsights_sitenote_active":false,"_monsterinsights_sitenote_note":"","_monsterinsights_sitenote_category":0},"aioseo_notices":[],"_links":{"self":[{"href":"https:\/\/www.easylog.com\/it\/wp-json\/wp\/v2\/pages\/2492"}],"collection":[{"href":"https:\/\/www.easylog.com\/it\/wp-json\/wp\/v2\/pages"}],"about":[{"href":"https:\/\/www.easylog.com\/it\/wp-json\/wp\/v2\/types\/page"}],"author":[{"embeddable":true,"href":"https:\/\/www.easylog.com\/it\/wp-json\/wp\/v2\/users\/1"}],"replies":[{"embeddable":true,"href":"https:\/\/www.easylog.com\/it\/wp-json\/wp\/v2\/comments?post=2492"}],"version-history":[{"count":10,"href":"https:\/\/www.easylog.com\/it\/wp-json\/wp\/v2\/pages\/2492\/revisions"}],"predecessor-version":[{"id":2532,"href":"https:\/\/www.easylog.com\/it\/wp-json\/wp\/v2\/pages\/2492\/revisions\/2532"}],"wp:attachment":[{"href":"https:\/\/www.easylog.com\/it\/wp-json\/wp\/v2\/media?parent=2492"}],"curies":[{"name":"wp","href":"https:\/\/api.w.org\/{rel}","templated":true}]}}