{"id":3395,"date":"2024-04-17T01:38:48","date_gmt":"2024-04-17T00:38:48","guid":{"rendered":"https:\/\/www.easylog.com\/download-trial-new\/"},"modified":"2026-01-07T22:32:45","modified_gmt":"2026-01-07T21:32:45","slug":"download-trial-it","status":"publish","type":"page","link":"https:\/\/www.easylog.com\/it\/download-trial-it\/","title":{"rendered":"Download Trial"},"content":{"rendered":"<div class=\"fl-builder-content fl-builder-content-3395 fl-builder-global-templates-locked\" data-post-id=\"3395\"><div class=\"fl-row fl-row-fixed-width fl-row-bg-none fl-node-akxuomvq8sj5\" data-node=\"akxuomvq8sj5\">\n\t<div class=\"fl-row-content-wrap\">\n\t\t\t\t\t\t<div class=\"fl-row-content fl-row-fixed-width fl-node-content\">\n\t\t\n<div class=\"fl-col-group fl-node-18td7ocm0hvy\" data-node=\"18td7ocm0hvy\">\n\t\t\t<div class=\"fl-col fl-node-7dmjfb1gvrqs fl-col-small fl-col-has-cols\" data-node=\"7dmjfb1gvrqs\">\n\t<div class=\"fl-col-content fl-node-content\">\n\t<div class=\"fl-module fl-module-heading fl-node-6ghfmbixsrqc\" data-node=\"6ghfmbixsrqc\">\n\t<div class=\"fl-module-content fl-node-content\">\n\t\t<h2 class=\"fl-heading\">\n\t\t<span class=\"fl-heading-text\">Prova i superiori vantaggi di EasyLog 2026 per 15 giorni, completamente gratis<\/span>\n\t<\/h2>\n\t<\/div>\n<\/div>\n<div class=\"fl-module fl-module-rich-text fl-node-ujnrlfbas048\" data-node=\"ujnrlfbas048\">\n\t<div class=\"fl-module-content fl-node-content\">\n\t\t<div class=\"fl-rich-text\">\n\t<p>Usa tutte le funzionalit\u00e0 Pro per 15 giorni proprio come un utente registrato senza spendere un centesimo!<\/p>\n<\/div>\n\t<\/div>\n<\/div>\n<div class=\"fl-module fl-module-button fl-node-re3lv1u85qzn\" data-node=\"re3lv1u85qzn\">\n\t<div class=\"fl-module-content fl-node-content\">\n\t\t<div class=\"fl-button-wrap fl-button-width-custom fl-button-left\">\n\t\t\t<a href=\"https:\/\/www.easylog.com\/trial\/EXE\/el5_trial.exe\" target=\"_self\" class=\"fl-button\" role=\"button\">\n\t\t\t\t\t\t\t<span class=\"fl-button-text\">Scarica la versione di prova<\/span>\n\t\t\t\t\t<\/a>\n<\/div>\n\t<\/div>\n<\/div>\n\n<div class=\"fl-col-group fl-node-4yavnpgl9ihm fl-col-group-nested fl-col-group-equal-height fl-col-group-align-top\" data-node=\"4yavnpgl9ihm\">\n\t\t\t<div class=\"fl-col fl-node-p19f8ysl6cgd fl-col-small\" data-node=\"p19f8ysl6cgd\">\n\t<div class=\"fl-col-content fl-node-content\">\n\t<div class=\"fl-module fl-module-icon fl-node-aitjp5e4qfk2\" data-node=\"aitjp5e4qfk2\">\n\t<div class=\"fl-module-content fl-node-content\">\n\t\t<div class=\"fl-icon-wrap\">\n\t<span class=\"fl-icon\">\n\t\t\t\t<i class=\"fas fa-check-circle\" aria-hidden=\"true\"><\/i>\n\t\t\t\t\t<\/span>\n\t<\/div>\n\t<\/div>\n<\/div>\n\t<\/div>\n<\/div>\n\t\t\t<div class=\"fl-col fl-node-hn2eial3mcb8\" data-node=\"hn2eial3mcb8\">\n\t<div class=\"fl-col-content fl-node-content\">\n\t<div class=\"fl-module fl-module-rich-text fl-node-q9f7eodp3u0k\" data-node=\"q9f7eodp3u0k\">\n\t<div class=\"fl-module-content fl-node-content\">\n\t\t<div class=\"fl-rich-text\">\n\t<p><b>Installa <\/b>EasyLog in meno di un minuto e <b>attivalo<\/b> in pochi secondi<\/p>\n<\/div>\n\t<\/div>\n<\/div>\n\t<\/div>\n<\/div>\n\t<\/div>\n\n<div class=\"fl-col-group fl-node-32sq5r8ekhpu fl-col-group-nested\" data-node=\"32sq5r8ekhpu\">\n\t\t\t<div class=\"fl-col fl-node-gci4ly9urkf5 fl-col-small\" data-node=\"gci4ly9urkf5\">\n\t<div class=\"fl-col-content fl-node-content\">\n\t<div class=\"fl-module fl-module-icon fl-node-lh5263njemig\" data-node=\"lh5263njemig\">\n\t<div class=\"fl-module-content fl-node-content\">\n\t\t<div class=\"fl-icon-wrap\">\n\t<span class=\"fl-icon\">\n\t\t\t\t<i class=\"fas fa-check-circle\" aria-hidden=\"true\"><\/i>\n\t\t\t\t\t<\/span>\n\t<\/div>\n\t<\/div>\n<\/div>\n\t<\/div>\n<\/div>\n\t\t\t<div class=\"fl-col fl-node-t632gjefvc5l\" data-node=\"t632gjefvc5l\">\n\t<div class=\"fl-col-content fl-node-content\">\n\t<div class=\"fl-module fl-module-rich-text fl-node-beqph3ys8n4o\" data-node=\"beqph3ys8n4o\">\n\t<div class=\"fl-module-content fl-node-content\">\n\t\t<div class=\"fl-rich-text\">\n\t<p><b>Scopri un mondo pieno di servizi <\/b>e zero problemi: aggiornamento <strong>gratuito<\/strong> dei diplomi, dei manager e del motore di riconoscimento dei paesi DXCC<\/p>\n<\/div>\n\t<\/div>\n<\/div>\n\t<\/div>\n<\/div>\n\t<\/div>\n\n<div class=\"fl-col-group fl-node-67rj8zsbpu1l fl-col-group-nested\" data-node=\"67rj8zsbpu1l\">\n\t\t\t<div class=\"fl-col fl-node-2uj3rok9g50n fl-col-small\" data-node=\"2uj3rok9g50n\">\n\t<div class=\"fl-col-content fl-node-content\">\n\t<div class=\"fl-module fl-module-icon fl-node-oc86gksn1rpz\" data-node=\"oc86gksn1rpz\">\n\t<div class=\"fl-module-content fl-node-content\">\n\t\t<div class=\"fl-icon-wrap\">\n\t<span class=\"fl-icon\">\n\t\t\t\t<i class=\"fas fa-check-circle\" aria-hidden=\"true\"><\/i>\n\t\t\t\t\t<\/span>\n\t<\/div>\n\t<\/div>\n<\/div>\n\t<\/div>\n<\/div>\n\t\t\t<div class=\"fl-col fl-node-yjt9iqufd8oc\" data-node=\"yjt9iqufd8oc\">\n\t<div class=\"fl-col-content fl-node-content\">\n\t<div class=\"fl-module fl-module-rich-text fl-node-2jy0brnwlk67\" data-node=\"2jy0brnwlk67\">\n\t<div class=\"fl-module-content fl-node-content\">\n\t\t<div class=\"fl-rich-text\">\n\t<p><b>Servizio clienti eccezionale: <\/b>gruppo Facebook esclusivo e dedicato, supporto e-mail prioritario, sessioni TeamViewer<\/p>\n<\/div>\n\t<\/div>\n<\/div>\n\t<\/div>\n<\/div>\n\t<\/div>\n\n<div class=\"fl-col-group fl-node-o8bq6k0tasyn fl-col-group-nested\" data-node=\"o8bq6k0tasyn\">\n\t\t\t<div class=\"fl-col fl-node-ao0x7pybnmcf fl-col-small\" data-node=\"ao0x7pybnmcf\">\n\t<div class=\"fl-col-content fl-node-content\">\n\t<div class=\"fl-module fl-module-icon fl-node-0mfpci6sa2rn\" data-node=\"0mfpci6sa2rn\">\n\t<div class=\"fl-module-content fl-node-content\">\n\t\t<div class=\"fl-icon-wrap\">\n\t<span class=\"fl-icon\">\n\t\t\t\t<i class=\"fas fa-check-circle\" aria-hidden=\"true\"><\/i>\n\t\t\t\t\t<\/span>\n\t<\/div>\n\t<\/div>\n<\/div>\n\t<\/div>\n<\/div>\n\t\t\t<div class=\"fl-col fl-node-xhzmwu1b245t\" data-node=\"xhzmwu1b245t\">\n\t<div class=\"fl-col-content fl-node-content\">\n\t<div class=\"fl-module fl-module-rich-text fl-node-b4cqskg2a1wn\" data-node=\"b4cqskg2a1wn\">\n\t<div class=\"fl-module-content fl-node-content\">\n\t\t<div class=\"fl-rich-text\">\n\t<p>La versione di prova<strong> riflette sempre<\/strong> l'ultima versione disponibile di EasyLog<\/p>\n<\/div>\n\t<\/div>\n<\/div>\n\t<\/div>\n<\/div>\n\t<\/div>\n\t<\/div>\n<\/div>\n\t\t\t<div class=\"fl-col fl-node-79b0cev4dyxj\" data-node=\"79b0cev4dyxj\">\n\t<div class=\"fl-col-content fl-node-content\">\n\t<div class=\"fl-module fl-module-heading fl-node-w94ygzjovetu\" data-node=\"w94ygzjovetu\">\n\t<div class=\"fl-module-content fl-node-content\">\n\t\t<h2 class=\"fl-heading\">\n\t\t<span class=\"fl-heading-text\">Non sei al computer? Inviati il link di download alla tua email per scaricarlo pi\u00f9 tardi<\/span>\n\t<\/h2>\n\t<\/div>\n<\/div>\n<div class=\"fl-module fl-module-html fl-node-y84ardt1g9p0\" data-node=\"y84ardt1g9p0\">\n\t<div class=\"fl-module-content fl-node-content\">\n\t\t<div class=\"fl-html\">\n\t<html>\n     \n<head>\n<style>\ninput[type=button], input[type=submit]\n{\n  background-color: #04AA6D; \/* Green *\/\n  border: 2px solid #04AA6D; \/* Green *\/\n  color: white;\n  padding: 10px 32px;\n  text-align: center;\n  text-decoration: none;\n  display: inline-block;\n  font-size: 16px;\n  margin: 4px 2px;\n  cursor: pointer;\n  border-radius: 6px;\n}\n\n.button \n{\n  transition-duration: 0.4s;\n}\n\ninput[type=submit]:hover \n{\n  background-color: #4C8C67; \/* Darker Green *\/\n  color: white;\n  border: 2px solid #4C8C67; \/* Darker Green *\/\n}\n<\/style>\n\n\n<script type=\"text\/javascript\">\n\n\n\/\/ Detect HTML v5 compatibility\nvar isHtml5Compatible = document.createElement('canvas').getContext != undefined;\n\n\/\/ Trim function\nfunction LTrim(value) {var re = \/s*((S+s*)*)\/; return value.replace(re, \"$1\");}\nfunction RTrim(value) {var re = \/((s*S+)*)s*\/; return value.replace(re, \"$1\");}\nfunction Trim(value) {return LTrim(RTrim(value));}\n\n\n\/\/ Form Validation\nfunction validateForm() \n{\n  var femail;      \n\n  \/\/ Retrieve email from form depending on the browser\n  if (isHtml5Compatible) \n  {  \n    femail = document.forms[\"EmailForm\"][\"femail\"].value;\n  } \n  \/\/ old browsers not HTML5 compatible\n  if (!isHtml5Compatible)\n  {\n   femail=window.document.EmailForm.femail.value;\n  }\n  \n  \/\/ Empty email\n  if (Trim(femail)==\"\") \n  { \n    alert(\"per favore digita una email valida\");\n    return false; \n  }\n  \/\/ invalid email\n  if (!checkEmailAddress(femail))\n  {\n    alert(\"email non valida\");\n    return false;\n  }\n}\n\n<\/script>\n\n<script src=\"https:\/\/www.google.com\/recaptcha\/api.js\" async defer><\/script>\n\n<\/head>  \n\n\n<body>\n\n<form name=\"EmailForm\" action=\"\/templates\/scripts\/sendmail-trial-instructions-ita.php\" onsubmit=\"return validateForm()\" method=\"post\">\n  <input name=\"femail\" type=\"text\" id=\"femail\" size=\"60\" maxlength=\"60\" placeholder=\"Digita una email valida\" \/><br>\n\n<div class=\"g-recaptcha\" data-sitekey=\"6Ld_ZcspAAAAALq9BrlkEKiIKWEIF5njGpTp6Z81\"><\/div>  \n\n<br>  \n  <input type=\"submit\" value=\"Invia email\">\n\n<\/form> \n\n <\/body>\n \n<\/html><\/div>\n\t<\/div>\n<\/div>\n<div class=\"fl-module fl-module-separator fl-node-a3ph8zie5fov\" data-node=\"a3ph8zie5fov\">\n\t<div class=\"fl-module-content fl-node-content\">\n\t\t<div class=\"fl-separator\"><\/div>\n\t<\/div>\n<\/div>\n\t<\/div>\n<\/div>\n\t<\/div>\n\t\t<\/div>\n\t<\/div>\n<\/div>\n<div class=\"fl-row fl-row-fixed-width fl-row-bg-none fl-node-rmukzd182v5h\" data-node=\"rmukzd182v5h\">\n\t<div class=\"fl-row-content-wrap\">\n\t\t\t\t\t\t<div class=\"fl-row-content fl-row-fixed-width fl-node-content\">\n\t\t\n<div class=\"fl-col-group fl-node-6qipkodwfn2c\" data-node=\"6qipkodwfn2c\">\n\t\t\t<div class=\"fl-col fl-node-e0bi3sx8gnf7\" data-node=\"e0bi3sx8gnf7\">\n\t<div class=\"fl-col-content fl-node-content\">\n\t<div class=\"fl-module fl-module-separator fl-node-g6hprs35w4fl\" data-node=\"g6hprs35w4fl\">\n\t<div class=\"fl-module-content fl-node-content\">\n\t\t<div class=\"fl-separator\"><\/div>\n\t<\/div>\n<\/div>\n\t<\/div>\n<\/div>\n\t<\/div>\n\n<div class=\"fl-col-group fl-node-5v7z4hpxeusy\" data-node=\"5v7z4hpxeusy\">\n\t\t\t<div class=\"fl-col fl-node-v6k82rhiopsf\" data-node=\"v6k82rhiopsf\">\n\t<div class=\"fl-col-content fl-node-content\">\n\t<div class=\"fl-module fl-module-testimonials fl-node-edag8m7o6t41\" data-node=\"edag8m7o6t41\">\n\t<div class=\"fl-module-content fl-node-content\">\n\t\t<div class=\"fl-testimonials-wrap compact\">\n\n\t\t\t<h3 class=\"fl-testimonials-heading\">Testimonianze<\/h3>\n\t\n\t<div class=\"fl-testimonials\">\n\t\t\t\t<div class=\"fl-testimonial\">\n\t\t\t<blockquote><p>Molto facile da usare rispetto agli altri, stampa facilmente etichette e su QSL (facile settarlo) tuttavia supporto sempre pronto e attento in caso di imprevisti.<\/p><p><span style=\"color: #339966;\"><strong>IT9IRL, Ignazio<\/strong><\/span><\/p><\/blockquote>\t\t<\/div>\n\t\t\t\t<div class=\"fl-testimonial\">\n\t\t\t<blockquote><p>Uso EasyLog dai primordi, possiamo dire dal Jurassico, mi \u00e8 stato presentato da un altro amico che lo aveva appena acquistato nel 1989 e l\u2019ho trovato subito molto bello, ben strutturato e facile da usare, chiaramente eravamo all\u2019inizio e non c\u2019erano tante funzioni come oggi ma prometteva bene. I fratelli Pirrone ricordo erano sobbarcati dalle telefonate per aiuto o spiegazioni e devo dire sinceramente che sono sempre stati molto gentili, competenti e pazienti con tutti, devo veramente darne atto.<br \/>Da allora continuo a usare EasyLog, non nella sua completezza, per es. non uso il puntamento di antenne e altre piccolezze, sono rimasto molto soddisfatto per il passaggio automatico sul log dei QSO in FT8 e altri modi digitale del WSJT ma mi hanno entusiasmato le ultime due funzioni create dai Pirrone, la prima \u00e8 la spedizione immediata delle QSL di cortesia e in ultimo il salvataggio sul cloud che permette di aggiornare comodamente i log su altri computer.<br \/>Un vero plauso ai fratelli Pirrone e spero che continuino a sostenere questo bellissimo programma.<\/p><p>73 a tutti de <span style=\"color: #339966;\"><strong>I1YHU Gianni<\/strong><\/span><\/p><\/blockquote>\t\t<\/div>\n\t\t\t\t<div class=\"fl-testimonial\">\n\t\t\t<blockquote><p>Complessivamente \u00e8 un ottimo prodotto ,facile nell'uso e in quel minimo di parametrizzazione necessario nella sua personalizzazione . Da m\u00e8 molto apprezzato inoltre \u00e8 lo sforzo di Franco nel tenerlo aggiornato nel tempo su quelle nuove tecnologie che oggi sono di fatto utilizzate quotidianamente .Spero che in futuro si possa aggiungere la gestione delle eQSL <span style=\"color: #ff0000;\"><strong>(Ti abbiamo ascoltato e lo abbiamo fatto! EasyLog Team)<\/strong><\/span> per quanto riguarda le conferme ottenute da tale sistema, in modo da poter gestire attraverso tali conferme Diplomi quali quello delle CONTEE AMERICANE che risulta essere di non facile acquisizione, visto che le conferme in LOTW al momento non sono prese in considerazione. Colgo l'occasione per ringraziare Franco che in tutti questi anni ci segue e si sforza a tenere questo programma a passo con i tempi e per il suo impegno quotidiano nel risolverci quei piccoli problemi che possono nascere visto la complessit\u00e0 e la mole dei dati che sono di fatto in gioco. GRAZIE !!!!<\/p><p style=\"text-align: center;\"><span style=\"color: #339966;\"><strong>I8OCA, Antonio<\/strong><\/span><\/p><\/blockquote>\t\t<\/div>\n\t\t\t<\/div>\n\t\t<div class=\"fl-slider-prev\" role=\"button\" aria-pressed=\"false\" aria-label=\"Precedente\"><\/div>\n\t<div class=\"fl-slider-next\" role=\"button\" aria-pressed=\"false\" aria-label=\"Successivo\"><\/div>\n\t<\/div>\n\t<\/div>\n<\/div>\n\t<\/div>\n<\/div>\n\t<\/div>\n\t\t<\/div>\n\t<\/div>\n<\/div>\n<div class=\"fl-row fl-row-fixed-width fl-row-bg-none fl-node-ercoqj3bxpva\" data-node=\"ercoqj3bxpva\">\n\t<div class=\"fl-row-content-wrap\">\n\t\t\t\t\t\t<div class=\"fl-row-content fl-row-fixed-width fl-node-content\">\n\t\t\n<div class=\"fl-col-group fl-node-6tl1jd8902wo\" data-node=\"6tl1jd8902wo\">\n\t\t\t<div class=\"fl-col fl-node-8g0l5utkoxmv\" data-node=\"8g0l5utkoxmv\">\n\t<div class=\"fl-col-content fl-node-content\">\n\t<div class=\"fl-module fl-module-html fl-node-bdjhl8i0ynev\" data-node=\"bdjhl8i0ynev\">\n\t<div class=\"fl-module-content fl-node-content\">\n\t\t<div class=\"fl-html\">\n\t<script>\n(function(){\n  var LANG = 'ITA'; \/\/ ENG \/ FRA \/ SPA\n\n  \/\/ \u2705 Link reale del download\n  var DOWNLOAD_LINK_SELECTOR =\n    'a[href=\"\/trial\/EXE\/el5_trial.exe\"],a[href*=\":\/\/www.easylog.com\/trial\/EXE\/el5_trial.exe\"],a[href*=\":\/\/easylog.com\/trial\/EXE\/el5_trial.exe\"]';\n\n  function onReady(fn){\n    if (document.readyState==='complete'||document.readyState==='interactive'){ setTimeout(fn,0); }\n    else { document.addEventListener('DOMContentLoaded', fn, {once:true}); }\n  }\n  function whenFbqReady(cb){\n    var i=0,t=setInterval(function(){ i++; if(window.fbq&&fbq.callMethod){clearInterval(t);cb();} if(i>200){clearInterval(t);} },50);\n  }\n\n  \/\/ 1) VIEWCONTENT (apertura landing)\n  onReady(function(){\n    whenFbqReady(function(){\n      fbq('track','ViewContent',{\n        content_name:'EasyLog - Trial Landing ('+LANG+')',\n        content_category:'Software',\n        content_ids:['EL-TRIAL-LANDING-'+LANG],\n        content_type:'product',\n        language: LANG\n      });\n    });\n  });\n\n  \/\/ 2) TRIALDOWNLOAD (custom) al click sul link \/trial\/EXE\/el5_trial.exe\n  function onDownloadClick(e){\n    var a = e.target && e.target.closest ? e.target.closest(DOWNLOAD_LINK_SELECTOR) : null;\n    if (!a) return;\n    whenFbqReady(function(){\n      if (window.__EL_TRIAL_DL_FIRED) return;\n      window.__EL_TRIAL_DL_FIRED = true;\n      fbq('trackCustom','TrialDownload',{\n        content_name:'EasyLog Trial ('+LANG+')',\n        content_ids:['EL-TRIAL-DOWNLOAD-'+LANG],\n        content_type:'product',\n        language: LANG\n      });\n    });\n  }\n  document.addEventListener('click', onDownloadClick, {passive:true});\n  document.addEventListener('mousedown', onDownloadClick, {passive:true});\n  document.addEventListener('touchstart', onDownloadClick, {passive:true});\n\n  \/\/ 3) LEAD (submit del form name=\"EmailForm\")\n  function fireLead(){\n    whenFbqReady(function(){\n      if (window.__EL_TRIAL_LEAD_FIRED) return;\n      window.__EL_TRIAL_LEAD_FIRED = true;\n      fbq('track','Lead',{\n        content_name:'EasyLog Trial Email ('+LANG+')',\n        content_ids:['EL-TRIAL-EMAIL-'+LANG],\n        content_type:'product',\n        language: LANG\n      });\n    });\n  }\n  document.addEventListener('submit', function(e){\n    var f = e.target;\n    if (!f || f.tagName!=='FORM' || f.name!=='EmailForm') return;\n    if (e.defaultPrevented===true) return; \/\/ validazione ha bloccato\n    fireLead();\n  }, true);\n})();\n<\/script><\/div>\n\t<\/div>\n<\/div>\n\t<\/div>\n<\/div>\n\t<\/div>\n\t\t<\/div>\n\t<\/div>\n<\/div>\n<\/div>","protected":false},"excerpt":{"rendered":"<p>Prova i superiori vantaggi di EasyLog 2026 per 15 giorni, completamente gratis Usa tutte le funzionalit\u00e0 Pro per 15 giorni proprio come un utente registrato senza spendere un centesimo! Scarica la versione di prova Installa EasyLog in meno di un minuto e attivalo in pochi secondi Scopri un mondo pieno di servizi e zero problemi:&hellip;<\/p>\n","protected":false},"author":1,"featured_media":0,"parent":0,"menu_order":0,"comment_status":"closed","ping_status":"closed","template":"","meta":{"om_disable_all_campaigns":false,"_monsterinsights_skip_tracking":false,"_monsterinsights_sitenote_active":false,"_monsterinsights_sitenote_note":"","_monsterinsights_sitenote_category":0},"aioseo_notices":[],"_links":{"self":[{"href":"https:\/\/www.easylog.com\/it\/wp-json\/wp\/v2\/pages\/3395"}],"collection":[{"href":"https:\/\/www.easylog.com\/it\/wp-json\/wp\/v2\/pages"}],"about":[{"href":"https:\/\/www.easylog.com\/it\/wp-json\/wp\/v2\/types\/page"}],"author":[{"embeddable":true,"href":"https:\/\/www.easylog.com\/it\/wp-json\/wp\/v2\/users\/1"}],"replies":[{"embeddable":true,"href":"https:\/\/www.easylog.com\/it\/wp-json\/wp\/v2\/comments?post=3395"}],"version-history":[{"count":39,"href":"https:\/\/www.easylog.com\/it\/wp-json\/wp\/v2\/pages\/3395\/revisions"}],"predecessor-version":[{"id":11422,"href":"https:\/\/www.easylog.com\/it\/wp-json\/wp\/v2\/pages\/3395\/revisions\/11422"}],"wp:attachment":[{"href":"https:\/\/www.easylog.com\/it\/wp-json\/wp\/v2\/media?parent=3395"}],"curies":[{"name":"wp","href":"https:\/\/api.w.org\/{rel}","templated":true}]}}